{"id":15428,"date":"2023-12-02T21:05:33","date_gmt":"2023-12-02T21:05:33","guid":{"rendered":"https:\/\/www.silknuit.com\/?post_type=product&#038;p=15428"},"modified":"2025-12-03T15:31:26","modified_gmt":"2025-12-03T15:31:26","slug":"lumanare-mare-vanilie-si-portocala","status":"publish","type":"product","link":"https:\/\/www.silknuit.com\/en\/product\/lumanare-mare-vanilie-si-portocala\/","title":{"rendered":"Lumanare mare  de Soia din beton cu fitiluri de lemn \u2013Vanilie si Portocala"},"content":{"rendered":"<p><strong>AROMA &#8211; Vanilie si Portocala<\/strong><\/p>\n<p>Betonul este lasat in culoarea sa natural\u0103, gri pentru a se potrivi cu orice decor. Ceara de soia este un material natural \u0219i ecologic, care arde curat \u0219i nu produce fum sau substan\u021be toxice. Aceasta este parfumat\u0103 cu uleiuri esen\u021biale sau parfumuri, pentru a crea o arom\u0103 pl\u0103cut\u0103 \u0219i relaxant\u0103 \u00een timpul arderei.<\/p>\n<p>Odat\u0103 aprins\u0103, lum\u00e2narea de soia din beton emite o lumin\u0103 cald\u0103 \u0219i bl\u00e2nd\u0103, care creeaz\u0103 o atmosfer\u0103 intim\u0103 \u0219i relaxant\u0103 \u00een orice \u00eenc\u0103pere. Durata de ardere este de 35 de ore.<\/p>\n<p>Aceste lum\u00e2n\u0103ri sunt ideale pentru a fi folosite \u00een decorul casei, \u00een spa\u021biile de relaxare sau chiar \u00een exterior, pe terase sau \u00een gr\u0103dini. Ele adaug\u0103 un element de elegan\u021b\u0103 \u0219i stil \u00een orice \u00eenc\u0103pere \u0219i pot \u00a0fi folosite din nou dup\u0103 arderea lum\u00e2n\u0103rii fie ca sfe\u0219nic, fie ca ghiveci.<\/p>","protected":false},"excerpt":{"rendered":"<p>O lum\u00e2nare de soia din beton este o crea\u021bie unic\u0103 \u0219i modern\u0103, care combin\u0103 frumuse\u021bea natural\u0103 a soiei cu robuste\u021bea \u0219i durabilitatea betonului. Aceast\u0103 lum\u00e2nare este realizat\u0103 dintr-un amestec special&hellip;<\/p>","protected":false},"featured_media":15431,"template":"","meta":[],"product_brand":[],"product_cat":[158,162],"product_tag":[],"class_list":{"0":"post-15428","1":"product","2":"type-product","3":"status-publish","4":"has-post-thumbnail","6":"product_cat-gifts","7":"product_cat-wellbeing","9":"first","10":"instock","11":"taxable","12":"shipping-taxable","13":"purchasable","14":"product-type-simple","15":"thumb-has-effect","16":"prod-rating-off"},"yoast_head":"<!-- This site is optimized with the Yoast SEO plugin v23.1 - https:\/\/yoast.com\/wordpress\/plugins\/seo\/ -->\n<title>Lumanare mare de Soia din beton cu fitiluri de lemn \u2013Vanilie si Portocala - Silk Nuit<\/title>\n<meta name=\"robots\" content=\"index, follow, max-snippet:-1, max-image-preview:large, max-video-preview:-1\" \/>\n<link rel=\"canonical\" href=\"https:\/\/www.silknuit.com\/en\/product\/lumanare-mare-vanilie-si-portocala\/\" \/>\n<meta property=\"og:locale\" content=\"en_US\" \/>\n<meta property=\"og:type\" content=\"article\" \/>\n<meta property=\"og:title\" content=\"Lumanare mare de Soia din beton cu fitiluri de lemn \u2013Vanilie si Portocala - Silk Nuit\" \/>\n<meta property=\"og:description\" content=\"O lum\u00e2nare de soia din beton este o crea\u021bie unic\u0103 \u0219i modern\u0103, care combin\u0103 frumuse\u021bea natural\u0103 a soiei cu robuste\u021bea \u0219i durabilitatea betonului. Aceast\u0103 lum\u00e2nare este realizat\u0103 dintr-un amestec special&hellip;\" \/>\n<meta property=\"og:url\" content=\"https:\/\/www.silknuit.com\/en\/product\/lumanare-mare-vanilie-si-portocala\/\" \/>\n<meta property=\"og:site_name\" content=\"Silk Nuit\" \/>\n<meta property=\"article:modified_time\" content=\"2025-12-03T15:31:26+00:00\" \/>\n<meta property=\"og:image\" content=\"https:\/\/www.silknuit.com\/wp-content\/uploads\/2023\/12\/anilie-si-Portocala-2.jpg\" \/>\n\t<meta property=\"og:image:width\" content=\"1500\" \/>\n\t<meta property=\"og:image:height\" content=\"1875\" \/>\n\t<meta property=\"og:image:type\" content=\"image\/jpeg\" \/>\n<meta name=\"twitter:card\" content=\"summary_large_image\" \/>\n<meta name=\"twitter:label1\" content=\"Est. reading time\" \/>\n\t<meta name=\"twitter:data1\" content=\"1 minute\" \/>\n<script type=\"application\/ld+json\" class=\"yoast-schema-graph\">{\"@context\":\"https:\/\/schema.org\",\"@graph\":[{\"@type\":\"WebPage\",\"@id\":\"https:\/\/www.silknuit.com\/produs\/lumanare-mare-vanilie-si-portocala\/\",\"url\":\"https:\/\/www.silknuit.com\/produs\/lumanare-mare-vanilie-si-portocala\/\",\"name\":\"Lumanare mare de Soia din beton cu fitiluri de lemn \u2013Vanilie si Portocala - Silk Nuit\",\"isPartOf\":{\"@id\":\"https:\/\/www.silknuit.com\/#website\"},\"primaryImageOfPage\":{\"@id\":\"https:\/\/www.silknuit.com\/produs\/lumanare-mare-vanilie-si-portocala\/#primaryimage\"},\"image\":{\"@id\":\"https:\/\/www.silknuit.com\/produs\/lumanare-mare-vanilie-si-portocala\/#primaryimage\"},\"thumbnailUrl\":\"https:\/\/www.silknuit.com\/wp-content\/uploads\/2023\/12\/anilie-si-Portocala-2.jpg\",\"datePublished\":\"2023-12-02T21:05:33+00:00\",\"dateModified\":\"2025-12-03T15:31:26+00:00\",\"breadcrumb\":{\"@id\":\"https:\/\/www.silknuit.com\/produs\/lumanare-mare-vanilie-si-portocala\/#breadcrumb\"},\"inLanguage\":\"en-US\",\"potentialAction\":[{\"@type\":\"ReadAction\",\"target\":[\"https:\/\/www.silknuit.com\/produs\/lumanare-mare-vanilie-si-portocala\/\"]}]},{\"@type\":\"ImageObject\",\"inLanguage\":\"en-US\",\"@id\":\"https:\/\/www.silknuit.com\/produs\/lumanare-mare-vanilie-si-portocala\/#primaryimage\",\"url\":\"https:\/\/www.silknuit.com\/wp-content\/uploads\/2023\/12\/anilie-si-Portocala-2.jpg\",\"contentUrl\":\"https:\/\/www.silknuit.com\/wp-content\/uploads\/2023\/12\/anilie-si-Portocala-2.jpg\",\"width\":1500,\"height\":1875},{\"@type\":\"BreadcrumbList\",\"@id\":\"https:\/\/www.silknuit.com\/produs\/lumanare-mare-vanilie-si-portocala\/#breadcrumb\",\"itemListElement\":[{\"@type\":\"ListItem\",\"position\":1,\"name\":\"Prima pagin\u0103\",\"item\":\"https:\/\/www.silknuit.com\/\"},{\"@type\":\"ListItem\",\"position\":2,\"name\":\"Magazin\",\"item\":\"https:\/\/www.silknuit.com\/magazin\/\"},{\"@type\":\"ListItem\",\"position\":3,\"name\":\"Lumanare mare de Soia din beton cu fitiluri de lemn \u2013Vanilie si Portocala\"}]},{\"@type\":\"WebSite\",\"@id\":\"https:\/\/www.silknuit.com\/#website\",\"url\":\"https:\/\/www.silknuit.com\/\",\"name\":\"Silk Nuit\",\"description\":\"Silk Nuit\",\"publisher\":{\"@id\":\"https:\/\/www.silknuit.com\/#organization\"},\"potentialAction\":[{\"@type\":\"SearchAction\",\"target\":{\"@type\":\"EntryPoint\",\"urlTemplate\":\"https:\/\/www.silknuit.com\/?s={search_term_string}\"},\"query-input\":\"required name=search_term_string\"}],\"inLanguage\":\"en-US\"},{\"@type\":\"Organization\",\"@id\":\"https:\/\/www.silknuit.com\/#organization\",\"name\":\"Silk Nuit\",\"url\":\"https:\/\/www.silknuit.com\/\",\"logo\":{\"@type\":\"ImageObject\",\"inLanguage\":\"en-US\",\"@id\":\"https:\/\/www.silknuit.com\/#\/schema\/logo\/image\/\",\"url\":\"https:\/\/www.silknuit.com\/wp-content\/uploads\/2018\/12\/cropped-logo-silk-nuit.jpg\",\"contentUrl\":\"https:\/\/www.silknuit.com\/wp-content\/uploads\/2018\/12\/cropped-logo-silk-nuit.jpg\",\"width\":512,\"height\":512,\"caption\":\"Silk Nuit\"},\"image\":{\"@id\":\"https:\/\/www.silknuit.com\/#\/schema\/logo\/image\/\"},\"sameAs\":[\"https:\/\/www.instagram.com\/silknuit\/\"]}]}<\/script>\n<!-- \/ Yoast SEO plugin. -->","yoast_head_json":{"title":"Lumanare mare de Soia din beton cu fitiluri de lemn \u2013Vanilie si Portocala - Silk Nuit","robots":{"index":"index","follow":"follow","max-snippet":"max-snippet:-1","max-image-preview":"max-image-preview:large","max-video-preview":"max-video-preview:-1"},"canonical":"https:\/\/www.silknuit.com\/en\/product\/lumanare-mare-vanilie-si-portocala\/","og_locale":"en_US","og_type":"article","og_title":"Lumanare mare de Soia din beton cu fitiluri de lemn \u2013Vanilie si Portocala - Silk Nuit","og_description":"O lum\u00e2nare de soia din beton este o crea\u021bie unic\u0103 \u0219i modern\u0103, care combin\u0103 frumuse\u021bea natural\u0103 a soiei cu robuste\u021bea \u0219i durabilitatea betonului. Aceast\u0103 lum\u00e2nare este realizat\u0103 dintr-un amestec special&hellip;","og_url":"https:\/\/www.silknuit.com\/en\/product\/lumanare-mare-vanilie-si-portocala\/","og_site_name":"Silk Nuit","article_modified_time":"2025-12-03T15:31:26+00:00","og_image":[{"width":1500,"height":1875,"url":"https:\/\/www.silknuit.com\/wp-content\/uploads\/2023\/12\/anilie-si-Portocala-2.jpg","type":"image\/jpeg"}],"twitter_card":"summary_large_image","twitter_misc":{"Est. reading time":"1 minute"},"schema":{"@context":"https:\/\/schema.org","@graph":[{"@type":"WebPage","@id":"https:\/\/www.silknuit.com\/produs\/lumanare-mare-vanilie-si-portocala\/","url":"https:\/\/www.silknuit.com\/produs\/lumanare-mare-vanilie-si-portocala\/","name":"Lumanare mare de Soia din beton cu fitiluri de lemn \u2013Vanilie si Portocala - Silk Nuit","isPartOf":{"@id":"https:\/\/www.silknuit.com\/#website"},"primaryImageOfPage":{"@id":"https:\/\/www.silknuit.com\/produs\/lumanare-mare-vanilie-si-portocala\/#primaryimage"},"image":{"@id":"https:\/\/www.silknuit.com\/produs\/lumanare-mare-vanilie-si-portocala\/#primaryimage"},"thumbnailUrl":"https:\/\/www.silknuit.com\/wp-content\/uploads\/2023\/12\/anilie-si-Portocala-2.jpg","datePublished":"2023-12-02T21:05:33+00:00","dateModified":"2025-12-03T15:31:26+00:00","breadcrumb":{"@id":"https:\/\/www.silknuit.com\/produs\/lumanare-mare-vanilie-si-portocala\/#breadcrumb"},"inLanguage":"en-US","potentialAction":[{"@type":"ReadAction","target":["https:\/\/www.silknuit.com\/produs\/lumanare-mare-vanilie-si-portocala\/"]}]},{"@type":"ImageObject","inLanguage":"en-US","@id":"https:\/\/www.silknuit.com\/produs\/lumanare-mare-vanilie-si-portocala\/#primaryimage","url":"https:\/\/www.silknuit.com\/wp-content\/uploads\/2023\/12\/anilie-si-Portocala-2.jpg","contentUrl":"https:\/\/www.silknuit.com\/wp-content\/uploads\/2023\/12\/anilie-si-Portocala-2.jpg","width":1500,"height":1875},{"@type":"BreadcrumbList","@id":"https:\/\/www.silknuit.com\/produs\/lumanare-mare-vanilie-si-portocala\/#breadcrumb","itemListElement":[{"@type":"ListItem","position":1,"name":"Prima pagin\u0103","item":"https:\/\/www.silknuit.com\/"},{"@type":"ListItem","position":2,"name":"Magazin","item":"https:\/\/www.silknuit.com\/magazin\/"},{"@type":"ListItem","position":3,"name":"Lumanare mare de Soia din beton cu fitiluri de lemn \u2013Vanilie si Portocala"}]},{"@type":"WebSite","@id":"https:\/\/www.silknuit.com\/#website","url":"https:\/\/www.silknuit.com\/","name":"Silk Nuit","description":"Silk Nuit","publisher":{"@id":"https:\/\/www.silknuit.com\/#organization"},"potentialAction":[{"@type":"SearchAction","target":{"@type":"EntryPoint","urlTemplate":"https:\/\/www.silknuit.com\/?s={search_term_string}"},"query-input":"required name=search_term_string"}],"inLanguage":"en-US"},{"@type":"Organization","@id":"https:\/\/www.silknuit.com\/#organization","name":"Silk Nuit","url":"https:\/\/www.silknuit.com\/","logo":{"@type":"ImageObject","inLanguage":"en-US","@id":"https:\/\/www.silknuit.com\/#\/schema\/logo\/image\/","url":"https:\/\/www.silknuit.com\/wp-content\/uploads\/2018\/12\/cropped-logo-silk-nuit.jpg","contentUrl":"https:\/\/www.silknuit.com\/wp-content\/uploads\/2018\/12\/cropped-logo-silk-nuit.jpg","width":512,"height":512,"caption":"Silk Nuit"},"image":{"@id":"https:\/\/www.silknuit.com\/#\/schema\/logo\/image\/"},"sameAs":["https:\/\/www.instagram.com\/silknuit\/"]}]}},"jetpack_sharing_enabled":true,"_links":{"self":[{"href":"https:\/\/www.silknuit.com\/en\/wp-json\/wp\/v2\/product\/15428","targetHints":{"allow":["GET"]}}],"collection":[{"href":"https:\/\/www.silknuit.com\/en\/wp-json\/wp\/v2\/product"}],"about":[{"href":"https:\/\/www.silknuit.com\/en\/wp-json\/wp\/v2\/types\/product"}],"wp:featuredmedia":[{"embeddable":true,"href":"https:\/\/www.silknuit.com\/en\/wp-json\/wp\/v2\/media\/15431"}],"wp:attachment":[{"href":"https:\/\/www.silknuit.com\/en\/wp-json\/wp\/v2\/media?parent=15428"}],"wp:term":[{"taxonomy":"product_brand","embeddable":true,"href":"https:\/\/www.silknuit.com\/en\/wp-json\/wp\/v2\/product_brand?post=15428"},{"taxonomy":"product_cat","embeddable":true,"href":"https:\/\/www.silknuit.com\/en\/wp-json\/wp\/v2\/product_cat?post=15428"},{"taxonomy":"product_tag","embeddable":true,"href":"https:\/\/www.silknuit.com\/en\/wp-json\/wp\/v2\/product_tag?post=15428"}],"curies":[{"name":"wp","href":"https:\/\/api.w.org\/{rel}","templated":true}]}}