{"id":15435,"date":"2023-12-02T21:22:55","date_gmt":"2023-12-02T21:22:55","guid":{"rendered":"https:\/\/www.silknuit.com\/?post_type=product&#038;p=15435"},"modified":"2025-12-03T15:30:42","modified_gmt":"2025-12-03T15:30:42","slug":"lumanare-medie-de-soia-din-beton-cu-fitiluri-de-lemn-smochina-si-coacaze-negre","status":"publish","type":"product","link":"https:\/\/www.silknuit.com\/en\/product\/lumanare-medie-de-soia-din-beton-cu-fitiluri-de-lemn-smochina-si-coacaze-negre\/","title":{"rendered":"Lumanare medie de Soia din beton cu fitiluri de lemn \u2013 Smochina si coacaze negre"},"content":{"rendered":"<p><strong>AROMA &#8211; Smochina si coacaze negre<\/strong><\/p>\n<p>Betonul este lasat in culoarea sa natural\u0103, gri pentru a se potrivi cu orice decor. Ceara de soia este un material natural \u0219i ecologic, care arde curat \u0219i nu produce fum sau substan\u021be toxice. Aceasta este parfumat\u0103 cu uleiuri esen\u021biale sau parfumuri, pentru a crea o arom\u0103 pl\u0103cut\u0103 \u0219i relaxant\u0103 \u00een timpul arderei.<\/p>\n<p>Odat\u0103 aprins\u0103, lum\u00e2narea de soia din beton emite o lumin\u0103 cald\u0103 \u0219i bl\u00e2nd\u0103, care creeaz\u0103 o atmosfer\u0103 intim\u0103 \u0219i relaxant\u0103 \u00een orice \u00eenc\u0103pere. Durata de ardere este de 30\u00a0 de ore.<\/p>\n<p>Aceste lum\u00e2n\u0103ri sunt ideale pentru a fi folosite \u00een decorul casei, \u00een spa\u021biile de relaxare sau chiar \u00een exterior, pe terase sau \u00een gr\u0103dini. Ele adaug\u0103 un element de elegan\u021b\u0103 \u0219i stil \u00een orice \u00eenc\u0103pere \u0219i pot fi folosit\u0103 din nou dup\u0103 arderea lum\u00e2n\u0103rii fie ca sfe\u0219nic, fie ca ghiveci.<\/p>\n<p>&nbsp;<\/p>\n<p>Greutate\u00a0 : 0,45Kg \/bucat\u0103<\/p>\n<p>Dimensiuni :\u00a0 8x8x8 (cm), 0,512L, 0,879Kg\/L<\/p>\n<p>Ingrediente:\u00a0\u00a0 beton, cear\u0103 de soia , parfum<\/p>\n<p>&nbsp;<\/p>","protected":false},"excerpt":{"rendered":"<p>O lum\u00e2nare de soia din beton este o crea\u021bie unic\u0103 \u0219i modern\u0103, care combin\u0103 frumuse\u021bea natural\u0103 a soiei cu robuste\u021bea \u0219i durabilitatea betonului. Aceast\u0103 lum\u00e2nare este realizat\u0103 dintr-un amestec special&hellip;<\/p>","protected":false},"featured_media":15437,"template":"","meta":[],"product_brand":[],"product_cat":[158,162],"product_tag":[],"class_list":{"0":"post-15435","1":"product","2":"type-product","3":"status-publish","4":"has-post-thumbnail","6":"product_cat-gifts","7":"product_cat-wellbeing","9":"first","10":"instock","11":"taxable","12":"shipping-taxable","13":"purchasable","14":"product-type-simple","15":"thumb-has-effect","16":"prod-rating-off"},"yoast_head":"<!-- This site is optimized with the Yoast SEO plugin v23.1 - https:\/\/yoast.com\/wordpress\/plugins\/seo\/ -->\n<title>Lumanare medie de Soia din beton cu fitiluri de lemn \u2013 Smochina si coacaze negre - Silk Nuit<\/title>\n<meta name=\"robots\" content=\"index, follow, max-snippet:-1, max-image-preview:large, max-video-preview:-1\" \/>\n<link rel=\"canonical\" href=\"https:\/\/www.silknuit.com\/en\/product\/lumanare-medie-de-soia-din-beton-cu-fitiluri-de-lemn-smochina-si-coacaze-negre\/\" \/>\n<meta property=\"og:locale\" content=\"en_US\" \/>\n<meta property=\"og:type\" content=\"article\" \/>\n<meta property=\"og:title\" content=\"Lumanare medie de Soia din beton cu fitiluri de lemn \u2013 Smochina si coacaze negre - Silk Nuit\" \/>\n<meta property=\"og:description\" content=\"O lum\u00e2nare de soia din beton este o crea\u021bie unic\u0103 \u0219i modern\u0103, care combin\u0103 frumuse\u021bea natural\u0103 a soiei cu robuste\u021bea \u0219i durabilitatea betonului. Aceast\u0103 lum\u00e2nare este realizat\u0103 dintr-un amestec special&hellip;\" \/>\n<meta property=\"og:url\" content=\"https:\/\/www.silknuit.com\/en\/product\/lumanare-medie-de-soia-din-beton-cu-fitiluri-de-lemn-smochina-si-coacaze-negre\/\" \/>\n<meta property=\"og:site_name\" content=\"Silk Nuit\" \/>\n<meta property=\"article:modified_time\" content=\"2025-12-03T15:30:42+00:00\" \/>\n<meta property=\"og:image\" content=\"https:\/\/www.silknuit.com\/wp-content\/uploads\/2023\/12\/Smochina-si-coacaze-negre1.jpg\" \/>\n\t<meta property=\"og:image:width\" content=\"1500\" \/>\n\t<meta property=\"og:image:height\" content=\"1875\" \/>\n\t<meta property=\"og:image:type\" content=\"image\/jpeg\" \/>\n<meta name=\"twitter:card\" content=\"summary_large_image\" \/>\n<meta name=\"twitter:label1\" content=\"Est. reading time\" \/>\n\t<meta name=\"twitter:data1\" content=\"2 minutes\" \/>\n<script type=\"application\/ld+json\" class=\"yoast-schema-graph\">{\"@context\":\"https:\/\/schema.org\",\"@graph\":[{\"@type\":\"WebPage\",\"@id\":\"https:\/\/www.silknuit.com\/produs\/lumanare-medie-de-soia-din-beton-cu-fitiluri-de-lemn-smochina-si-coacaze-negre\/\",\"url\":\"https:\/\/www.silknuit.com\/produs\/lumanare-medie-de-soia-din-beton-cu-fitiluri-de-lemn-smochina-si-coacaze-negre\/\",\"name\":\"Lumanare medie de Soia din beton cu fitiluri de lemn \u2013 Smochina si coacaze negre - Silk Nuit\",\"isPartOf\":{\"@id\":\"https:\/\/www.silknuit.com\/#website\"},\"primaryImageOfPage\":{\"@id\":\"https:\/\/www.silknuit.com\/produs\/lumanare-medie-de-soia-din-beton-cu-fitiluri-de-lemn-smochina-si-coacaze-negre\/#primaryimage\"},\"image\":{\"@id\":\"https:\/\/www.silknuit.com\/produs\/lumanare-medie-de-soia-din-beton-cu-fitiluri-de-lemn-smochina-si-coacaze-negre\/#primaryimage\"},\"thumbnailUrl\":\"https:\/\/www.silknuit.com\/wp-content\/uploads\/2023\/12\/Smochina-si-coacaze-negre1.jpg\",\"datePublished\":\"2023-12-02T21:22:55+00:00\",\"dateModified\":\"2025-12-03T15:30:42+00:00\",\"breadcrumb\":{\"@id\":\"https:\/\/www.silknuit.com\/produs\/lumanare-medie-de-soia-din-beton-cu-fitiluri-de-lemn-smochina-si-coacaze-negre\/#breadcrumb\"},\"inLanguage\":\"en-US\",\"potentialAction\":[{\"@type\":\"ReadAction\",\"target\":[\"https:\/\/www.silknuit.com\/produs\/lumanare-medie-de-soia-din-beton-cu-fitiluri-de-lemn-smochina-si-coacaze-negre\/\"]}]},{\"@type\":\"ImageObject\",\"inLanguage\":\"en-US\",\"@id\":\"https:\/\/www.silknuit.com\/produs\/lumanare-medie-de-soia-din-beton-cu-fitiluri-de-lemn-smochina-si-coacaze-negre\/#primaryimage\",\"url\":\"https:\/\/www.silknuit.com\/wp-content\/uploads\/2023\/12\/Smochina-si-coacaze-negre1.jpg\",\"contentUrl\":\"https:\/\/www.silknuit.com\/wp-content\/uploads\/2023\/12\/Smochina-si-coacaze-negre1.jpg\",\"width\":1500,\"height\":1875},{\"@type\":\"BreadcrumbList\",\"@id\":\"https:\/\/www.silknuit.com\/produs\/lumanare-medie-de-soia-din-beton-cu-fitiluri-de-lemn-smochina-si-coacaze-negre\/#breadcrumb\",\"itemListElement\":[{\"@type\":\"ListItem\",\"position\":1,\"name\":\"Prima pagin\u0103\",\"item\":\"https:\/\/www.silknuit.com\/\"},{\"@type\":\"ListItem\",\"position\":2,\"name\":\"Magazin\",\"item\":\"https:\/\/www.silknuit.com\/magazin\/\"},{\"@type\":\"ListItem\",\"position\":3,\"name\":\"Lumanare medie de Soia din beton cu fitiluri de lemn \u2013 Smochina si coacaze negre\"}]},{\"@type\":\"WebSite\",\"@id\":\"https:\/\/www.silknuit.com\/#website\",\"url\":\"https:\/\/www.silknuit.com\/\",\"name\":\"Silk Nuit\",\"description\":\"Silk Nuit\",\"publisher\":{\"@id\":\"https:\/\/www.silknuit.com\/#organization\"},\"potentialAction\":[{\"@type\":\"SearchAction\",\"target\":{\"@type\":\"EntryPoint\",\"urlTemplate\":\"https:\/\/www.silknuit.com\/?s={search_term_string}\"},\"query-input\":\"required name=search_term_string\"}],\"inLanguage\":\"en-US\"},{\"@type\":\"Organization\",\"@id\":\"https:\/\/www.silknuit.com\/#organization\",\"name\":\"Silk Nuit\",\"url\":\"https:\/\/www.silknuit.com\/\",\"logo\":{\"@type\":\"ImageObject\",\"inLanguage\":\"en-US\",\"@id\":\"https:\/\/www.silknuit.com\/#\/schema\/logo\/image\/\",\"url\":\"https:\/\/www.silknuit.com\/wp-content\/uploads\/2018\/12\/cropped-logo-silk-nuit.jpg\",\"contentUrl\":\"https:\/\/www.silknuit.com\/wp-content\/uploads\/2018\/12\/cropped-logo-silk-nuit.jpg\",\"width\":512,\"height\":512,\"caption\":\"Silk Nuit\"},\"image\":{\"@id\":\"https:\/\/www.silknuit.com\/#\/schema\/logo\/image\/\"},\"sameAs\":[\"https:\/\/www.instagram.com\/silknuit\/\"]}]}<\/script>\n<!-- \/ Yoast SEO plugin. -->","yoast_head_json":{"title":"Lumanare medie de Soia din beton cu fitiluri de lemn \u2013 Smochina si coacaze negre - Silk Nuit","robots":{"index":"index","follow":"follow","max-snippet":"max-snippet:-1","max-image-preview":"max-image-preview:large","max-video-preview":"max-video-preview:-1"},"canonical":"https:\/\/www.silknuit.com\/en\/product\/lumanare-medie-de-soia-din-beton-cu-fitiluri-de-lemn-smochina-si-coacaze-negre\/","og_locale":"en_US","og_type":"article","og_title":"Lumanare medie de Soia din beton cu fitiluri de lemn \u2013 Smochina si coacaze negre - Silk Nuit","og_description":"O lum\u00e2nare de soia din beton este o crea\u021bie unic\u0103 \u0219i modern\u0103, care combin\u0103 frumuse\u021bea natural\u0103 a soiei cu robuste\u021bea \u0219i durabilitatea betonului. Aceast\u0103 lum\u00e2nare este realizat\u0103 dintr-un amestec special&hellip;","og_url":"https:\/\/www.silknuit.com\/en\/product\/lumanare-medie-de-soia-din-beton-cu-fitiluri-de-lemn-smochina-si-coacaze-negre\/","og_site_name":"Silk Nuit","article_modified_time":"2025-12-03T15:30:42+00:00","og_image":[{"width":1500,"height":1875,"url":"https:\/\/www.silknuit.com\/wp-content\/uploads\/2023\/12\/Smochina-si-coacaze-negre1.jpg","type":"image\/jpeg"}],"twitter_card":"summary_large_image","twitter_misc":{"Est. reading time":"2 minutes"},"schema":{"@context":"https:\/\/schema.org","@graph":[{"@type":"WebPage","@id":"https:\/\/www.silknuit.com\/produs\/lumanare-medie-de-soia-din-beton-cu-fitiluri-de-lemn-smochina-si-coacaze-negre\/","url":"https:\/\/www.silknuit.com\/produs\/lumanare-medie-de-soia-din-beton-cu-fitiluri-de-lemn-smochina-si-coacaze-negre\/","name":"Lumanare medie de Soia din beton cu fitiluri de lemn \u2013 Smochina si coacaze negre - Silk Nuit","isPartOf":{"@id":"https:\/\/www.silknuit.com\/#website"},"primaryImageOfPage":{"@id":"https:\/\/www.silknuit.com\/produs\/lumanare-medie-de-soia-din-beton-cu-fitiluri-de-lemn-smochina-si-coacaze-negre\/#primaryimage"},"image":{"@id":"https:\/\/www.silknuit.com\/produs\/lumanare-medie-de-soia-din-beton-cu-fitiluri-de-lemn-smochina-si-coacaze-negre\/#primaryimage"},"thumbnailUrl":"https:\/\/www.silknuit.com\/wp-content\/uploads\/2023\/12\/Smochina-si-coacaze-negre1.jpg","datePublished":"2023-12-02T21:22:55+00:00","dateModified":"2025-12-03T15:30:42+00:00","breadcrumb":{"@id":"https:\/\/www.silknuit.com\/produs\/lumanare-medie-de-soia-din-beton-cu-fitiluri-de-lemn-smochina-si-coacaze-negre\/#breadcrumb"},"inLanguage":"en-US","potentialAction":[{"@type":"ReadAction","target":["https:\/\/www.silknuit.com\/produs\/lumanare-medie-de-soia-din-beton-cu-fitiluri-de-lemn-smochina-si-coacaze-negre\/"]}]},{"@type":"ImageObject","inLanguage":"en-US","@id":"https:\/\/www.silknuit.com\/produs\/lumanare-medie-de-soia-din-beton-cu-fitiluri-de-lemn-smochina-si-coacaze-negre\/#primaryimage","url":"https:\/\/www.silknuit.com\/wp-content\/uploads\/2023\/12\/Smochina-si-coacaze-negre1.jpg","contentUrl":"https:\/\/www.silknuit.com\/wp-content\/uploads\/2023\/12\/Smochina-si-coacaze-negre1.jpg","width":1500,"height":1875},{"@type":"BreadcrumbList","@id":"https:\/\/www.silknuit.com\/produs\/lumanare-medie-de-soia-din-beton-cu-fitiluri-de-lemn-smochina-si-coacaze-negre\/#breadcrumb","itemListElement":[{"@type":"ListItem","position":1,"name":"Prima pagin\u0103","item":"https:\/\/www.silknuit.com\/"},{"@type":"ListItem","position":2,"name":"Magazin","item":"https:\/\/www.silknuit.com\/magazin\/"},{"@type":"ListItem","position":3,"name":"Lumanare medie de Soia din beton cu fitiluri de lemn \u2013 Smochina si coacaze negre"}]},{"@type":"WebSite","@id":"https:\/\/www.silknuit.com\/#website","url":"https:\/\/www.silknuit.com\/","name":"Silk Nuit","description":"Silk Nuit","publisher":{"@id":"https:\/\/www.silknuit.com\/#organization"},"potentialAction":[{"@type":"SearchAction","target":{"@type":"EntryPoint","urlTemplate":"https:\/\/www.silknuit.com\/?s={search_term_string}"},"query-input":"required name=search_term_string"}],"inLanguage":"en-US"},{"@type":"Organization","@id":"https:\/\/www.silknuit.com\/#organization","name":"Silk Nuit","url":"https:\/\/www.silknuit.com\/","logo":{"@type":"ImageObject","inLanguage":"en-US","@id":"https:\/\/www.silknuit.com\/#\/schema\/logo\/image\/","url":"https:\/\/www.silknuit.com\/wp-content\/uploads\/2018\/12\/cropped-logo-silk-nuit.jpg","contentUrl":"https:\/\/www.silknuit.com\/wp-content\/uploads\/2018\/12\/cropped-logo-silk-nuit.jpg","width":512,"height":512,"caption":"Silk Nuit"},"image":{"@id":"https:\/\/www.silknuit.com\/#\/schema\/logo\/image\/"},"sameAs":["https:\/\/www.instagram.com\/silknuit\/"]}]}},"jetpack_sharing_enabled":true,"_links":{"self":[{"href":"https:\/\/www.silknuit.com\/en\/wp-json\/wp\/v2\/product\/15435","targetHints":{"allow":["GET"]}}],"collection":[{"href":"https:\/\/www.silknuit.com\/en\/wp-json\/wp\/v2\/product"}],"about":[{"href":"https:\/\/www.silknuit.com\/en\/wp-json\/wp\/v2\/types\/product"}],"wp:featuredmedia":[{"embeddable":true,"href":"https:\/\/www.silknuit.com\/en\/wp-json\/wp\/v2\/media\/15437"}],"wp:attachment":[{"href":"https:\/\/www.silknuit.com\/en\/wp-json\/wp\/v2\/media?parent=15435"}],"wp:term":[{"taxonomy":"product_brand","embeddable":true,"href":"https:\/\/www.silknuit.com\/en\/wp-json\/wp\/v2\/product_brand?post=15435"},{"taxonomy":"product_cat","embeddable":true,"href":"https:\/\/www.silknuit.com\/en\/wp-json\/wp\/v2\/product_cat?post=15435"},{"taxonomy":"product_tag","embeddable":true,"href":"https:\/\/www.silknuit.com\/en\/wp-json\/wp\/v2\/product_tag?post=15435"}],"curies":[{"name":"wp","href":"https:\/\/api.w.org\/{rel}","templated":true}]}}