{"id":15534,"date":"2023-12-03T22:30:16","date_gmt":"2023-12-03T22:30:16","guid":{"rendered":"https:\/\/www.silknuit.com\/?post_type=product&#038;p=15534"},"modified":"2026-02-09T09:47:10","modified_gmt":"2026-02-09T09:47:10","slug":"cutie-cadou-noelle","status":"publish","type":"product","link":"https:\/\/www.silknuit.com\/en\/product\/cutie-cadou-noelle\/","title":{"rendered":"Cutie cadou Noelle"},"content":{"rendered":"<p>Descoper\u0103 cutia cadou Noelle, creat\u0103 special pentru perioada s\u0103rb\u0103torilor, care combin\u0103 elegan\u021ba feminin\u0103 cu experien\u021ba aromaterapiei de lux. Aceast\u0103 cutie premium este alegerea ideal\u0103 pentru cadouri de Cr\u0103ciun, potrivit\u0103 pentru femei \u0219i ca daruri corporate pentru colaboratori sau angaja\u021bi.<\/p>\n<p>Ce con\u021bine cutia:<\/p>\n<p><strong>* Halat Noelle<\/strong><br \/>\nAlege \u00eentre culorile elegante negru, ro\u0219u sau verde! Halatul mediu, cu m\u00e2neci clopot, este extrem de feminin \u0219i ofer\u0103 confort maxim. Perfect pentru serile cozy de iarn\u0103, pentru momentele de relaxare acas\u0103 \u0219i pentru un look sofisticat chiar \u0219i \u00een zilele festive.<\/p>\n<p><strong>* Set Silk Nuit Wellbeing<\/strong><br \/>\nSetul include lum\u00e2nare parfumat\u0103, difuzor \u0219i odorizant pentru \u00eenc\u0103peri, cre\u00e2nd atmosfera perfect\u0103 de lini\u0219te \u0219i r\u0103sf\u0103\u021b. Aromele delicate transform\u0103 orice spa\u021biu \u00eentr-un loc de relaxare \u0219i confort \u00een perioada s\u0103rb\u0103torilor.<\/p>\n<p><strong>*Ambalaj premium cu \u00eenchidere magnetic\u0103<\/strong><\/p>\n<p>Toate produsele sunt atent aranjate \u00eentr-o cutie elegant\u0103, cu \u00eenchidere magnetic\u0103, gata de oferit cadou. Ideal\u0103 pentru cadouri de Cr\u0103ciun, Secret Santa sau daruri corporate \u00een decembrie.<\/p>\n<p>&nbsp;<\/p>\n<p>&nbsp;<\/p>\n<p>&nbsp;<\/p>","protected":false},"excerpt":{"rendered":"<p>Halat Noelle diferite culori : verde,rosu , negru Set Silk Nuit Wellbeing cutie mare premium cu inchidere mgnetica 41cm x31 cm\u00a0<\/p>","protected":false},"featured_media":16772,"template":"","meta":[],"product_brand":[],"product_cat":[158],"product_tag":[180,211,201,191,189,197,198,186,188,207,178,213,212,214,215,216,177,179,196,176,181,182],"class_list":{"0":"post-15534","1":"product","2":"type-product","3":"status-publish","4":"has-post-thumbnail","6":"product_cat-gifts","7":"product_tag-aromaterapie","8":"product_tag-cadou-corporate","9":"product_tag-cadou-de-lux","10":"product_tag-cadou-premium-pentru-ea","11":"product_tag-cadouri-craciun","12":"product_tag-cadouri-elegante","13":"product_tag-cadouri-festive","14":"product_tag-cutie-cadou","15":"product_tag-cutie-cadou-femei","16":"product_tag-cutie-premium","17":"product_tag-difuzor-aromaterapie","18":"product_tag-halat-cu-maneci-clopot","19":"product_tag-halat-feminin","20":"product_tag-halat-negru","21":"product_tag-halat-rosu","22":"product_tag-halat-verde","23":"product_tag-lumanare-parfumata","24":"product_tag-odorizant-camera","25":"product_tag-relaxare-acasa","26":"product_tag-set-wellbeing","27":"product_tag-silk-nuit","28":"product_tag-silk-nuit-wellbeing","30":"first","31":"instock","32":"taxable","33":"shipping-taxable","34":"purchasable","35":"product-type-variable","36":"thumb-has-effect","37":"prod-rating-off"},"yoast_head":"<!-- This site is optimized with the Yoast SEO plugin v23.1 - https:\/\/yoast.com\/wordpress\/plugins\/seo\/ -->\n<title>Cutie cadou Noelle - Silk Nuit<\/title>\n<meta name=\"description\" content=\"Cutia Cadou Noelle:halat feminin cu maneci clopot ( negru,rosu,verde)+ set Silk Nuit Wellbeing .Cadoul ideal de Craciun si cadouri corporate\" \/>\n<meta name=\"robots\" content=\"index, follow, max-snippet:-1, max-image-preview:large, max-video-preview:-1\" \/>\n<link rel=\"canonical\" href=\"https:\/\/www.silknuit.com\/en\/product\/cutie-cadou-noelle\/\" \/>\n<meta property=\"og:locale\" content=\"en_US\" \/>\n<meta property=\"og:type\" content=\"article\" \/>\n<meta property=\"og:title\" content=\"Cutie cadou Noelle - Silk Nuit\" \/>\n<meta property=\"og:description\" content=\"Cutia Cadou Noelle:halat feminin cu maneci clopot ( negru,rosu,verde)+ set Silk Nuit Wellbeing .Cadoul ideal de Craciun si cadouri corporate\" \/>\n<meta property=\"og:url\" content=\"https:\/\/www.silknuit.com\/en\/product\/cutie-cadou-noelle\/\" \/>\n<meta property=\"og:site_name\" content=\"Silk Nuit\" \/>\n<meta property=\"article:modified_time\" content=\"2026-02-09T09:47:10+00:00\" \/>\n<meta property=\"og:image\" content=\"https:\/\/www.silknuit.com\/wp-content\/uploads\/2023\/12\/pijama-verde-inchis-scaled.jpg\" \/>\n\t<meta property=\"og:image:width\" content=\"2560\" \/>\n\t<meta property=\"og:image:height\" content=\"2560\" \/>\n\t<meta property=\"og:image:type\" content=\"image\/jpeg\" \/>\n<meta name=\"twitter:card\" content=\"summary_large_image\" \/>\n<meta name=\"twitter:label1\" content=\"Est. reading time\" \/>\n\t<meta name=\"twitter:data1\" content=\"2 minutes\" \/>\n<script type=\"application\/ld+json\" class=\"yoast-schema-graph\">{\"@context\":\"https:\/\/schema.org\",\"@graph\":[{\"@type\":\"WebPage\",\"@id\":\"https:\/\/www.silknuit.com\/produs\/cutie-cadou-noelle\/\",\"url\":\"https:\/\/www.silknuit.com\/produs\/cutie-cadou-noelle\/\",\"name\":\"Cutie cadou Noelle - Silk Nuit\",\"isPartOf\":{\"@id\":\"https:\/\/www.silknuit.com\/#website\"},\"primaryImageOfPage\":{\"@id\":\"https:\/\/www.silknuit.com\/produs\/cutie-cadou-noelle\/#primaryimage\"},\"image\":{\"@id\":\"https:\/\/www.silknuit.com\/produs\/cutie-cadou-noelle\/#primaryimage\"},\"thumbnailUrl\":\"https:\/\/www.silknuit.com\/wp-content\/uploads\/2023\/12\/pijama-verde-inchis-scaled.jpg\",\"datePublished\":\"2023-12-03T22:30:16+00:00\",\"dateModified\":\"2026-02-09T09:47:10+00:00\",\"description\":\"Cutia Cadou Noelle:halat feminin cu maneci clopot ( negru,rosu,verde)+ set Silk Nuit Wellbeing .Cadoul ideal de Craciun si cadouri corporate\",\"breadcrumb\":{\"@id\":\"https:\/\/www.silknuit.com\/produs\/cutie-cadou-noelle\/#breadcrumb\"},\"inLanguage\":\"en-US\",\"potentialAction\":[{\"@type\":\"ReadAction\",\"target\":[\"https:\/\/www.silknuit.com\/produs\/cutie-cadou-noelle\/\"]}]},{\"@type\":\"ImageObject\",\"inLanguage\":\"en-US\",\"@id\":\"https:\/\/www.silknuit.com\/produs\/cutie-cadou-noelle\/#primaryimage\",\"url\":\"https:\/\/www.silknuit.com\/wp-content\/uploads\/2023\/12\/pijama-verde-inchis-scaled.jpg\",\"contentUrl\":\"https:\/\/www.silknuit.com\/wp-content\/uploads\/2023\/12\/pijama-verde-inchis-scaled.jpg\",\"width\":2560,\"height\":2560},{\"@type\":\"BreadcrumbList\",\"@id\":\"https:\/\/www.silknuit.com\/produs\/cutie-cadou-noelle\/#breadcrumb\",\"itemListElement\":[{\"@type\":\"ListItem\",\"position\":1,\"name\":\"Prima pagin\u0103\",\"item\":\"https:\/\/www.silknuit.com\/\"},{\"@type\":\"ListItem\",\"position\":2,\"name\":\"Magazin\",\"item\":\"https:\/\/www.silknuit.com\/magazin\/\"},{\"@type\":\"ListItem\",\"position\":3,\"name\":\"Cutie cadou Noelle\"}]},{\"@type\":\"WebSite\",\"@id\":\"https:\/\/www.silknuit.com\/#website\",\"url\":\"https:\/\/www.silknuit.com\/\",\"name\":\"Silk Nuit\",\"description\":\"Silk Nuit\",\"publisher\":{\"@id\":\"https:\/\/www.silknuit.com\/#organization\"},\"potentialAction\":[{\"@type\":\"SearchAction\",\"target\":{\"@type\":\"EntryPoint\",\"urlTemplate\":\"https:\/\/www.silknuit.com\/?s={search_term_string}\"},\"query-input\":\"required name=search_term_string\"}],\"inLanguage\":\"en-US\"},{\"@type\":\"Organization\",\"@id\":\"https:\/\/www.silknuit.com\/#organization\",\"name\":\"Silk Nuit\",\"url\":\"https:\/\/www.silknuit.com\/\",\"logo\":{\"@type\":\"ImageObject\",\"inLanguage\":\"en-US\",\"@id\":\"https:\/\/www.silknuit.com\/#\/schema\/logo\/image\/\",\"url\":\"https:\/\/www.silknuit.com\/wp-content\/uploads\/2018\/12\/cropped-logo-silk-nuit.jpg\",\"contentUrl\":\"https:\/\/www.silknuit.com\/wp-content\/uploads\/2018\/12\/cropped-logo-silk-nuit.jpg\",\"width\":512,\"height\":512,\"caption\":\"Silk Nuit\"},\"image\":{\"@id\":\"https:\/\/www.silknuit.com\/#\/schema\/logo\/image\/\"},\"sameAs\":[\"https:\/\/www.instagram.com\/silknuit\/\"]}]}<\/script>\n<!-- \/ Yoast SEO plugin. -->","yoast_head_json":{"title":"Cutie cadou Noelle - Silk Nuit","description":"Cutia Cadou Noelle:halat feminin cu maneci clopot ( negru,rosu,verde)+ set Silk Nuit Wellbeing .Cadoul ideal de Craciun si cadouri corporate","robots":{"index":"index","follow":"follow","max-snippet":"max-snippet:-1","max-image-preview":"max-image-preview:large","max-video-preview":"max-video-preview:-1"},"canonical":"https:\/\/www.silknuit.com\/en\/product\/cutie-cadou-noelle\/","og_locale":"en_US","og_type":"article","og_title":"Cutie cadou Noelle - Silk Nuit","og_description":"Cutia Cadou Noelle:halat feminin cu maneci clopot ( negru,rosu,verde)+ set Silk Nuit Wellbeing .Cadoul ideal de Craciun si cadouri corporate","og_url":"https:\/\/www.silknuit.com\/en\/product\/cutie-cadou-noelle\/","og_site_name":"Silk Nuit","article_modified_time":"2026-02-09T09:47:10+00:00","og_image":[{"url":"https:\/\/www.silknuit.com\/wp-content\/uploads\/2023\/12\/pijama-verde-inchis-scaled.jpg","width":2560,"height":2560,"type":"image\/jpeg"}],"twitter_card":"summary_large_image","twitter_misc":{"Est. reading time":"2 minutes"},"schema":{"@context":"https:\/\/schema.org","@graph":[{"@type":"WebPage","@id":"https:\/\/www.silknuit.com\/produs\/cutie-cadou-noelle\/","url":"https:\/\/www.silknuit.com\/produs\/cutie-cadou-noelle\/","name":"Cutie cadou Noelle - Silk Nuit","isPartOf":{"@id":"https:\/\/www.silknuit.com\/#website"},"primaryImageOfPage":{"@id":"https:\/\/www.silknuit.com\/produs\/cutie-cadou-noelle\/#primaryimage"},"image":{"@id":"https:\/\/www.silknuit.com\/produs\/cutie-cadou-noelle\/#primaryimage"},"thumbnailUrl":"https:\/\/www.silknuit.com\/wp-content\/uploads\/2023\/12\/pijama-verde-inchis-scaled.jpg","datePublished":"2023-12-03T22:30:16+00:00","dateModified":"2026-02-09T09:47:10+00:00","description":"Cutia Cadou Noelle:halat feminin cu maneci clopot ( negru,rosu,verde)+ set Silk Nuit Wellbeing .Cadoul ideal de Craciun si cadouri corporate","breadcrumb":{"@id":"https:\/\/www.silknuit.com\/produs\/cutie-cadou-noelle\/#breadcrumb"},"inLanguage":"en-US","potentialAction":[{"@type":"ReadAction","target":["https:\/\/www.silknuit.com\/produs\/cutie-cadou-noelle\/"]}]},{"@type":"ImageObject","inLanguage":"en-US","@id":"https:\/\/www.silknuit.com\/produs\/cutie-cadou-noelle\/#primaryimage","url":"https:\/\/www.silknuit.com\/wp-content\/uploads\/2023\/12\/pijama-verde-inchis-scaled.jpg","contentUrl":"https:\/\/www.silknuit.com\/wp-content\/uploads\/2023\/12\/pijama-verde-inchis-scaled.jpg","width":2560,"height":2560},{"@type":"BreadcrumbList","@id":"https:\/\/www.silknuit.com\/produs\/cutie-cadou-noelle\/#breadcrumb","itemListElement":[{"@type":"ListItem","position":1,"name":"Prima pagin\u0103","item":"https:\/\/www.silknuit.com\/"},{"@type":"ListItem","position":2,"name":"Magazin","item":"https:\/\/www.silknuit.com\/magazin\/"},{"@type":"ListItem","position":3,"name":"Cutie cadou Noelle"}]},{"@type":"WebSite","@id":"https:\/\/www.silknuit.com\/#website","url":"https:\/\/www.silknuit.com\/","name":"Silk Nuit","description":"Silk Nuit","publisher":{"@id":"https:\/\/www.silknuit.com\/#organization"},"potentialAction":[{"@type":"SearchAction","target":{"@type":"EntryPoint","urlTemplate":"https:\/\/www.silknuit.com\/?s={search_term_string}"},"query-input":"required name=search_term_string"}],"inLanguage":"en-US"},{"@type":"Organization","@id":"https:\/\/www.silknuit.com\/#organization","name":"Silk Nuit","url":"https:\/\/www.silknuit.com\/","logo":{"@type":"ImageObject","inLanguage":"en-US","@id":"https:\/\/www.silknuit.com\/#\/schema\/logo\/image\/","url":"https:\/\/www.silknuit.com\/wp-content\/uploads\/2018\/12\/cropped-logo-silk-nuit.jpg","contentUrl":"https:\/\/www.silknuit.com\/wp-content\/uploads\/2018\/12\/cropped-logo-silk-nuit.jpg","width":512,"height":512,"caption":"Silk Nuit"},"image":{"@id":"https:\/\/www.silknuit.com\/#\/schema\/logo\/image\/"},"sameAs":["https:\/\/www.instagram.com\/silknuit\/"]}]}},"jetpack_sharing_enabled":true,"_links":{"self":[{"href":"https:\/\/www.silknuit.com\/en\/wp-json\/wp\/v2\/product\/15534","targetHints":{"allow":["GET"]}}],"collection":[{"href":"https:\/\/www.silknuit.com\/en\/wp-json\/wp\/v2\/product"}],"about":[{"href":"https:\/\/www.silknuit.com\/en\/wp-json\/wp\/v2\/types\/product"}],"wp:featuredmedia":[{"embeddable":true,"href":"https:\/\/www.silknuit.com\/en\/wp-json\/wp\/v2\/media\/16772"}],"wp:attachment":[{"href":"https:\/\/www.silknuit.com\/en\/wp-json\/wp\/v2\/media?parent=15534"}],"wp:term":[{"taxonomy":"product_brand","embeddable":true,"href":"https:\/\/www.silknuit.com\/en\/wp-json\/wp\/v2\/product_brand?post=15534"},{"taxonomy":"product_cat","embeddable":true,"href":"https:\/\/www.silknuit.com\/en\/wp-json\/wp\/v2\/product_cat?post=15534"},{"taxonomy":"product_tag","embeddable":true,"href":"https:\/\/www.silknuit.com\/en\/wp-json\/wp\/v2\/product_tag?post=15534"}],"curies":[{"name":"wp","href":"https:\/\/api.w.org\/{rel}","templated":true}]}}