{"id":15546,"date":"2023-12-03T22:45:53","date_gmt":"2023-12-03T22:45:53","guid":{"rendered":"https:\/\/www.silknuit.com\/?post_type=product&#038;p=15546"},"modified":"2026-02-09T09:43:30","modified_gmt":"2026-02-09T09:43:30","slug":"cutie-cadou-mariniere-bleu","status":"publish","type":"product","link":"https:\/\/www.silknuit.com\/en\/product\/cutie-cadou-mariniere-bleu\/","title":{"rendered":"Cutie cadou Mariniere Bleu"},"content":{"rendered":"<p>Cutia cadou Marini\u00e8re Bleu este alegerea ideal\u0103 pentru Cr\u0103ciun: un mix elegant \u00eentre mod\u0103, confort \u0219i wellbeing .<\/p>\n<p>Ce con\u021bine:<\/p>\n<p><strong>*Compleu Marini\u00e8re\u00a0 Bleu (100% bumbac)<\/strong><br \/>\nMoale, respirabil \u0219i versatil \u2014 perfect pentru relaxarea de acas\u0103 sau pentru purtat \u00een ora\u0219. Un look atemporal, inspirat din stilul marinar francez.<\/p>\n<p>Compleu are broderia Silk Nuit pe maneca dreapta .<\/p>\n<p>Croiala este relaxata ,conceput pentru a oferi libertate de miscare .<\/p>\n<p><strong>*Set Silk Nuit Wellbeing<\/strong><br \/>\nDifuzor, lum\u00e2nare parfumat\u0103 \u0219i odorizant spray, create pentru a transforma orice \u00eenc\u0103pere \u00eentr-un spa\u021biu calm \u0219i festiv. Aromele elegante sunt ideale pentru serile de iarn\u0103.<\/p>\n<p><strong>* Cutie mare premium cu inchidere magnetica 41cm x31 cm<\/strong><br \/>\nAmbalat\u0103 impecabil, gata de oferit cadou pentru Cr\u0103ciun, Secret Santa sau cadouri corporate.<\/p>","protected":false},"excerpt":{"rendered":"<p>Compleu Mariniere Bleu\u00a0\u00a0 Set Silk Nuit Wellbeing\u00a0 Cutie mare premium cu inchidere magnetica 41cm x 31c<\/p>","protected":false},"featured_media":16768,"template":"","meta":[],"product_brand":[],"product_cat":[158],"product_tag":[180,183,170,185,172,173,186,169,178,184,175,177,174,171,179,176,181,182],"class_list":{"0":"post-15546","1":"product","2":"type-product","3":"status-publish","4":"has-post-thumbnail","6":"product_cat-gifts","7":"product_tag-aromaterapie","8":"product_tag-cadouri-pentru-ea","9":"product_tag-cadouri-premium","10":"product_tag-christmas-gift","11":"product_tag-compleu-brodat","12":"product_tag-compleu-bumbac","13":"product_tag-cutie-cadou","14":"product_tag-cutie-cadou-craciun","15":"product_tag-difuzor-aromaterapie","16":"product_tag-holiday-gift","17":"product_tag-loungewear-premium","18":"product_tag-lumanare-parfumata","19":"product_tag-marimi-relaxate","20":"product_tag-mariniere-blue","21":"product_tag-odorizant-camera","22":"product_tag-set-wellbeing","23":"product_tag-silk-nuit","24":"product_tag-silk-nuit-wellbeing","26":"first","27":"instock","28":"taxable","29":"shipping-taxable","30":"purchasable","31":"product-type-variable","32":"thumb-has-effect","33":"prod-rating-off"},"yoast_head":"<!-- This site is optimized with the Yoast SEO plugin v23.1 - https:\/\/yoast.com\/wordpress\/plugins\/seo\/ -->\n<title>Cutie cadou Mariniere Bleu - Silk Nuit<\/title>\n<meta name=\"description\" content=\"Cutia Cadou Marini\u00e8re Blue: compleu brodat 100% bumbac, m\u0103rimi relaxate + set Silk Nuit Wellbeing. Cadoul ideal pentru Cr\u0103ciun, pentru ea.\" \/>\n<meta name=\"robots\" content=\"index, follow, max-snippet:-1, max-image-preview:large, max-video-preview:-1\" \/>\n<link rel=\"canonical\" href=\"https:\/\/www.silknuit.com\/en\/product\/cutie-cadou-mariniere-bleu\/\" \/>\n<meta property=\"og:locale\" content=\"en_US\" \/>\n<meta property=\"og:type\" content=\"article\" \/>\n<meta property=\"og:title\" content=\"Cutie cadou Mariniere Bleu - Silk Nuit\" \/>\n<meta property=\"og:description\" content=\"Cutia Cadou Marini\u00e8re Blue: compleu brodat 100% bumbac, m\u0103rimi relaxate + set Silk Nuit Wellbeing. Cadoul ideal pentru Cr\u0103ciun, pentru ea.\" \/>\n<meta property=\"og:url\" content=\"https:\/\/www.silknuit.com\/en\/product\/cutie-cadou-mariniere-bleu\/\" \/>\n<meta property=\"og:site_name\" content=\"Silk Nuit\" \/>\n<meta property=\"article:modified_time\" content=\"2026-02-09T09:43:30+00:00\" \/>\n<meta property=\"og:image\" content=\"https:\/\/www.silknuit.com\/wp-content\/uploads\/2023\/12\/pijama-albastra-scaled.jpg\" \/>\n\t<meta property=\"og:image:width\" content=\"2560\" \/>\n\t<meta property=\"og:image:height\" content=\"2560\" \/>\n\t<meta property=\"og:image:type\" content=\"image\/jpeg\" \/>\n<meta name=\"twitter:card\" content=\"summary_large_image\" \/>\n<meta name=\"twitter:label1\" content=\"Est. reading time\" \/>\n\t<meta name=\"twitter:data1\" content=\"1 minute\" \/>\n<script type=\"application\/ld+json\" class=\"yoast-schema-graph\">{\"@context\":\"https:\/\/schema.org\",\"@graph\":[{\"@type\":\"WebPage\",\"@id\":\"https:\/\/www.silknuit.com\/produs\/cutie-cadou-mariniere-bleu\/\",\"url\":\"https:\/\/www.silknuit.com\/produs\/cutie-cadou-mariniere-bleu\/\",\"name\":\"Cutie cadou Mariniere Bleu - Silk Nuit\",\"isPartOf\":{\"@id\":\"https:\/\/www.silknuit.com\/#website\"},\"primaryImageOfPage\":{\"@id\":\"https:\/\/www.silknuit.com\/produs\/cutie-cadou-mariniere-bleu\/#primaryimage\"},\"image\":{\"@id\":\"https:\/\/www.silknuit.com\/produs\/cutie-cadou-mariniere-bleu\/#primaryimage\"},\"thumbnailUrl\":\"https:\/\/www.silknuit.com\/wp-content\/uploads\/2023\/12\/pijama-albastra-scaled.jpg\",\"datePublished\":\"2023-12-03T22:45:53+00:00\",\"dateModified\":\"2026-02-09T09:43:30+00:00\",\"description\":\"Cutia Cadou Marini\u00e8re Blue: compleu brodat 100% bumbac, m\u0103rimi relaxate + set Silk Nuit Wellbeing. Cadoul ideal pentru Cr\u0103ciun, pentru ea.\",\"breadcrumb\":{\"@id\":\"https:\/\/www.silknuit.com\/produs\/cutie-cadou-mariniere-bleu\/#breadcrumb\"},\"inLanguage\":\"en-US\",\"potentialAction\":[{\"@type\":\"ReadAction\",\"target\":[\"https:\/\/www.silknuit.com\/produs\/cutie-cadou-mariniere-bleu\/\"]}]},{\"@type\":\"ImageObject\",\"inLanguage\":\"en-US\",\"@id\":\"https:\/\/www.silknuit.com\/produs\/cutie-cadou-mariniere-bleu\/#primaryimage\",\"url\":\"https:\/\/www.silknuit.com\/wp-content\/uploads\/2023\/12\/pijama-albastra-scaled.jpg\",\"contentUrl\":\"https:\/\/www.silknuit.com\/wp-content\/uploads\/2023\/12\/pijama-albastra-scaled.jpg\",\"width\":2560,\"height\":2560},{\"@type\":\"BreadcrumbList\",\"@id\":\"https:\/\/www.silknuit.com\/produs\/cutie-cadou-mariniere-bleu\/#breadcrumb\",\"itemListElement\":[{\"@type\":\"ListItem\",\"position\":1,\"name\":\"Prima pagin\u0103\",\"item\":\"https:\/\/www.silknuit.com\/\"},{\"@type\":\"ListItem\",\"position\":2,\"name\":\"Magazin\",\"item\":\"https:\/\/www.silknuit.com\/magazin\/\"},{\"@type\":\"ListItem\",\"position\":3,\"name\":\"Cutie cadou Mariniere Bleu\"}]},{\"@type\":\"WebSite\",\"@id\":\"https:\/\/www.silknuit.com\/#website\",\"url\":\"https:\/\/www.silknuit.com\/\",\"name\":\"Silk Nuit\",\"description\":\"Silk Nuit\",\"publisher\":{\"@id\":\"https:\/\/www.silknuit.com\/#organization\"},\"potentialAction\":[{\"@type\":\"SearchAction\",\"target\":{\"@type\":\"EntryPoint\",\"urlTemplate\":\"https:\/\/www.silknuit.com\/?s={search_term_string}\"},\"query-input\":\"required name=search_term_string\"}],\"inLanguage\":\"en-US\"},{\"@type\":\"Organization\",\"@id\":\"https:\/\/www.silknuit.com\/#organization\",\"name\":\"Silk Nuit\",\"url\":\"https:\/\/www.silknuit.com\/\",\"logo\":{\"@type\":\"ImageObject\",\"inLanguage\":\"en-US\",\"@id\":\"https:\/\/www.silknuit.com\/#\/schema\/logo\/image\/\",\"url\":\"https:\/\/www.silknuit.com\/wp-content\/uploads\/2018\/12\/cropped-logo-silk-nuit.jpg\",\"contentUrl\":\"https:\/\/www.silknuit.com\/wp-content\/uploads\/2018\/12\/cropped-logo-silk-nuit.jpg\",\"width\":512,\"height\":512,\"caption\":\"Silk Nuit\"},\"image\":{\"@id\":\"https:\/\/www.silknuit.com\/#\/schema\/logo\/image\/\"},\"sameAs\":[\"https:\/\/www.instagram.com\/silknuit\/\"]}]}<\/script>\n<!-- \/ Yoast SEO plugin. -->","yoast_head_json":{"title":"Cutie cadou Mariniere Bleu - Silk Nuit","description":"Cutia Cadou Marini\u00e8re Blue: compleu brodat 100% bumbac, m\u0103rimi relaxate + set Silk Nuit Wellbeing. Cadoul ideal pentru Cr\u0103ciun, pentru ea.","robots":{"index":"index","follow":"follow","max-snippet":"max-snippet:-1","max-image-preview":"max-image-preview:large","max-video-preview":"max-video-preview:-1"},"canonical":"https:\/\/www.silknuit.com\/en\/product\/cutie-cadou-mariniere-bleu\/","og_locale":"en_US","og_type":"article","og_title":"Cutie cadou Mariniere Bleu - Silk Nuit","og_description":"Cutia Cadou Marini\u00e8re Blue: compleu brodat 100% bumbac, m\u0103rimi relaxate + set Silk Nuit Wellbeing. Cadoul ideal pentru Cr\u0103ciun, pentru ea.","og_url":"https:\/\/www.silknuit.com\/en\/product\/cutie-cadou-mariniere-bleu\/","og_site_name":"Silk Nuit","article_modified_time":"2026-02-09T09:43:30+00:00","og_image":[{"url":"https:\/\/www.silknuit.com\/wp-content\/uploads\/2023\/12\/pijama-albastra-scaled.jpg","width":2560,"height":2560,"type":"image\/jpeg"}],"twitter_card":"summary_large_image","twitter_misc":{"Est. reading time":"1 minute"},"schema":{"@context":"https:\/\/schema.org","@graph":[{"@type":"WebPage","@id":"https:\/\/www.silknuit.com\/produs\/cutie-cadou-mariniere-bleu\/","url":"https:\/\/www.silknuit.com\/produs\/cutie-cadou-mariniere-bleu\/","name":"Cutie cadou Mariniere Bleu - Silk Nuit","isPartOf":{"@id":"https:\/\/www.silknuit.com\/#website"},"primaryImageOfPage":{"@id":"https:\/\/www.silknuit.com\/produs\/cutie-cadou-mariniere-bleu\/#primaryimage"},"image":{"@id":"https:\/\/www.silknuit.com\/produs\/cutie-cadou-mariniere-bleu\/#primaryimage"},"thumbnailUrl":"https:\/\/www.silknuit.com\/wp-content\/uploads\/2023\/12\/pijama-albastra-scaled.jpg","datePublished":"2023-12-03T22:45:53+00:00","dateModified":"2026-02-09T09:43:30+00:00","description":"Cutia Cadou Marini\u00e8re Blue: compleu brodat 100% bumbac, m\u0103rimi relaxate + set Silk Nuit Wellbeing. Cadoul ideal pentru Cr\u0103ciun, pentru ea.","breadcrumb":{"@id":"https:\/\/www.silknuit.com\/produs\/cutie-cadou-mariniere-bleu\/#breadcrumb"},"inLanguage":"en-US","potentialAction":[{"@type":"ReadAction","target":["https:\/\/www.silknuit.com\/produs\/cutie-cadou-mariniere-bleu\/"]}]},{"@type":"ImageObject","inLanguage":"en-US","@id":"https:\/\/www.silknuit.com\/produs\/cutie-cadou-mariniere-bleu\/#primaryimage","url":"https:\/\/www.silknuit.com\/wp-content\/uploads\/2023\/12\/pijama-albastra-scaled.jpg","contentUrl":"https:\/\/www.silknuit.com\/wp-content\/uploads\/2023\/12\/pijama-albastra-scaled.jpg","width":2560,"height":2560},{"@type":"BreadcrumbList","@id":"https:\/\/www.silknuit.com\/produs\/cutie-cadou-mariniere-bleu\/#breadcrumb","itemListElement":[{"@type":"ListItem","position":1,"name":"Prima pagin\u0103","item":"https:\/\/www.silknuit.com\/"},{"@type":"ListItem","position":2,"name":"Magazin","item":"https:\/\/www.silknuit.com\/magazin\/"},{"@type":"ListItem","position":3,"name":"Cutie cadou Mariniere Bleu"}]},{"@type":"WebSite","@id":"https:\/\/www.silknuit.com\/#website","url":"https:\/\/www.silknuit.com\/","name":"Silk Nuit","description":"Silk Nuit","publisher":{"@id":"https:\/\/www.silknuit.com\/#organization"},"potentialAction":[{"@type":"SearchAction","target":{"@type":"EntryPoint","urlTemplate":"https:\/\/www.silknuit.com\/?s={search_term_string}"},"query-input":"required name=search_term_string"}],"inLanguage":"en-US"},{"@type":"Organization","@id":"https:\/\/www.silknuit.com\/#organization","name":"Silk Nuit","url":"https:\/\/www.silknuit.com\/","logo":{"@type":"ImageObject","inLanguage":"en-US","@id":"https:\/\/www.silknuit.com\/#\/schema\/logo\/image\/","url":"https:\/\/www.silknuit.com\/wp-content\/uploads\/2018\/12\/cropped-logo-silk-nuit.jpg","contentUrl":"https:\/\/www.silknuit.com\/wp-content\/uploads\/2018\/12\/cropped-logo-silk-nuit.jpg","width":512,"height":512,"caption":"Silk Nuit"},"image":{"@id":"https:\/\/www.silknuit.com\/#\/schema\/logo\/image\/"},"sameAs":["https:\/\/www.instagram.com\/silknuit\/"]}]}},"jetpack_sharing_enabled":true,"_links":{"self":[{"href":"https:\/\/www.silknuit.com\/en\/wp-json\/wp\/v2\/product\/15546","targetHints":{"allow":["GET"]}}],"collection":[{"href":"https:\/\/www.silknuit.com\/en\/wp-json\/wp\/v2\/product"}],"about":[{"href":"https:\/\/www.silknuit.com\/en\/wp-json\/wp\/v2\/types\/product"}],"wp:featuredmedia":[{"embeddable":true,"href":"https:\/\/www.silknuit.com\/en\/wp-json\/wp\/v2\/media\/16768"}],"wp:attachment":[{"href":"https:\/\/www.silknuit.com\/en\/wp-json\/wp\/v2\/media?parent=15546"}],"wp:term":[{"taxonomy":"product_brand","embeddable":true,"href":"https:\/\/www.silknuit.com\/en\/wp-json\/wp\/v2\/product_brand?post=15546"},{"taxonomy":"product_cat","embeddable":true,"href":"https:\/\/www.silknuit.com\/en\/wp-json\/wp\/v2\/product_cat?post=15546"},{"taxonomy":"product_tag","embeddable":true,"href":"https:\/\/www.silknuit.com\/en\/wp-json\/wp\/v2\/product_tag?post=15546"}],"curies":[{"name":"wp","href":"https:\/\/api.w.org\/{rel}","templated":true}]}}