{"id":15549,"date":"2023-12-03T22:55:07","date_gmt":"2023-12-03T22:55:07","guid":{"rendered":"https:\/\/www.silknuit.com\/?post_type=product&#038;p=15549"},"modified":"2026-02-09T09:41:45","modified_gmt":"2026-02-09T09:41:45","slug":"cutie-cadou-craciun-mariniere-rouge","status":"publish","type":"product","link":"https:\/\/www.silknuit.com\/en\/product\/cutie-cadou-craciun-mariniere-rouge\/","title":{"rendered":"Cutie cadou Mariniere Rouge"},"content":{"rendered":"<p>Cutia cadou Marini\u00e8re Rouge este alegerea ideal\u0103 pentru Cr\u0103ciun: un mix elegant \u00eentre mod\u0103, confort \u0219i wellbeing .<\/p>\n<p>Ce con\u021bine:<\/p>\n<p><strong>*Compleu Marini\u00e8re\u00a0 Rouge (100% bumbac)<\/strong><br \/>\nMoale, respirabil \u0219i versatil \u2014 perfect pentru relaxarea de acas\u0103 sau pentru purtat \u00een ora\u0219. Un look atemporal, inspirat din stilul marinar francez.<\/p>\n<p>Compleu are broderia Silk Nuit pe maneca dreapta .<\/p>\n<p>Croiala este relaxata ,conceput pentru a oferi libertate de miscare .<\/p>\n<p><strong>*Set Silk Nuit Wellbeing<\/strong><br \/>\nDifuzor, lum\u00e2nare parfumat\u0103 \u0219i odorizant spray, create pentru a transforma orice \u00eenc\u0103pere \u00eentr-un spa\u021biu calm \u0219i festiv. Aromele elegante sunt ideale pentru serile de iarn\u0103.<\/p>\n<p><strong>* Cutie mare premium cu inchidere magnetica 41cm x31 cm<\/strong><br \/>\nAmbalat\u0103 impecabil, gata de oferit cadou pentru Cr\u0103ciun, Secret Santa sau cadouri corporate.<\/p>","protected":false},"excerpt":{"rendered":"<p>Compleu Mariniere Rouge Set Silk Nuit Wellbeing cutie mare premium cu inchidere magnetica 41cm x 31cm<\/p>","protected":false},"featured_media":16771,"template":"","meta":[],"product_brand":[],"product_cat":[158],"product_tag":[],"class_list":{"0":"post-15549","1":"product","2":"type-product","3":"status-publish","4":"has-post-thumbnail","6":"product_cat-gifts","8":"first","9":"instock","10":"taxable","11":"shipping-taxable","12":"purchasable","13":"product-type-variable","14":"thumb-has-effect","15":"prod-rating-off"},"yoast_head":"<!-- This site is optimized with the Yoast SEO plugin v23.1 - https:\/\/yoast.com\/wordpress\/plugins\/seo\/ -->\n<title>Cutie cadou Mariniere Rouge -<\/title>\n<meta name=\"description\" content=\"utia Cadou Marini\u00e8re Rouge ; compleu brodat 100% bumbac, m\u0103rimi relaxate + set Silk Nuit Wellbeing. Cadoul ideal pentru Cr\u0103ciun, pentru ea .\" \/>\n<meta name=\"robots\" content=\"index, follow, max-snippet:-1, max-image-preview:large, max-video-preview:-1\" \/>\n<link rel=\"canonical\" href=\"https:\/\/www.silknuit.com\/en\/product\/cutie-cadou-craciun-mariniere-rouge\/\" \/>\n<meta property=\"og:locale\" content=\"en_US\" \/>\n<meta property=\"og:type\" content=\"article\" \/>\n<meta property=\"og:title\" content=\"Cutie cadou Mariniere Rouge -\" \/>\n<meta property=\"og:description\" content=\"utia Cadou Marini\u00e8re Rouge ; compleu brodat 100% bumbac, m\u0103rimi relaxate + set Silk Nuit Wellbeing. Cadoul ideal pentru Cr\u0103ciun, pentru ea .\" \/>\n<meta property=\"og:url\" content=\"https:\/\/www.silknuit.com\/en\/product\/cutie-cadou-craciun-mariniere-rouge\/\" \/>\n<meta property=\"og:site_name\" content=\"Silk Nuit\" \/>\n<meta property=\"article:modified_time\" content=\"2026-02-09T09:41:45+00:00\" \/>\n<meta property=\"og:image\" content=\"https:\/\/www.silknuit.com\/wp-content\/uploads\/2023\/12\/pijama-roz-copy-scaled.jpg\" \/>\n\t<meta property=\"og:image:width\" content=\"2560\" \/>\n\t<meta property=\"og:image:height\" content=\"2560\" \/>\n\t<meta property=\"og:image:type\" content=\"image\/jpeg\" \/>\n<meta name=\"twitter:card\" content=\"summary_large_image\" \/>\n<meta name=\"twitter:label1\" content=\"Est. reading time\" \/>\n\t<meta name=\"twitter:data1\" content=\"1 minute\" \/>\n<script type=\"application\/ld+json\" class=\"yoast-schema-graph\">{\"@context\":\"https:\/\/schema.org\",\"@graph\":[{\"@type\":\"WebPage\",\"@id\":\"https:\/\/www.silknuit.com\/produs\/cutie-cadou-craciun-mariniere-rouge\/\",\"url\":\"https:\/\/www.silknuit.com\/produs\/cutie-cadou-craciun-mariniere-rouge\/\",\"name\":\"Cutie cadou Mariniere Rouge -\",\"isPartOf\":{\"@id\":\"https:\/\/www.silknuit.com\/#website\"},\"primaryImageOfPage\":{\"@id\":\"https:\/\/www.silknuit.com\/produs\/cutie-cadou-craciun-mariniere-rouge\/#primaryimage\"},\"image\":{\"@id\":\"https:\/\/www.silknuit.com\/produs\/cutie-cadou-craciun-mariniere-rouge\/#primaryimage\"},\"thumbnailUrl\":\"https:\/\/www.silknuit.com\/wp-content\/uploads\/2023\/12\/pijama-roz-copy-scaled.jpg\",\"datePublished\":\"2023-12-03T22:55:07+00:00\",\"dateModified\":\"2026-02-09T09:41:45+00:00\",\"description\":\"utia Cadou Marini\u00e8re Rouge ; compleu brodat 100% bumbac, m\u0103rimi relaxate + set Silk Nuit Wellbeing. Cadoul ideal pentru Cr\u0103ciun, pentru ea .\",\"breadcrumb\":{\"@id\":\"https:\/\/www.silknuit.com\/produs\/cutie-cadou-craciun-mariniere-rouge\/#breadcrumb\"},\"inLanguage\":\"en-US\",\"potentialAction\":[{\"@type\":\"ReadAction\",\"target\":[\"https:\/\/www.silknuit.com\/produs\/cutie-cadou-craciun-mariniere-rouge\/\"]}]},{\"@type\":\"ImageObject\",\"inLanguage\":\"en-US\",\"@id\":\"https:\/\/www.silknuit.com\/produs\/cutie-cadou-craciun-mariniere-rouge\/#primaryimage\",\"url\":\"https:\/\/www.silknuit.com\/wp-content\/uploads\/2023\/12\/pijama-roz-copy-scaled.jpg\",\"contentUrl\":\"https:\/\/www.silknuit.com\/wp-content\/uploads\/2023\/12\/pijama-roz-copy-scaled.jpg\",\"width\":2560,\"height\":2560},{\"@type\":\"BreadcrumbList\",\"@id\":\"https:\/\/www.silknuit.com\/produs\/cutie-cadou-craciun-mariniere-rouge\/#breadcrumb\",\"itemListElement\":[{\"@type\":\"ListItem\",\"position\":1,\"name\":\"Prima pagin\u0103\",\"item\":\"https:\/\/www.silknuit.com\/\"},{\"@type\":\"ListItem\",\"position\":2,\"name\":\"Magazin\",\"item\":\"https:\/\/www.silknuit.com\/magazin\/\"},{\"@type\":\"ListItem\",\"position\":3,\"name\":\"Cutie cadou Mariniere Rouge\"}]},{\"@type\":\"WebSite\",\"@id\":\"https:\/\/www.silknuit.com\/#website\",\"url\":\"https:\/\/www.silknuit.com\/\",\"name\":\"Silk Nuit\",\"description\":\"Silk Nuit\",\"publisher\":{\"@id\":\"https:\/\/www.silknuit.com\/#organization\"},\"potentialAction\":[{\"@type\":\"SearchAction\",\"target\":{\"@type\":\"EntryPoint\",\"urlTemplate\":\"https:\/\/www.silknuit.com\/?s={search_term_string}\"},\"query-input\":\"required name=search_term_string\"}],\"inLanguage\":\"en-US\"},{\"@type\":\"Organization\",\"@id\":\"https:\/\/www.silknuit.com\/#organization\",\"name\":\"Silk Nuit\",\"url\":\"https:\/\/www.silknuit.com\/\",\"logo\":{\"@type\":\"ImageObject\",\"inLanguage\":\"en-US\",\"@id\":\"https:\/\/www.silknuit.com\/#\/schema\/logo\/image\/\",\"url\":\"https:\/\/www.silknuit.com\/wp-content\/uploads\/2018\/12\/cropped-logo-silk-nuit.jpg\",\"contentUrl\":\"https:\/\/www.silknuit.com\/wp-content\/uploads\/2018\/12\/cropped-logo-silk-nuit.jpg\",\"width\":512,\"height\":512,\"caption\":\"Silk Nuit\"},\"image\":{\"@id\":\"https:\/\/www.silknuit.com\/#\/schema\/logo\/image\/\"},\"sameAs\":[\"https:\/\/www.instagram.com\/silknuit\/\"]}]}<\/script>\n<!-- \/ Yoast SEO plugin. -->","yoast_head_json":{"title":"Cutie cadou Mariniere Rouge -","description":"utia Cadou Marini\u00e8re Rouge ; compleu brodat 100% bumbac, m\u0103rimi relaxate + set Silk Nuit Wellbeing. Cadoul ideal pentru Cr\u0103ciun, pentru ea .","robots":{"index":"index","follow":"follow","max-snippet":"max-snippet:-1","max-image-preview":"max-image-preview:large","max-video-preview":"max-video-preview:-1"},"canonical":"https:\/\/www.silknuit.com\/en\/product\/cutie-cadou-craciun-mariniere-rouge\/","og_locale":"en_US","og_type":"article","og_title":"Cutie cadou Mariniere Rouge -","og_description":"utia Cadou Marini\u00e8re Rouge ; compleu brodat 100% bumbac, m\u0103rimi relaxate + set Silk Nuit Wellbeing. Cadoul ideal pentru Cr\u0103ciun, pentru ea .","og_url":"https:\/\/www.silknuit.com\/en\/product\/cutie-cadou-craciun-mariniere-rouge\/","og_site_name":"Silk Nuit","article_modified_time":"2026-02-09T09:41:45+00:00","og_image":[{"url":"https:\/\/www.silknuit.com\/wp-content\/uploads\/2023\/12\/pijama-roz-copy-scaled.jpg","width":2560,"height":2560,"type":"image\/jpeg"}],"twitter_card":"summary_large_image","twitter_misc":{"Est. reading time":"1 minute"},"schema":{"@context":"https:\/\/schema.org","@graph":[{"@type":"WebPage","@id":"https:\/\/www.silknuit.com\/produs\/cutie-cadou-craciun-mariniere-rouge\/","url":"https:\/\/www.silknuit.com\/produs\/cutie-cadou-craciun-mariniere-rouge\/","name":"Cutie cadou Mariniere Rouge -","isPartOf":{"@id":"https:\/\/www.silknuit.com\/#website"},"primaryImageOfPage":{"@id":"https:\/\/www.silknuit.com\/produs\/cutie-cadou-craciun-mariniere-rouge\/#primaryimage"},"image":{"@id":"https:\/\/www.silknuit.com\/produs\/cutie-cadou-craciun-mariniere-rouge\/#primaryimage"},"thumbnailUrl":"https:\/\/www.silknuit.com\/wp-content\/uploads\/2023\/12\/pijama-roz-copy-scaled.jpg","datePublished":"2023-12-03T22:55:07+00:00","dateModified":"2026-02-09T09:41:45+00:00","description":"utia Cadou Marini\u00e8re Rouge ; compleu brodat 100% bumbac, m\u0103rimi relaxate + set Silk Nuit Wellbeing. Cadoul ideal pentru Cr\u0103ciun, pentru ea .","breadcrumb":{"@id":"https:\/\/www.silknuit.com\/produs\/cutie-cadou-craciun-mariniere-rouge\/#breadcrumb"},"inLanguage":"en-US","potentialAction":[{"@type":"ReadAction","target":["https:\/\/www.silknuit.com\/produs\/cutie-cadou-craciun-mariniere-rouge\/"]}]},{"@type":"ImageObject","inLanguage":"en-US","@id":"https:\/\/www.silknuit.com\/produs\/cutie-cadou-craciun-mariniere-rouge\/#primaryimage","url":"https:\/\/www.silknuit.com\/wp-content\/uploads\/2023\/12\/pijama-roz-copy-scaled.jpg","contentUrl":"https:\/\/www.silknuit.com\/wp-content\/uploads\/2023\/12\/pijama-roz-copy-scaled.jpg","width":2560,"height":2560},{"@type":"BreadcrumbList","@id":"https:\/\/www.silknuit.com\/produs\/cutie-cadou-craciun-mariniere-rouge\/#breadcrumb","itemListElement":[{"@type":"ListItem","position":1,"name":"Prima pagin\u0103","item":"https:\/\/www.silknuit.com\/"},{"@type":"ListItem","position":2,"name":"Magazin","item":"https:\/\/www.silknuit.com\/magazin\/"},{"@type":"ListItem","position":3,"name":"Cutie cadou Mariniere Rouge"}]},{"@type":"WebSite","@id":"https:\/\/www.silknuit.com\/#website","url":"https:\/\/www.silknuit.com\/","name":"Silk Nuit","description":"Silk Nuit","publisher":{"@id":"https:\/\/www.silknuit.com\/#organization"},"potentialAction":[{"@type":"SearchAction","target":{"@type":"EntryPoint","urlTemplate":"https:\/\/www.silknuit.com\/?s={search_term_string}"},"query-input":"required name=search_term_string"}],"inLanguage":"en-US"},{"@type":"Organization","@id":"https:\/\/www.silknuit.com\/#organization","name":"Silk Nuit","url":"https:\/\/www.silknuit.com\/","logo":{"@type":"ImageObject","inLanguage":"en-US","@id":"https:\/\/www.silknuit.com\/#\/schema\/logo\/image\/","url":"https:\/\/www.silknuit.com\/wp-content\/uploads\/2018\/12\/cropped-logo-silk-nuit.jpg","contentUrl":"https:\/\/www.silknuit.com\/wp-content\/uploads\/2018\/12\/cropped-logo-silk-nuit.jpg","width":512,"height":512,"caption":"Silk Nuit"},"image":{"@id":"https:\/\/www.silknuit.com\/#\/schema\/logo\/image\/"},"sameAs":["https:\/\/www.instagram.com\/silknuit\/"]}]}},"jetpack_sharing_enabled":true,"_links":{"self":[{"href":"https:\/\/www.silknuit.com\/en\/wp-json\/wp\/v2\/product\/15549","targetHints":{"allow":["GET"]}}],"collection":[{"href":"https:\/\/www.silknuit.com\/en\/wp-json\/wp\/v2\/product"}],"about":[{"href":"https:\/\/www.silknuit.com\/en\/wp-json\/wp\/v2\/types\/product"}],"wp:featuredmedia":[{"embeddable":true,"href":"https:\/\/www.silknuit.com\/en\/wp-json\/wp\/v2\/media\/16771"}],"wp:attachment":[{"href":"https:\/\/www.silknuit.com\/en\/wp-json\/wp\/v2\/media?parent=15549"}],"wp:term":[{"taxonomy":"product_brand","embeddable":true,"href":"https:\/\/www.silknuit.com\/en\/wp-json\/wp\/v2\/product_brand?post=15549"},{"taxonomy":"product_cat","embeddable":true,"href":"https:\/\/www.silknuit.com\/en\/wp-json\/wp\/v2\/product_cat?post=15549"},{"taxonomy":"product_tag","embeddable":true,"href":"https:\/\/www.silknuit.com\/en\/wp-json\/wp\/v2\/product_tag?post=15549"}],"curies":[{"name":"wp","href":"https:\/\/api.w.org\/{rel}","templated":true}]}}