{"id":16223,"date":"2024-11-20T08:54:08","date_gmt":"2024-11-20T08:54:08","guid":{"rendered":"https:\/\/www.silknuit.com\/?post_type=product&#038;p=16223"},"modified":"2026-04-03T10:12:57","modified_gmt":"2026-04-03T10:12:57","slug":"pijama-lunga-noelle","status":"publish","type":"product","link":"https:\/\/www.silknuit.com\/en\/product\/pijama-lunga-noelle\/","title":{"rendered":"Pijama lung\u0103 Noelle"},"content":{"rendered":"<p><span style=\"vertical-align: inherit;\"><span style=\"vertical-align: inherit;\">95% polyester 5% elastane<\/span><\/span><\/p>\n<p><img decoding=\"async\" class=\"alignnone size-full wp-image-13564\" src=\"https:\/\/www.silknuit.com\/wp-content\/uploads\/2021\/08\/care.png\" alt=\"\" width=\"140\" height=\"20\" \/><\/p>\n<p><span style=\"font-weight: 400;\"><span style=\"vertical-align: inherit;\"><span style=\"vertical-align: inherit;\">Machine wash, maximum 30 degrees, delicate program.<\/span><\/span><\/span><\/p>","protected":false},"excerpt":{"rendered":"<p>With a classic design and an elegant cut, the Noelle by Silk Nuit long pyjamas are perfect for cooler evenings or late mornings. The fine material and soft texture provide&hellip;<\/p>","protected":false},"featured_media":16237,"template":"","meta":[],"product_brand":[],"product_cat":[159,101],"product_tag":[],"class_list":{"0":"post-16223","1":"product","2":"type-product","3":"status-publish","4":"has-post-thumbnail","6":"product_cat-sales","7":"product_cat-sleepwear","9":"first","10":"instock","11":"sale","12":"taxable","13":"shipping-taxable","14":"purchasable","15":"product-type-variable","16":"has-default-attributes","17":"thumb-has-effect","18":"prod-rating-off"},"yoast_head":"<!-- This site is optimized with the Yoast SEO plugin v23.1 - https:\/\/yoast.com\/wordpress\/plugins\/seo\/ -->\n<title>Pijama lung\u0103 Noelle - Silk Nuit<\/title>\n<meta name=\"robots\" content=\"index, follow, max-snippet:-1, max-image-preview:large, max-video-preview:-1\" \/>\n<link rel=\"canonical\" href=\"https:\/\/www.silknuit.com\/en\/product\/pijama-lunga-noelle\/\" \/>\n<meta property=\"og:locale\" content=\"en_US\" \/>\n<meta property=\"og:type\" content=\"article\" \/>\n<meta property=\"og:title\" content=\"Pijama lung\u0103 Noelle - Silk Nuit\" \/>\n<meta property=\"og:description\" content=\"With a classic design and an elegant cut, the Noelle by Silk Nuit long pyjamas are perfect for cooler evenings or late mornings. The fine material and soft texture provide&hellip;\" \/>\n<meta property=\"og:url\" content=\"https:\/\/www.silknuit.com\/en\/product\/pijama-lunga-noelle\/\" \/>\n<meta property=\"og:site_name\" content=\"Silk Nuit\" \/>\n<meta property=\"article:modified_time\" content=\"2026-04-03T10:12:57+00:00\" \/>\n<meta property=\"og:image\" content=\"https:\/\/www.silknuit.com\/wp-content\/uploads\/2024\/11\/SilkNuit0120-1-scaled.jpg\" \/>\n\t<meta property=\"og:image:width\" content=\"1706\" \/>\n\t<meta property=\"og:image:height\" content=\"2560\" \/>\n\t<meta property=\"og:image:type\" content=\"image\/jpeg\" \/>\n<meta name=\"twitter:card\" content=\"summary_large_image\" \/>\n<meta name=\"twitter:label1\" content=\"Est. reading time\" \/>\n\t<meta name=\"twitter:data1\" content=\"1 minute\" \/>\n<script type=\"application\/ld+json\" class=\"yoast-schema-graph\">{\"@context\":\"https:\/\/schema.org\",\"@graph\":[{\"@type\":\"WebPage\",\"@id\":\"https:\/\/www.silknuit.com\/produs\/pijama-lunga-noelle\/\",\"url\":\"https:\/\/www.silknuit.com\/produs\/pijama-lunga-noelle\/\",\"name\":\"Pijama lung\u0103 Noelle - Silk Nuit\",\"isPartOf\":{\"@id\":\"https:\/\/www.silknuit.com\/#website\"},\"primaryImageOfPage\":{\"@id\":\"https:\/\/www.silknuit.com\/produs\/pijama-lunga-noelle\/#primaryimage\"},\"image\":{\"@id\":\"https:\/\/www.silknuit.com\/produs\/pijama-lunga-noelle\/#primaryimage\"},\"thumbnailUrl\":\"https:\/\/www.silknuit.com\/wp-content\/uploads\/2024\/11\/SilkNuit0120-1-scaled.jpg\",\"datePublished\":\"2024-11-20T08:54:08+00:00\",\"dateModified\":\"2026-04-03T10:12:57+00:00\",\"breadcrumb\":{\"@id\":\"https:\/\/www.silknuit.com\/produs\/pijama-lunga-noelle\/#breadcrumb\"},\"inLanguage\":\"en-US\",\"potentialAction\":[{\"@type\":\"ReadAction\",\"target\":[\"https:\/\/www.silknuit.com\/produs\/pijama-lunga-noelle\/\"]}]},{\"@type\":\"ImageObject\",\"inLanguage\":\"en-US\",\"@id\":\"https:\/\/www.silknuit.com\/produs\/pijama-lunga-noelle\/#primaryimage\",\"url\":\"https:\/\/www.silknuit.com\/wp-content\/uploads\/2024\/11\/SilkNuit0120-1-scaled.jpg\",\"contentUrl\":\"https:\/\/www.silknuit.com\/wp-content\/uploads\/2024\/11\/SilkNuit0120-1-scaled.jpg\",\"width\":1706,\"height\":2560,\"caption\":\"Pijama lung\u0103 Noelle by Silk Nuit, disponibil\u0103 \u00een ro\u0219u \u0219i verde, ofer\u0103 confort elegant pentru serile r\u0103coroase. Produs\u0103 cu grij\u0103 \u00een Rom\u00e2nia.\"},{\"@type\":\"BreadcrumbList\",\"@id\":\"https:\/\/www.silknuit.com\/produs\/pijama-lunga-noelle\/#breadcrumb\",\"itemListElement\":[{\"@type\":\"ListItem\",\"position\":1,\"name\":\"Prima pagin\u0103\",\"item\":\"https:\/\/www.silknuit.com\/\"},{\"@type\":\"ListItem\",\"position\":2,\"name\":\"Magazin\",\"item\":\"https:\/\/www.silknuit.com\/magazin\/\"},{\"@type\":\"ListItem\",\"position\":3,\"name\":\"Pijama lung\u0103 Noelle\"}]},{\"@type\":\"WebSite\",\"@id\":\"https:\/\/www.silknuit.com\/#website\",\"url\":\"https:\/\/www.silknuit.com\/\",\"name\":\"Silk Nuit\",\"description\":\"Silk Nuit\",\"publisher\":{\"@id\":\"https:\/\/www.silknuit.com\/#organization\"},\"potentialAction\":[{\"@type\":\"SearchAction\",\"target\":{\"@type\":\"EntryPoint\",\"urlTemplate\":\"https:\/\/www.silknuit.com\/?s={search_term_string}\"},\"query-input\":\"required name=search_term_string\"}],\"inLanguage\":\"en-US\"},{\"@type\":\"Organization\",\"@id\":\"https:\/\/www.silknuit.com\/#organization\",\"name\":\"Silk Nuit\",\"url\":\"https:\/\/www.silknuit.com\/\",\"logo\":{\"@type\":\"ImageObject\",\"inLanguage\":\"en-US\",\"@id\":\"https:\/\/www.silknuit.com\/#\/schema\/logo\/image\/\",\"url\":\"https:\/\/www.silknuit.com\/wp-content\/uploads\/2018\/12\/cropped-logo-silk-nuit.jpg\",\"contentUrl\":\"https:\/\/www.silknuit.com\/wp-content\/uploads\/2018\/12\/cropped-logo-silk-nuit.jpg\",\"width\":512,\"height\":512,\"caption\":\"Silk Nuit\"},\"image\":{\"@id\":\"https:\/\/www.silknuit.com\/#\/schema\/logo\/image\/\"},\"sameAs\":[\"https:\/\/www.instagram.com\/silknuit\/\"]}]}<\/script>\n<!-- \/ Yoast SEO plugin. -->","yoast_head_json":{"title":"Pijama lung\u0103 Noelle - Silk Nuit","robots":{"index":"index","follow":"follow","max-snippet":"max-snippet:-1","max-image-preview":"max-image-preview:large","max-video-preview":"max-video-preview:-1"},"canonical":"https:\/\/www.silknuit.com\/en\/product\/pijama-lunga-noelle\/","og_locale":"en_US","og_type":"article","og_title":"Pijama lung\u0103 Noelle - Silk Nuit","og_description":"With a classic design and an elegant cut, the Noelle by Silk Nuit long pyjamas are perfect for cooler evenings or late mornings. The fine material and soft texture provide&hellip;","og_url":"https:\/\/www.silknuit.com\/en\/product\/pijama-lunga-noelle\/","og_site_name":"Silk Nuit","article_modified_time":"2026-04-03T10:12:57+00:00","og_image":[{"width":1706,"height":2560,"url":"https:\/\/www.silknuit.com\/wp-content\/uploads\/2024\/11\/SilkNuit0120-1-scaled.jpg","type":"image\/jpeg"}],"twitter_card":"summary_large_image","twitter_misc":{"Est. reading time":"1 minute"},"schema":{"@context":"https:\/\/schema.org","@graph":[{"@type":"WebPage","@id":"https:\/\/www.silknuit.com\/produs\/pijama-lunga-noelle\/","url":"https:\/\/www.silknuit.com\/produs\/pijama-lunga-noelle\/","name":"Pijama lung\u0103 Noelle - Silk Nuit","isPartOf":{"@id":"https:\/\/www.silknuit.com\/#website"},"primaryImageOfPage":{"@id":"https:\/\/www.silknuit.com\/produs\/pijama-lunga-noelle\/#primaryimage"},"image":{"@id":"https:\/\/www.silknuit.com\/produs\/pijama-lunga-noelle\/#primaryimage"},"thumbnailUrl":"https:\/\/www.silknuit.com\/wp-content\/uploads\/2024\/11\/SilkNuit0120-1-scaled.jpg","datePublished":"2024-11-20T08:54:08+00:00","dateModified":"2026-04-03T10:12:57+00:00","breadcrumb":{"@id":"https:\/\/www.silknuit.com\/produs\/pijama-lunga-noelle\/#breadcrumb"},"inLanguage":"en-US","potentialAction":[{"@type":"ReadAction","target":["https:\/\/www.silknuit.com\/produs\/pijama-lunga-noelle\/"]}]},{"@type":"ImageObject","inLanguage":"en-US","@id":"https:\/\/www.silknuit.com\/produs\/pijama-lunga-noelle\/#primaryimage","url":"https:\/\/www.silknuit.com\/wp-content\/uploads\/2024\/11\/SilkNuit0120-1-scaled.jpg","contentUrl":"https:\/\/www.silknuit.com\/wp-content\/uploads\/2024\/11\/SilkNuit0120-1-scaled.jpg","width":1706,"height":2560,"caption":"Pijama lung\u0103 Noelle by Silk Nuit, disponibil\u0103 \u00een ro\u0219u \u0219i verde, ofer\u0103 confort elegant pentru serile r\u0103coroase. Produs\u0103 cu grij\u0103 \u00een Rom\u00e2nia."},{"@type":"BreadcrumbList","@id":"https:\/\/www.silknuit.com\/produs\/pijama-lunga-noelle\/#breadcrumb","itemListElement":[{"@type":"ListItem","position":1,"name":"Prima pagin\u0103","item":"https:\/\/www.silknuit.com\/"},{"@type":"ListItem","position":2,"name":"Magazin","item":"https:\/\/www.silknuit.com\/magazin\/"},{"@type":"ListItem","position":3,"name":"Pijama lung\u0103 Noelle"}]},{"@type":"WebSite","@id":"https:\/\/www.silknuit.com\/#website","url":"https:\/\/www.silknuit.com\/","name":"Silk Nuit","description":"Silk Nuit","publisher":{"@id":"https:\/\/www.silknuit.com\/#organization"},"potentialAction":[{"@type":"SearchAction","target":{"@type":"EntryPoint","urlTemplate":"https:\/\/www.silknuit.com\/?s={search_term_string}"},"query-input":"required name=search_term_string"}],"inLanguage":"en-US"},{"@type":"Organization","@id":"https:\/\/www.silknuit.com\/#organization","name":"Silk Nuit","url":"https:\/\/www.silknuit.com\/","logo":{"@type":"ImageObject","inLanguage":"en-US","@id":"https:\/\/www.silknuit.com\/#\/schema\/logo\/image\/","url":"https:\/\/www.silknuit.com\/wp-content\/uploads\/2018\/12\/cropped-logo-silk-nuit.jpg","contentUrl":"https:\/\/www.silknuit.com\/wp-content\/uploads\/2018\/12\/cropped-logo-silk-nuit.jpg","width":512,"height":512,"caption":"Silk Nuit"},"image":{"@id":"https:\/\/www.silknuit.com\/#\/schema\/logo\/image\/"},"sameAs":["https:\/\/www.instagram.com\/silknuit\/"]}]}},"jetpack_sharing_enabled":true,"_links":{"self":[{"href":"https:\/\/www.silknuit.com\/en\/wp-json\/wp\/v2\/product\/16223","targetHints":{"allow":["GET"]}}],"collection":[{"href":"https:\/\/www.silknuit.com\/en\/wp-json\/wp\/v2\/product"}],"about":[{"href":"https:\/\/www.silknuit.com\/en\/wp-json\/wp\/v2\/types\/product"}],"wp:featuredmedia":[{"embeddable":true,"href":"https:\/\/www.silknuit.com\/en\/wp-json\/wp\/v2\/media\/16237"}],"wp:attachment":[{"href":"https:\/\/www.silknuit.com\/en\/wp-json\/wp\/v2\/media?parent=16223"}],"wp:term":[{"taxonomy":"product_brand","embeddable":true,"href":"https:\/\/www.silknuit.com\/en\/wp-json\/wp\/v2\/product_brand?post=16223"},{"taxonomy":"product_cat","embeddable":true,"href":"https:\/\/www.silknuit.com\/en\/wp-json\/wp\/v2\/product_cat?post=16223"},{"taxonomy":"product_tag","embeddable":true,"href":"https:\/\/www.silknuit.com\/en\/wp-json\/wp\/v2\/product_tag?post=16223"}],"curies":[{"name":"wp","href":"https:\/\/api.w.org\/{rel}","templated":true}]}}