{"id":16258,"date":"2024-11-26T13:56:43","date_gmt":"2024-11-26T13:56:43","guid":{"rendered":"https:\/\/www.silknuit.com\/?post_type=product&#038;p=16258"},"modified":"2025-04-09T08:06:05","modified_gmt":"2025-04-09T08:06:05","slug":"rochie-scurta-celestia","status":"publish","type":"product","link":"https:\/\/www.silknuit.com\/en\/product\/rochie-scurta-celestia\/","title":{"rendered":"Rochie scurt\u0103 CELESTIA"},"content":{"rendered":"<p>100% m\u0103tase natural\u0103<\/p>\n<p><img decoding=\"async\" class=\"alignnone size-full wp-image-13564\" src=\"https:\/\/www.silknuit.com\/wp-content\/uploads\/2021\/08\/care.png\" alt=\"\" width=\"140\" height=\"20\" \/><\/p>\n<p><span style=\"font-weight: 400;\">Spalare manual\u0103 la temperatur\u0103 sc\u0103zut\u0103.\u00a0<\/span><\/p>\n<p>Nu utiliza\u021bi \u00een\u0103lbitor. Nu usca\u021bi \u00een ma\u0219ina de uscat. Se poate c\u0103lca la temperatur\u0103 medie.<\/p>\n<p><strong>Not\u0103:<\/strong>\u00a0Este posibil ca materialul s\u0103 se mic\u0219oreze u\u0219or dup\u0103 sp\u0103lare.<\/p>","protected":false},"excerpt":{"rendered":"<p>Rochia scurt\u0103\u00a0CELESTIA \u00eembin\u0103 perfect rafinamentul cu simplitatea, av\u00e2nd un croi fluid care eviden\u021biaz\u0103 silueta \u0219i permite libertatea de mi\u0219care. Este realizat\u0103 din 100% m\u0103tase natural\u0103, un material delicat \u0219i elegant&hellip;<\/p>","protected":false},"featured_media":16262,"template":"","meta":[],"product_brand":[],"product_cat":[119],"product_tag":[],"class_list":{"0":"post-16258","1":"product","2":"type-product","3":"status-publish","4":"has-post-thumbnail","6":"product_cat-rochii","8":"first","9":"onbackorder","10":"taxable","11":"shipping-taxable","12":"purchasable","13":"product-type-variable","14":"has-default-attributes","15":"thumb-has-effect","16":"prod-rating-off"},"yoast_head":"<!-- This site is optimized with the Yoast SEO plugin v23.1 - https:\/\/yoast.com\/wordpress\/plugins\/seo\/ -->\n<title>Rochie scurt\u0103 CELESTIA din m\u0103tase natural\u0103 \u2013 Rafinament \u0219i confort premium marca Silk Nuit made in Romania<\/title>\n<meta name=\"description\" content=\"Descoper\u0103 rochia scurt\u0103 CELESTIA, realizat\u0103 din 100% m\u0103tase natural\u0103. Design feminin \u0219i croi fluid, perfect pentru relaxare sau ocazii speciale. Elegan\u021b\u0103 atemporal\u0103 la SilkNuit.com!\" \/>\n<meta name=\"robots\" content=\"index, follow, max-snippet:-1, max-image-preview:large, max-video-preview:-1\" \/>\n<link rel=\"canonical\" href=\"https:\/\/www.silknuit.com\/en\/product\/rochie-scurta-celestia\/\" \/>\n<meta property=\"og:locale\" content=\"en_US\" \/>\n<meta property=\"og:type\" content=\"article\" \/>\n<meta property=\"og:title\" content=\"Rochie scurt\u0103 CELESTIA din m\u0103tase natural\u0103 \u2013 Rafinament \u0219i confort premium marca Silk Nuit made in Romania\" \/>\n<meta property=\"og:description\" content=\"Descoper\u0103 rochia scurt\u0103 CELESTIA, realizat\u0103 din 100% m\u0103tase natural\u0103. Design feminin \u0219i croi fluid, perfect pentru relaxare sau ocazii speciale. Elegan\u021b\u0103 atemporal\u0103 la SilkNuit.com!\" \/>\n<meta property=\"og:url\" content=\"https:\/\/www.silknuit.com\/en\/product\/rochie-scurta-celestia\/\" \/>\n<meta property=\"og:site_name\" content=\"Silk Nuit\" \/>\n<meta property=\"article:modified_time\" content=\"2025-04-09T08:06:05+00:00\" \/>\n<meta property=\"og:image\" content=\"https:\/\/www.silknuit.com\/wp-content\/uploads\/2024\/11\/SilkNuit0488-scaled.jpg\" \/>\n\t<meta property=\"og:image:width\" content=\"1706\" \/>\n\t<meta property=\"og:image:height\" content=\"2560\" \/>\n\t<meta property=\"og:image:type\" content=\"image\/jpeg\" \/>\n<meta name=\"twitter:card\" content=\"summary_large_image\" \/>\n<meta name=\"twitter:label1\" content=\"Est. reading time\" \/>\n\t<meta name=\"twitter:data1\" content=\"1 minute\" \/>\n<script type=\"application\/ld+json\" class=\"yoast-schema-graph\">{\"@context\":\"https:\/\/schema.org\",\"@graph\":[{\"@type\":\"WebPage\",\"@id\":\"https:\/\/www.silknuit.com\/produs\/rochie-scurta-celestia\/\",\"url\":\"https:\/\/www.silknuit.com\/produs\/rochie-scurta-celestia\/\",\"name\":\"Rochie scurt\u0103 CELESTIA din m\u0103tase natural\u0103 \u2013 Rafinament \u0219i confort premium marca Silk Nuit made in Romania\",\"isPartOf\":{\"@id\":\"https:\/\/www.silknuit.com\/#website\"},\"primaryImageOfPage\":{\"@id\":\"https:\/\/www.silknuit.com\/produs\/rochie-scurta-celestia\/#primaryimage\"},\"image\":{\"@id\":\"https:\/\/www.silknuit.com\/produs\/rochie-scurta-celestia\/#primaryimage\"},\"thumbnailUrl\":\"https:\/\/www.silknuit.com\/wp-content\/uploads\/2024\/11\/SilkNuit0488-scaled.jpg\",\"datePublished\":\"2024-11-26T13:56:43+00:00\",\"dateModified\":\"2025-04-09T08:06:05+00:00\",\"description\":\"Descoper\u0103 rochia scurt\u0103 CELESTIA, realizat\u0103 din 100% m\u0103tase natural\u0103. Design feminin \u0219i croi fluid, perfect pentru relaxare sau ocazii speciale. Elegan\u021b\u0103 atemporal\u0103 la SilkNuit.com!\",\"breadcrumb\":{\"@id\":\"https:\/\/www.silknuit.com\/produs\/rochie-scurta-celestia\/#breadcrumb\"},\"inLanguage\":\"en-US\",\"potentialAction\":[{\"@type\":\"ReadAction\",\"target\":[\"https:\/\/www.silknuit.com\/produs\/rochie-scurta-celestia\/\"]}]},{\"@type\":\"ImageObject\",\"inLanguage\":\"en-US\",\"@id\":\"https:\/\/www.silknuit.com\/produs\/rochie-scurta-celestia\/#primaryimage\",\"url\":\"https:\/\/www.silknuit.com\/wp-content\/uploads\/2024\/11\/SilkNuit0488-scaled.jpg\",\"contentUrl\":\"https:\/\/www.silknuit.com\/wp-content\/uploads\/2024\/11\/SilkNuit0488-scaled.jpg\",\"width\":1706,\"height\":2560,\"caption\":\"Rochia CELESTIA \u2013 confort \u0219i rafinament, 100% m\u0103tase natural\u0103\"},{\"@type\":\"BreadcrumbList\",\"@id\":\"https:\/\/www.silknuit.com\/produs\/rochie-scurta-celestia\/#breadcrumb\",\"itemListElement\":[{\"@type\":\"ListItem\",\"position\":1,\"name\":\"Prima pagin\u0103\",\"item\":\"https:\/\/www.silknuit.com\/\"},{\"@type\":\"ListItem\",\"position\":2,\"name\":\"Magazin\",\"item\":\"https:\/\/www.silknuit.com\/magazin\/\"},{\"@type\":\"ListItem\",\"position\":3,\"name\":\"Rochie scurt\u0103 CELESTIA\"}]},{\"@type\":\"WebSite\",\"@id\":\"https:\/\/www.silknuit.com\/#website\",\"url\":\"https:\/\/www.silknuit.com\/\",\"name\":\"Silk Nuit\",\"description\":\"Silk Nuit\",\"publisher\":{\"@id\":\"https:\/\/www.silknuit.com\/#organization\"},\"potentialAction\":[{\"@type\":\"SearchAction\",\"target\":{\"@type\":\"EntryPoint\",\"urlTemplate\":\"https:\/\/www.silknuit.com\/?s={search_term_string}\"},\"query-input\":\"required name=search_term_string\"}],\"inLanguage\":\"en-US\"},{\"@type\":\"Organization\",\"@id\":\"https:\/\/www.silknuit.com\/#organization\",\"name\":\"Silk Nuit\",\"url\":\"https:\/\/www.silknuit.com\/\",\"logo\":{\"@type\":\"ImageObject\",\"inLanguage\":\"en-US\",\"@id\":\"https:\/\/www.silknuit.com\/#\/schema\/logo\/image\/\",\"url\":\"https:\/\/www.silknuit.com\/wp-content\/uploads\/2018\/12\/cropped-logo-silk-nuit.jpg\",\"contentUrl\":\"https:\/\/www.silknuit.com\/wp-content\/uploads\/2018\/12\/cropped-logo-silk-nuit.jpg\",\"width\":512,\"height\":512,\"caption\":\"Silk Nuit\"},\"image\":{\"@id\":\"https:\/\/www.silknuit.com\/#\/schema\/logo\/image\/\"},\"sameAs\":[\"https:\/\/www.instagram.com\/silknuit\/\"]}]}<\/script>\n<!-- \/ Yoast SEO plugin. -->","yoast_head_json":{"title":"Rochie scurt\u0103 CELESTIA din m\u0103tase natural\u0103 \u2013 Rafinament \u0219i confort premium marca Silk Nuit made in Romania","description":"Descoper\u0103 rochia scurt\u0103 CELESTIA, realizat\u0103 din 100% m\u0103tase natural\u0103. Design feminin \u0219i croi fluid, perfect pentru relaxare sau ocazii speciale. Elegan\u021b\u0103 atemporal\u0103 la SilkNuit.com!","robots":{"index":"index","follow":"follow","max-snippet":"max-snippet:-1","max-image-preview":"max-image-preview:large","max-video-preview":"max-video-preview:-1"},"canonical":"https:\/\/www.silknuit.com\/en\/product\/rochie-scurta-celestia\/","og_locale":"en_US","og_type":"article","og_title":"Rochie scurt\u0103 CELESTIA din m\u0103tase natural\u0103 \u2013 Rafinament \u0219i confort premium marca Silk Nuit made in Romania","og_description":"Descoper\u0103 rochia scurt\u0103 CELESTIA, realizat\u0103 din 100% m\u0103tase natural\u0103. Design feminin \u0219i croi fluid, perfect pentru relaxare sau ocazii speciale. Elegan\u021b\u0103 atemporal\u0103 la SilkNuit.com!","og_url":"https:\/\/www.silknuit.com\/en\/product\/rochie-scurta-celestia\/","og_site_name":"Silk Nuit","article_modified_time":"2025-04-09T08:06:05+00:00","og_image":[{"width":1706,"height":2560,"url":"https:\/\/www.silknuit.com\/wp-content\/uploads\/2024\/11\/SilkNuit0488-scaled.jpg","type":"image\/jpeg"}],"twitter_card":"summary_large_image","twitter_misc":{"Est. reading time":"1 minute"},"schema":{"@context":"https:\/\/schema.org","@graph":[{"@type":"WebPage","@id":"https:\/\/www.silknuit.com\/produs\/rochie-scurta-celestia\/","url":"https:\/\/www.silknuit.com\/produs\/rochie-scurta-celestia\/","name":"Rochie scurt\u0103 CELESTIA din m\u0103tase natural\u0103 \u2013 Rafinament \u0219i confort premium marca Silk Nuit made in Romania","isPartOf":{"@id":"https:\/\/www.silknuit.com\/#website"},"primaryImageOfPage":{"@id":"https:\/\/www.silknuit.com\/produs\/rochie-scurta-celestia\/#primaryimage"},"image":{"@id":"https:\/\/www.silknuit.com\/produs\/rochie-scurta-celestia\/#primaryimage"},"thumbnailUrl":"https:\/\/www.silknuit.com\/wp-content\/uploads\/2024\/11\/SilkNuit0488-scaled.jpg","datePublished":"2024-11-26T13:56:43+00:00","dateModified":"2025-04-09T08:06:05+00:00","description":"Descoper\u0103 rochia scurt\u0103 CELESTIA, realizat\u0103 din 100% m\u0103tase natural\u0103. Design feminin \u0219i croi fluid, perfect pentru relaxare sau ocazii speciale. Elegan\u021b\u0103 atemporal\u0103 la SilkNuit.com!","breadcrumb":{"@id":"https:\/\/www.silknuit.com\/produs\/rochie-scurta-celestia\/#breadcrumb"},"inLanguage":"en-US","potentialAction":[{"@type":"ReadAction","target":["https:\/\/www.silknuit.com\/produs\/rochie-scurta-celestia\/"]}]},{"@type":"ImageObject","inLanguage":"en-US","@id":"https:\/\/www.silknuit.com\/produs\/rochie-scurta-celestia\/#primaryimage","url":"https:\/\/www.silknuit.com\/wp-content\/uploads\/2024\/11\/SilkNuit0488-scaled.jpg","contentUrl":"https:\/\/www.silknuit.com\/wp-content\/uploads\/2024\/11\/SilkNuit0488-scaled.jpg","width":1706,"height":2560,"caption":"Rochia CELESTIA \u2013 confort \u0219i rafinament, 100% m\u0103tase natural\u0103"},{"@type":"BreadcrumbList","@id":"https:\/\/www.silknuit.com\/produs\/rochie-scurta-celestia\/#breadcrumb","itemListElement":[{"@type":"ListItem","position":1,"name":"Prima pagin\u0103","item":"https:\/\/www.silknuit.com\/"},{"@type":"ListItem","position":2,"name":"Magazin","item":"https:\/\/www.silknuit.com\/magazin\/"},{"@type":"ListItem","position":3,"name":"Rochie scurt\u0103 CELESTIA"}]},{"@type":"WebSite","@id":"https:\/\/www.silknuit.com\/#website","url":"https:\/\/www.silknuit.com\/","name":"Silk Nuit","description":"Silk Nuit","publisher":{"@id":"https:\/\/www.silknuit.com\/#organization"},"potentialAction":[{"@type":"SearchAction","target":{"@type":"EntryPoint","urlTemplate":"https:\/\/www.silknuit.com\/?s={search_term_string}"},"query-input":"required name=search_term_string"}],"inLanguage":"en-US"},{"@type":"Organization","@id":"https:\/\/www.silknuit.com\/#organization","name":"Silk Nuit","url":"https:\/\/www.silknuit.com\/","logo":{"@type":"ImageObject","inLanguage":"en-US","@id":"https:\/\/www.silknuit.com\/#\/schema\/logo\/image\/","url":"https:\/\/www.silknuit.com\/wp-content\/uploads\/2018\/12\/cropped-logo-silk-nuit.jpg","contentUrl":"https:\/\/www.silknuit.com\/wp-content\/uploads\/2018\/12\/cropped-logo-silk-nuit.jpg","width":512,"height":512,"caption":"Silk Nuit"},"image":{"@id":"https:\/\/www.silknuit.com\/#\/schema\/logo\/image\/"},"sameAs":["https:\/\/www.instagram.com\/silknuit\/"]}]}},"jetpack_sharing_enabled":true,"_links":{"self":[{"href":"https:\/\/www.silknuit.com\/en\/wp-json\/wp\/v2\/product\/16258","targetHints":{"allow":["GET"]}}],"collection":[{"href":"https:\/\/www.silknuit.com\/en\/wp-json\/wp\/v2\/product"}],"about":[{"href":"https:\/\/www.silknuit.com\/en\/wp-json\/wp\/v2\/types\/product"}],"wp:featuredmedia":[{"embeddable":true,"href":"https:\/\/www.silknuit.com\/en\/wp-json\/wp\/v2\/media\/16262"}],"wp:attachment":[{"href":"https:\/\/www.silknuit.com\/en\/wp-json\/wp\/v2\/media?parent=16258"}],"wp:term":[{"taxonomy":"product_brand","embeddable":true,"href":"https:\/\/www.silknuit.com\/en\/wp-json\/wp\/v2\/product_brand?post=16258"},{"taxonomy":"product_cat","embeddable":true,"href":"https:\/\/www.silknuit.com\/en\/wp-json\/wp\/v2\/product_cat?post=16258"},{"taxonomy":"product_tag","embeddable":true,"href":"https:\/\/www.silknuit.com\/en\/wp-json\/wp\/v2\/product_tag?post=16258"}],"curies":[{"name":"wp","href":"https:\/\/api.w.org\/{rel}","templated":true}]}}