{"id":16274,"date":"2024-11-26T14:25:00","date_gmt":"2024-11-26T14:25:00","guid":{"rendered":"https:\/\/www.silknuit.com\/?post_type=product&#038;p=16274"},"modified":"2025-07-01T17:03:25","modified_gmt":"2025-07-01T17:03:25","slug":"rochie-lunga-aimee","status":"publish","type":"product","link":"https:\/\/www.silknuit.com\/en\/product\/rochie-lunga-aimee\/","title":{"rendered":"Rochie lung\u0103 AIMEE"},"content":{"rendered":"<p><span style=\"vertical-align: inherit;\"><span style=\"vertical-align: inherit;\">100% satin viscose<\/span><\/span><\/p>\n<p><img decoding=\"async\" class=\"alignnone size-full wp-image-13564\" src=\"https:\/\/www.silknuit.com\/wp-content\/uploads\/2021\/08\/care.png\" alt=\"\" width=\"140\" height=\"20\" \/><\/p>\n<p><span style=\"font-weight: 400;\"><span style=\"vertical-align: inherit;\"><span style=\"vertical-align: inherit;\">Machine wash, maximum 30 degrees, delicate program.\u00a0<\/span><\/span><\/span><\/p>","protected":false},"excerpt":{"rendered":"<p>The AIMEE long dress is defined by elegance and simplicity, with a refined design that hugs the figure in a delicate way. Made of 100% satin viscose, it stands out&hellip;<\/p>","protected":false},"featured_media":16278,"template":"","meta":[],"product_brand":[],"product_cat":[119],"product_tag":[],"class_list":{"0":"post-16274","1":"product","2":"type-product","3":"status-publish","4":"has-post-thumbnail","6":"product_cat-rochii","8":"first","9":"instock","10":"taxable","11":"shipping-taxable","12":"purchasable","13":"product-type-variable","14":"has-default-attributes","15":"thumb-has-effect","16":"prod-rating-off"},"yoast_head":"<!-- This site is optimized with the Yoast SEO plugin v23.1 - https:\/\/yoast.com\/wordpress\/plugins\/seo\/ -->\n<title>Rochie lung\u0103 bej AIMEE din v\u00e2scoz\u0103 satinat\u0103 \u2013 Elegan\u021b\u0103 \u0219i rafinament<\/title>\n<meta name=\"description\" content=\"Descoper\u0103 rochia lung\u0103 bej AIMEE din v\u00e2scoz\u0103 satinat\u0103 \u2013 elegan\u021b\u0103 \u0219i confort des\u0103v\u00e2r\u0219it pentru orice ocazie special\u0103.\" \/>\n<meta name=\"robots\" content=\"index, follow, max-snippet:-1, max-image-preview:large, max-video-preview:-1\" \/>\n<link rel=\"canonical\" href=\"https:\/\/www.silknuit.com\/en\/product\/rochie-lunga-aimee\/\" \/>\n<meta property=\"og:locale\" content=\"en_US\" \/>\n<meta property=\"og:type\" content=\"article\" \/>\n<meta property=\"og:title\" content=\"Rochie lung\u0103 bej AIMEE din v\u00e2scoz\u0103 satinat\u0103 \u2013 Elegan\u021b\u0103 \u0219i rafinament\" \/>\n<meta property=\"og:description\" content=\"Descoper\u0103 rochia lung\u0103 bej AIMEE din v\u00e2scoz\u0103 satinat\u0103 \u2013 elegan\u021b\u0103 \u0219i confort des\u0103v\u00e2r\u0219it pentru orice ocazie special\u0103.\" \/>\n<meta property=\"og:url\" content=\"https:\/\/www.silknuit.com\/en\/product\/rochie-lunga-aimee\/\" \/>\n<meta property=\"og:site_name\" content=\"Silk Nuit\" \/>\n<meta property=\"article:modified_time\" content=\"2025-07-01T17:03:25+00:00\" \/>\n<meta property=\"og:image\" content=\"https:\/\/www.silknuit.com\/wp-content\/uploads\/2024\/11\/SilkNuit0663-scaled.jpg\" \/>\n\t<meta property=\"og:image:width\" content=\"1706\" \/>\n\t<meta property=\"og:image:height\" content=\"2560\" \/>\n\t<meta property=\"og:image:type\" content=\"image\/jpeg\" \/>\n<meta name=\"twitter:card\" content=\"summary_large_image\" \/>\n<meta name=\"twitter:label1\" content=\"Est. reading time\" \/>\n\t<meta name=\"twitter:data1\" content=\"1 minute\" \/>\n<script type=\"application\/ld+json\" class=\"yoast-schema-graph\">{\"@context\":\"https:\/\/schema.org\",\"@graph\":[{\"@type\":\"WebPage\",\"@id\":\"https:\/\/www.silknuit.com\/produs\/rochie-lunga-aimee\/\",\"url\":\"https:\/\/www.silknuit.com\/produs\/rochie-lunga-aimee\/\",\"name\":\"Rochie lung\u0103 bej AIMEE din v\u00e2scoz\u0103 satinat\u0103 \u2013 Elegan\u021b\u0103 \u0219i rafinament\",\"isPartOf\":{\"@id\":\"https:\/\/www.silknuit.com\/#website\"},\"primaryImageOfPage\":{\"@id\":\"https:\/\/www.silknuit.com\/produs\/rochie-lunga-aimee\/#primaryimage\"},\"image\":{\"@id\":\"https:\/\/www.silknuit.com\/produs\/rochie-lunga-aimee\/#primaryimage\"},\"thumbnailUrl\":\"https:\/\/www.silknuit.com\/wp-content\/uploads\/2024\/11\/SilkNuit0663-scaled.jpg\",\"datePublished\":\"2024-11-26T14:25:00+00:00\",\"dateModified\":\"2025-07-01T17:03:25+00:00\",\"description\":\"Descoper\u0103 rochia lung\u0103 bej AIMEE din v\u00e2scoz\u0103 satinat\u0103 \u2013 elegan\u021b\u0103 \u0219i confort des\u0103v\u00e2r\u0219it pentru orice ocazie special\u0103.\",\"breadcrumb\":{\"@id\":\"https:\/\/www.silknuit.com\/produs\/rochie-lunga-aimee\/#breadcrumb\"},\"inLanguage\":\"en-US\",\"potentialAction\":[{\"@type\":\"ReadAction\",\"target\":[\"https:\/\/www.silknuit.com\/produs\/rochie-lunga-aimee\/\"]}]},{\"@type\":\"ImageObject\",\"inLanguage\":\"en-US\",\"@id\":\"https:\/\/www.silknuit.com\/produs\/rochie-lunga-aimee\/#primaryimage\",\"url\":\"https:\/\/www.silknuit.com\/wp-content\/uploads\/2024\/11\/SilkNuit0663-scaled.jpg\",\"contentUrl\":\"https:\/\/www.silknuit.com\/wp-content\/uploads\/2024\/11\/SilkNuit0663-scaled.jpg\",\"width\":1706,\"height\":2560,\"caption\":\"Rochie lung\u0103 bej AIMEE din v\u00e2scoz\u0103 satinat\u0103, cu un design rafinat, perfect\u0103 pentru ocazii speciale.\"},{\"@type\":\"BreadcrumbList\",\"@id\":\"https:\/\/www.silknuit.com\/produs\/rochie-lunga-aimee\/#breadcrumb\",\"itemListElement\":[{\"@type\":\"ListItem\",\"position\":1,\"name\":\"Prima pagin\u0103\",\"item\":\"https:\/\/www.silknuit.com\/\"},{\"@type\":\"ListItem\",\"position\":2,\"name\":\"Magazin\",\"item\":\"https:\/\/www.silknuit.com\/magazin\/\"},{\"@type\":\"ListItem\",\"position\":3,\"name\":\"Rochie lung\u0103 AIMEE\"}]},{\"@type\":\"WebSite\",\"@id\":\"https:\/\/www.silknuit.com\/#website\",\"url\":\"https:\/\/www.silknuit.com\/\",\"name\":\"Silk Nuit\",\"description\":\"Silk Nuit\",\"publisher\":{\"@id\":\"https:\/\/www.silknuit.com\/#organization\"},\"potentialAction\":[{\"@type\":\"SearchAction\",\"target\":{\"@type\":\"EntryPoint\",\"urlTemplate\":\"https:\/\/www.silknuit.com\/?s={search_term_string}\"},\"query-input\":\"required name=search_term_string\"}],\"inLanguage\":\"en-US\"},{\"@type\":\"Organization\",\"@id\":\"https:\/\/www.silknuit.com\/#organization\",\"name\":\"Silk Nuit\",\"url\":\"https:\/\/www.silknuit.com\/\",\"logo\":{\"@type\":\"ImageObject\",\"inLanguage\":\"en-US\",\"@id\":\"https:\/\/www.silknuit.com\/#\/schema\/logo\/image\/\",\"url\":\"https:\/\/www.silknuit.com\/wp-content\/uploads\/2018\/12\/cropped-logo-silk-nuit.jpg\",\"contentUrl\":\"https:\/\/www.silknuit.com\/wp-content\/uploads\/2018\/12\/cropped-logo-silk-nuit.jpg\",\"width\":512,\"height\":512,\"caption\":\"Silk Nuit\"},\"image\":{\"@id\":\"https:\/\/www.silknuit.com\/#\/schema\/logo\/image\/\"},\"sameAs\":[\"https:\/\/www.instagram.com\/silknuit\/\"]}]}<\/script>\n<!-- \/ Yoast SEO plugin. -->","yoast_head_json":{"title":"Rochie lung\u0103 bej AIMEE din v\u00e2scoz\u0103 satinat\u0103 \u2013 Elegan\u021b\u0103 \u0219i rafinament","description":"Descoper\u0103 rochia lung\u0103 bej AIMEE din v\u00e2scoz\u0103 satinat\u0103 \u2013 elegan\u021b\u0103 \u0219i confort des\u0103v\u00e2r\u0219it pentru orice ocazie special\u0103.","robots":{"index":"index","follow":"follow","max-snippet":"max-snippet:-1","max-image-preview":"max-image-preview:large","max-video-preview":"max-video-preview:-1"},"canonical":"https:\/\/www.silknuit.com\/en\/product\/rochie-lunga-aimee\/","og_locale":"en_US","og_type":"article","og_title":"Rochie lung\u0103 bej AIMEE din v\u00e2scoz\u0103 satinat\u0103 \u2013 Elegan\u021b\u0103 \u0219i rafinament","og_description":"Descoper\u0103 rochia lung\u0103 bej AIMEE din v\u00e2scoz\u0103 satinat\u0103 \u2013 elegan\u021b\u0103 \u0219i confort des\u0103v\u00e2r\u0219it pentru orice ocazie special\u0103.","og_url":"https:\/\/www.silknuit.com\/en\/product\/rochie-lunga-aimee\/","og_site_name":"Silk Nuit","article_modified_time":"2025-07-01T17:03:25+00:00","og_image":[{"width":1706,"height":2560,"url":"https:\/\/www.silknuit.com\/wp-content\/uploads\/2024\/11\/SilkNuit0663-scaled.jpg","type":"image\/jpeg"}],"twitter_card":"summary_large_image","twitter_misc":{"Est. reading time":"1 minute"},"schema":{"@context":"https:\/\/schema.org","@graph":[{"@type":"WebPage","@id":"https:\/\/www.silknuit.com\/produs\/rochie-lunga-aimee\/","url":"https:\/\/www.silknuit.com\/produs\/rochie-lunga-aimee\/","name":"Rochie lung\u0103 bej AIMEE din v\u00e2scoz\u0103 satinat\u0103 \u2013 Elegan\u021b\u0103 \u0219i rafinament","isPartOf":{"@id":"https:\/\/www.silknuit.com\/#website"},"primaryImageOfPage":{"@id":"https:\/\/www.silknuit.com\/produs\/rochie-lunga-aimee\/#primaryimage"},"image":{"@id":"https:\/\/www.silknuit.com\/produs\/rochie-lunga-aimee\/#primaryimage"},"thumbnailUrl":"https:\/\/www.silknuit.com\/wp-content\/uploads\/2024\/11\/SilkNuit0663-scaled.jpg","datePublished":"2024-11-26T14:25:00+00:00","dateModified":"2025-07-01T17:03:25+00:00","description":"Descoper\u0103 rochia lung\u0103 bej AIMEE din v\u00e2scoz\u0103 satinat\u0103 \u2013 elegan\u021b\u0103 \u0219i confort des\u0103v\u00e2r\u0219it pentru orice ocazie special\u0103.","breadcrumb":{"@id":"https:\/\/www.silknuit.com\/produs\/rochie-lunga-aimee\/#breadcrumb"},"inLanguage":"en-US","potentialAction":[{"@type":"ReadAction","target":["https:\/\/www.silknuit.com\/produs\/rochie-lunga-aimee\/"]}]},{"@type":"ImageObject","inLanguage":"en-US","@id":"https:\/\/www.silknuit.com\/produs\/rochie-lunga-aimee\/#primaryimage","url":"https:\/\/www.silknuit.com\/wp-content\/uploads\/2024\/11\/SilkNuit0663-scaled.jpg","contentUrl":"https:\/\/www.silknuit.com\/wp-content\/uploads\/2024\/11\/SilkNuit0663-scaled.jpg","width":1706,"height":2560,"caption":"Rochie lung\u0103 bej AIMEE din v\u00e2scoz\u0103 satinat\u0103, cu un design rafinat, perfect\u0103 pentru ocazii speciale."},{"@type":"BreadcrumbList","@id":"https:\/\/www.silknuit.com\/produs\/rochie-lunga-aimee\/#breadcrumb","itemListElement":[{"@type":"ListItem","position":1,"name":"Prima pagin\u0103","item":"https:\/\/www.silknuit.com\/"},{"@type":"ListItem","position":2,"name":"Magazin","item":"https:\/\/www.silknuit.com\/magazin\/"},{"@type":"ListItem","position":3,"name":"Rochie lung\u0103 AIMEE"}]},{"@type":"WebSite","@id":"https:\/\/www.silknuit.com\/#website","url":"https:\/\/www.silknuit.com\/","name":"Silk Nuit","description":"Silk Nuit","publisher":{"@id":"https:\/\/www.silknuit.com\/#organization"},"potentialAction":[{"@type":"SearchAction","target":{"@type":"EntryPoint","urlTemplate":"https:\/\/www.silknuit.com\/?s={search_term_string}"},"query-input":"required name=search_term_string"}],"inLanguage":"en-US"},{"@type":"Organization","@id":"https:\/\/www.silknuit.com\/#organization","name":"Silk Nuit","url":"https:\/\/www.silknuit.com\/","logo":{"@type":"ImageObject","inLanguage":"en-US","@id":"https:\/\/www.silknuit.com\/#\/schema\/logo\/image\/","url":"https:\/\/www.silknuit.com\/wp-content\/uploads\/2018\/12\/cropped-logo-silk-nuit.jpg","contentUrl":"https:\/\/www.silknuit.com\/wp-content\/uploads\/2018\/12\/cropped-logo-silk-nuit.jpg","width":512,"height":512,"caption":"Silk Nuit"},"image":{"@id":"https:\/\/www.silknuit.com\/#\/schema\/logo\/image\/"},"sameAs":["https:\/\/www.instagram.com\/silknuit\/"]}]}},"jetpack_sharing_enabled":true,"_links":{"self":[{"href":"https:\/\/www.silknuit.com\/en\/wp-json\/wp\/v2\/product\/16274","targetHints":{"allow":["GET"]}}],"collection":[{"href":"https:\/\/www.silknuit.com\/en\/wp-json\/wp\/v2\/product"}],"about":[{"href":"https:\/\/www.silknuit.com\/en\/wp-json\/wp\/v2\/types\/product"}],"wp:featuredmedia":[{"embeddable":true,"href":"https:\/\/www.silknuit.com\/en\/wp-json\/wp\/v2\/media\/16278"}],"wp:attachment":[{"href":"https:\/\/www.silknuit.com\/en\/wp-json\/wp\/v2\/media?parent=16274"}],"wp:term":[{"taxonomy":"product_brand","embeddable":true,"href":"https:\/\/www.silknuit.com\/en\/wp-json\/wp\/v2\/product_brand?post=16274"},{"taxonomy":"product_cat","embeddable":true,"href":"https:\/\/www.silknuit.com\/en\/wp-json\/wp\/v2\/product_cat?post=16274"},{"taxonomy":"product_tag","embeddable":true,"href":"https:\/\/www.silknuit.com\/en\/wp-json\/wp\/v2\/product_tag?post=16274"}],"curies":[{"name":"wp","href":"https:\/\/api.w.org\/{rel}","templated":true}]}}