{"id":16449,"date":"2025-02-04T08:51:41","date_gmt":"2025-02-04T08:51:41","guid":{"rendered":"https:\/\/www.silknuit.com\/?post_type=product&#038;p=16449"},"modified":"2026-04-03T10:01:48","modified_gmt":"2026-04-03T10:01:48","slug":"pijama-scurta-nuit-damour","status":"publish","type":"product","link":"https:\/\/www.silknuit.com\/en\/product\/pijama-scurta-nuit-damour\/","title":{"rendered":"Pijama scurt\u0103 Nuit d\u2019Amour"},"content":{"rendered":"<p><span style=\"vertical-align: inherit;\"><span style=\"vertical-align: inherit;\">95% polyester 5% elastane<\/span><\/span><\/p>\n<p><img decoding=\"async\" class=\"alignnone size-full wp-image-13564\" src=\"https:\/\/www.silknuit.com\/wp-content\/uploads\/2021\/08\/care.png\" alt=\"\" width=\"140\" height=\"20\" \/><\/p>\n<p><span style=\"font-weight: 400;\"><span style=\"vertical-align: inherit;\"><span style=\"vertical-align: inherit;\">Machine wash, maximum 30 degrees, delicate program.<\/span><\/span><\/span><\/p>","protected":false},"excerpt":{"rendered":"<p>The Nuit d&#8217;Amour short pyjamas are everything you need for a perfect evening. The design with thin straps and short pants brings an air of sophisticated relaxation, making them the&hellip;<\/p>","protected":false},"featured_media":16222,"template":"","meta":[],"product_brand":[],"product_cat":[159,101],"product_tag":[],"class_list":{"0":"post-16449","1":"product","2":"type-product","3":"status-publish","4":"has-post-thumbnail","6":"product_cat-sales","7":"product_cat-sleepwear","9":"first","10":"instock","11":"sale","12":"taxable","13":"shipping-taxable","14":"purchasable","15":"product-type-variable","16":"has-default-attributes","17":"thumb-no-effect","18":"prod-rating-off"},"yoast_head":"<!-- This site is optimized with the Yoast SEO plugin v23.1 - https:\/\/yoast.com\/wordpress\/plugins\/seo\/ -->\n<title>Pijama scurt\u0103 Nuit d\u2019Amour - Silk Nuit<\/title>\n<meta name=\"robots\" content=\"index, follow, max-snippet:-1, max-image-preview:large, max-video-preview:-1\" \/>\n<link rel=\"canonical\" href=\"https:\/\/www.silknuit.com\/en\/product\/pijama-scurta-nuit-damour\/\" \/>\n<meta property=\"og:locale\" content=\"en_US\" \/>\n<meta property=\"og:type\" content=\"article\" \/>\n<meta property=\"og:title\" content=\"Pijama scurt\u0103 Nuit d\u2019Amour - Silk Nuit\" \/>\n<meta property=\"og:description\" content=\"The Nuit d&#039;Amour short pyjamas are everything you need for a perfect evening. The design with thin straps and short pants brings an air of sophisticated relaxation, making them the&hellip;\" \/>\n<meta property=\"og:url\" content=\"https:\/\/www.silknuit.com\/en\/product\/pijama-scurta-nuit-damour\/\" \/>\n<meta property=\"og:site_name\" content=\"Silk Nuit\" \/>\n<meta property=\"article:modified_time\" content=\"2026-04-03T10:01:48+00:00\" \/>\n<meta property=\"og:image\" content=\"https:\/\/www.silknuit.com\/wp-content\/uploads\/2024\/11\/SilkNuit0440-scaled.jpg\" \/>\n\t<meta property=\"og:image:width\" content=\"1706\" \/>\n\t<meta property=\"og:image:height\" content=\"2560\" \/>\n\t<meta property=\"og:image:type\" content=\"image\/jpeg\" \/>\n<meta name=\"twitter:card\" content=\"summary_large_image\" \/>\n<meta name=\"twitter:label1\" content=\"Est. reading time\" \/>\n\t<meta name=\"twitter:data1\" content=\"1 minute\" \/>\n<script type=\"application\/ld+json\" class=\"yoast-schema-graph\">{\"@context\":\"https:\/\/schema.org\",\"@graph\":[{\"@type\":\"WebPage\",\"@id\":\"https:\/\/www.silknuit.com\/produs\/pijama-scurta-nuit-damour\/\",\"url\":\"https:\/\/www.silknuit.com\/produs\/pijama-scurta-nuit-damour\/\",\"name\":\"Pijama scurt\u0103 Nuit d\u2019Amour - Silk Nuit\",\"isPartOf\":{\"@id\":\"https:\/\/www.silknuit.com\/#website\"},\"primaryImageOfPage\":{\"@id\":\"https:\/\/www.silknuit.com\/produs\/pijama-scurta-nuit-damour\/#primaryimage\"},\"image\":{\"@id\":\"https:\/\/www.silknuit.com\/produs\/pijama-scurta-nuit-damour\/#primaryimage\"},\"thumbnailUrl\":\"https:\/\/www.silknuit.com\/wp-content\/uploads\/2024\/11\/SilkNuit0440-scaled.jpg\",\"datePublished\":\"2025-02-04T08:51:41+00:00\",\"dateModified\":\"2026-04-03T10:01:48+00:00\",\"breadcrumb\":{\"@id\":\"https:\/\/www.silknuit.com\/produs\/pijama-scurta-nuit-damour\/#breadcrumb\"},\"inLanguage\":\"en-US\",\"potentialAction\":[{\"@type\":\"ReadAction\",\"target\":[\"https:\/\/www.silknuit.com\/produs\/pijama-scurta-nuit-damour\/\"]}]},{\"@type\":\"ImageObject\",\"inLanguage\":\"en-US\",\"@id\":\"https:\/\/www.silknuit.com\/produs\/pijama-scurta-nuit-damour\/#primaryimage\",\"url\":\"https:\/\/www.silknuit.com\/wp-content\/uploads\/2024\/11\/SilkNuit0440-scaled.jpg\",\"contentUrl\":\"https:\/\/www.silknuit.com\/wp-content\/uploads\/2024\/11\/SilkNuit0440-scaled.jpg\",\"width\":1706,\"height\":2560,\"caption\":\"Descoper\u0103 pijama scurt\u0103 Nuit d\u2019Amour by Silk Nuit. Cu un design lejer \u0219i sofisticat, este produs\u0103 cu grij\u0103 \u00een Rom\u00e2nia.\"},{\"@type\":\"BreadcrumbList\",\"@id\":\"https:\/\/www.silknuit.com\/produs\/pijama-scurta-nuit-damour\/#breadcrumb\",\"itemListElement\":[{\"@type\":\"ListItem\",\"position\":1,\"name\":\"Prima pagin\u0103\",\"item\":\"https:\/\/www.silknuit.com\/\"},{\"@type\":\"ListItem\",\"position\":2,\"name\":\"Magazin\",\"item\":\"https:\/\/www.silknuit.com\/magazin\/\"},{\"@type\":\"ListItem\",\"position\":3,\"name\":\"Pijama scurt\u0103 Nuit d\u2019Amour\"}]},{\"@type\":\"WebSite\",\"@id\":\"https:\/\/www.silknuit.com\/#website\",\"url\":\"https:\/\/www.silknuit.com\/\",\"name\":\"Silk Nuit\",\"description\":\"Silk Nuit\",\"publisher\":{\"@id\":\"https:\/\/www.silknuit.com\/#organization\"},\"potentialAction\":[{\"@type\":\"SearchAction\",\"target\":{\"@type\":\"EntryPoint\",\"urlTemplate\":\"https:\/\/www.silknuit.com\/?s={search_term_string}\"},\"query-input\":\"required name=search_term_string\"}],\"inLanguage\":\"en-US\"},{\"@type\":\"Organization\",\"@id\":\"https:\/\/www.silknuit.com\/#organization\",\"name\":\"Silk Nuit\",\"url\":\"https:\/\/www.silknuit.com\/\",\"logo\":{\"@type\":\"ImageObject\",\"inLanguage\":\"en-US\",\"@id\":\"https:\/\/www.silknuit.com\/#\/schema\/logo\/image\/\",\"url\":\"https:\/\/www.silknuit.com\/wp-content\/uploads\/2018\/12\/cropped-logo-silk-nuit.jpg\",\"contentUrl\":\"https:\/\/www.silknuit.com\/wp-content\/uploads\/2018\/12\/cropped-logo-silk-nuit.jpg\",\"width\":512,\"height\":512,\"caption\":\"Silk Nuit\"},\"image\":{\"@id\":\"https:\/\/www.silknuit.com\/#\/schema\/logo\/image\/\"},\"sameAs\":[\"https:\/\/www.instagram.com\/silknuit\/\"]}]}<\/script>\n<!-- \/ Yoast SEO plugin. -->","yoast_head_json":{"title":"Pijama scurt\u0103 Nuit d\u2019Amour - Silk Nuit","robots":{"index":"index","follow":"follow","max-snippet":"max-snippet:-1","max-image-preview":"max-image-preview:large","max-video-preview":"max-video-preview:-1"},"canonical":"https:\/\/www.silknuit.com\/en\/product\/pijama-scurta-nuit-damour\/","og_locale":"en_US","og_type":"article","og_title":"Pijama scurt\u0103 Nuit d\u2019Amour - Silk Nuit","og_description":"The Nuit d'Amour short pyjamas are everything you need for a perfect evening. The design with thin straps and short pants brings an air of sophisticated relaxation, making them the&hellip;","og_url":"https:\/\/www.silknuit.com\/en\/product\/pijama-scurta-nuit-damour\/","og_site_name":"Silk Nuit","article_modified_time":"2026-04-03T10:01:48+00:00","og_image":[{"width":1706,"height":2560,"url":"https:\/\/www.silknuit.com\/wp-content\/uploads\/2024\/11\/SilkNuit0440-scaled.jpg","type":"image\/jpeg"}],"twitter_card":"summary_large_image","twitter_misc":{"Est. reading time":"1 minute"},"schema":{"@context":"https:\/\/schema.org","@graph":[{"@type":"WebPage","@id":"https:\/\/www.silknuit.com\/produs\/pijama-scurta-nuit-damour\/","url":"https:\/\/www.silknuit.com\/produs\/pijama-scurta-nuit-damour\/","name":"Pijama scurt\u0103 Nuit d\u2019Amour - Silk Nuit","isPartOf":{"@id":"https:\/\/www.silknuit.com\/#website"},"primaryImageOfPage":{"@id":"https:\/\/www.silknuit.com\/produs\/pijama-scurta-nuit-damour\/#primaryimage"},"image":{"@id":"https:\/\/www.silknuit.com\/produs\/pijama-scurta-nuit-damour\/#primaryimage"},"thumbnailUrl":"https:\/\/www.silknuit.com\/wp-content\/uploads\/2024\/11\/SilkNuit0440-scaled.jpg","datePublished":"2025-02-04T08:51:41+00:00","dateModified":"2026-04-03T10:01:48+00:00","breadcrumb":{"@id":"https:\/\/www.silknuit.com\/produs\/pijama-scurta-nuit-damour\/#breadcrumb"},"inLanguage":"en-US","potentialAction":[{"@type":"ReadAction","target":["https:\/\/www.silknuit.com\/produs\/pijama-scurta-nuit-damour\/"]}]},{"@type":"ImageObject","inLanguage":"en-US","@id":"https:\/\/www.silknuit.com\/produs\/pijama-scurta-nuit-damour\/#primaryimage","url":"https:\/\/www.silknuit.com\/wp-content\/uploads\/2024\/11\/SilkNuit0440-scaled.jpg","contentUrl":"https:\/\/www.silknuit.com\/wp-content\/uploads\/2024\/11\/SilkNuit0440-scaled.jpg","width":1706,"height":2560,"caption":"Descoper\u0103 pijama scurt\u0103 Nuit d\u2019Amour by Silk Nuit. Cu un design lejer \u0219i sofisticat, este produs\u0103 cu grij\u0103 \u00een Rom\u00e2nia."},{"@type":"BreadcrumbList","@id":"https:\/\/www.silknuit.com\/produs\/pijama-scurta-nuit-damour\/#breadcrumb","itemListElement":[{"@type":"ListItem","position":1,"name":"Prima pagin\u0103","item":"https:\/\/www.silknuit.com\/"},{"@type":"ListItem","position":2,"name":"Magazin","item":"https:\/\/www.silknuit.com\/magazin\/"},{"@type":"ListItem","position":3,"name":"Pijama scurt\u0103 Nuit d\u2019Amour"}]},{"@type":"WebSite","@id":"https:\/\/www.silknuit.com\/#website","url":"https:\/\/www.silknuit.com\/","name":"Silk Nuit","description":"Silk Nuit","publisher":{"@id":"https:\/\/www.silknuit.com\/#organization"},"potentialAction":[{"@type":"SearchAction","target":{"@type":"EntryPoint","urlTemplate":"https:\/\/www.silknuit.com\/?s={search_term_string}"},"query-input":"required name=search_term_string"}],"inLanguage":"en-US"},{"@type":"Organization","@id":"https:\/\/www.silknuit.com\/#organization","name":"Silk Nuit","url":"https:\/\/www.silknuit.com\/","logo":{"@type":"ImageObject","inLanguage":"en-US","@id":"https:\/\/www.silknuit.com\/#\/schema\/logo\/image\/","url":"https:\/\/www.silknuit.com\/wp-content\/uploads\/2018\/12\/cropped-logo-silk-nuit.jpg","contentUrl":"https:\/\/www.silknuit.com\/wp-content\/uploads\/2018\/12\/cropped-logo-silk-nuit.jpg","width":512,"height":512,"caption":"Silk Nuit"},"image":{"@id":"https:\/\/www.silknuit.com\/#\/schema\/logo\/image\/"},"sameAs":["https:\/\/www.instagram.com\/silknuit\/"]}]}},"jetpack_sharing_enabled":true,"_links":{"self":[{"href":"https:\/\/www.silknuit.com\/en\/wp-json\/wp\/v2\/product\/16449","targetHints":{"allow":["GET"]}}],"collection":[{"href":"https:\/\/www.silknuit.com\/en\/wp-json\/wp\/v2\/product"}],"about":[{"href":"https:\/\/www.silknuit.com\/en\/wp-json\/wp\/v2\/types\/product"}],"wp:featuredmedia":[{"embeddable":true,"href":"https:\/\/www.silknuit.com\/en\/wp-json\/wp\/v2\/media\/16222"}],"wp:attachment":[{"href":"https:\/\/www.silknuit.com\/en\/wp-json\/wp\/v2\/media?parent=16449"}],"wp:term":[{"taxonomy":"product_brand","embeddable":true,"href":"https:\/\/www.silknuit.com\/en\/wp-json\/wp\/v2\/product_brand?post=16449"},{"taxonomy":"product_cat","embeddable":true,"href":"https:\/\/www.silknuit.com\/en\/wp-json\/wp\/v2\/product_cat?post=16449"},{"taxonomy":"product_tag","embeddable":true,"href":"https:\/\/www.silknuit.com\/en\/wp-json\/wp\/v2\/product_tag?post=16449"}],"curies":[{"name":"wp","href":"https:\/\/api.w.org\/{rel}","templated":true}]}}