{"id":16471,"date":"2025-02-28T13:58:28","date_gmt":"2025-02-28T13:58:28","guid":{"rendered":"https:\/\/www.silknuit.com\/?post_type=product&#038;p=16471"},"modified":"2025-02-28T13:58:28","modified_gmt":"2025-02-28T13:58:28","slug":"odorizant-black-orchid","status":"publish","type":"product","link":"https:\/\/www.silknuit.com\/en\/product\/odorizant-black-orchid\/","title":{"rendered":"Odorizant Black Orchid"},"content":{"rendered":"<p>Odorizantele Silk Nuit sunt fabricate manual din cear\u0103 de soia 100%, o cear\u0103 ecologic\u0103 \u0219i non-toxic\u0103. Parfumurile vegane, f\u0103r\u0103 parabeni, sunt special create pentru acest tip de cear\u0103 \u0219i respect\u0103 toate standardele IFRA. Deoarece sunt turnate manual, pot prezenta mici imperfec\u021biuni.<\/p>\n<p>Aceste odorizante sunt ideale pentru camere sau dulapuri, oferind un parfum unic \u0219i pl\u0103cut.<\/p>\n<p><strong>Instruc\u021biuni:<\/strong> A se p\u0103stra la o temperatur\u0103 sub 22-23\u00b0C pentru a men\u021bine calitatea produsului.<\/p>\n<p><strong>Compozi\u021bie:<\/strong> 100% cear\u0103 de soia, 6% ulei parfumat.<\/p>","protected":false},"excerpt":{"rendered":"<p>Descoper\u0103 aroma sofisticat\u0103 a odorizantului Black Orchid. Orhideea neagr\u0103 se \u00eemplete\u0219te cu iasomie \u0219i flori albe, completate de vanilie \u0219i lemn de santal, pentru un parfum pl\u0103cut \u0219i echilibrat. Creeaz\u0103&hellip;<\/p>","protected":false},"featured_media":16472,"template":"","meta":[],"product_brand":[],"product_cat":[162],"product_tag":[],"class_list":{"0":"post-16471","1":"product","2":"type-product","3":"status-publish","4":"has-post-thumbnail","6":"product_cat-wellbeing","8":"first","9":"instock","10":"taxable","11":"shipping-taxable","12":"purchasable","13":"product-type-simple","14":"thumb-no-effect","15":"prod-rating-off"},"yoast_head":"<!-- This site is optimized with the Yoast SEO plugin v23.1 - https:\/\/yoast.com\/wordpress\/plugins\/seo\/ -->\n<title>Odorizant Black Orchid - Silk Nuit<\/title>\n<meta name=\"robots\" content=\"index, follow, max-snippet:-1, max-image-preview:large, max-video-preview:-1\" \/>\n<link rel=\"canonical\" href=\"https:\/\/www.silknuit.com\/en\/product\/odorizant-black-orchid\/\" \/>\n<meta property=\"og:locale\" content=\"en_US\" \/>\n<meta property=\"og:type\" content=\"article\" \/>\n<meta property=\"og:title\" content=\"Odorizant Black Orchid - Silk Nuit\" \/>\n<meta property=\"og:description\" content=\"Descoper\u0103 aroma sofisticat\u0103 a odorizantului Black Orchid. Orhideea neagr\u0103 se \u00eemplete\u0219te cu iasomie \u0219i flori albe, completate de vanilie \u0219i lemn de santal, pentru un parfum pl\u0103cut \u0219i echilibrat. Creeaz\u0103&hellip;\" \/>\n<meta property=\"og:url\" content=\"https:\/\/www.silknuit.com\/en\/product\/odorizant-black-orchid\/\" \/>\n<meta property=\"og:site_name\" content=\"Silk Nuit\" \/>\n<meta property=\"og:image\" content=\"https:\/\/www.silknuit.com\/wp-content\/uploads\/2025\/02\/blank-orchid-.jpg\" \/>\n\t<meta property=\"og:image:width\" content=\"2048\" \/>\n\t<meta property=\"og:image:height\" content=\"2048\" \/>\n\t<meta property=\"og:image:type\" content=\"image\/jpeg\" \/>\n<meta name=\"twitter:card\" content=\"summary_large_image\" \/>\n<meta name=\"twitter:label1\" content=\"Est. reading time\" \/>\n\t<meta name=\"twitter:data1\" content=\"1 minute\" \/>\n<script type=\"application\/ld+json\" class=\"yoast-schema-graph\">{\"@context\":\"https:\/\/schema.org\",\"@graph\":[{\"@type\":\"WebPage\",\"@id\":\"https:\/\/www.silknuit.com\/produs\/odorizant-black-orchid\/\",\"url\":\"https:\/\/www.silknuit.com\/produs\/odorizant-black-orchid\/\",\"name\":\"Odorizant Black Orchid - Silk Nuit\",\"isPartOf\":{\"@id\":\"https:\/\/www.silknuit.com\/#website\"},\"primaryImageOfPage\":{\"@id\":\"https:\/\/www.silknuit.com\/produs\/odorizant-black-orchid\/#primaryimage\"},\"image\":{\"@id\":\"https:\/\/www.silknuit.com\/produs\/odorizant-black-orchid\/#primaryimage\"},\"thumbnailUrl\":\"https:\/\/www.silknuit.com\/wp-content\/uploads\/2025\/02\/blank-orchid-.jpg\",\"datePublished\":\"2025-02-28T13:58:28+00:00\",\"dateModified\":\"2025-02-28T13:58:28+00:00\",\"breadcrumb\":{\"@id\":\"https:\/\/www.silknuit.com\/produs\/odorizant-black-orchid\/#breadcrumb\"},\"inLanguage\":\"en-US\",\"potentialAction\":[{\"@type\":\"ReadAction\",\"target\":[\"https:\/\/www.silknuit.com\/produs\/odorizant-black-orchid\/\"]}]},{\"@type\":\"ImageObject\",\"inLanguage\":\"en-US\",\"@id\":\"https:\/\/www.silknuit.com\/produs\/odorizant-black-orchid\/#primaryimage\",\"url\":\"https:\/\/www.silknuit.com\/wp-content\/uploads\/2025\/02\/blank-orchid-.jpg\",\"contentUrl\":\"https:\/\/www.silknuit.com\/wp-content\/uploads\/2025\/02\/blank-orchid-.jpg\",\"width\":2048,\"height\":2048,\"caption\":\"Descoper\u0103 aroma sofisticat\u0103 a odorizantului Black Orchid. Orhideea neagr\u0103 se \u00eemplete\u0219te cu iasomie \u0219i flori albe, completate de vanilie \u0219i lemn de santal, pentru un parfum pl\u0103cut \u0219i echilibrat. Creeaz\u0103 o atmosfer\u0103 elegant\u0103 \u0219i confortabil\u0103, ideal\u0103 pentru orice spa\u021biu.\"},{\"@type\":\"BreadcrumbList\",\"@id\":\"https:\/\/www.silknuit.com\/produs\/odorizant-black-orchid\/#breadcrumb\",\"itemListElement\":[{\"@type\":\"ListItem\",\"position\":1,\"name\":\"Prima pagin\u0103\",\"item\":\"https:\/\/www.silknuit.com\/\"},{\"@type\":\"ListItem\",\"position\":2,\"name\":\"Magazin\",\"item\":\"https:\/\/www.silknuit.com\/magazin\/\"},{\"@type\":\"ListItem\",\"position\":3,\"name\":\"Odorizant Black Orchid\"}]},{\"@type\":\"WebSite\",\"@id\":\"https:\/\/www.silknuit.com\/#website\",\"url\":\"https:\/\/www.silknuit.com\/\",\"name\":\"Silk Nuit\",\"description\":\"Silk Nuit\",\"publisher\":{\"@id\":\"https:\/\/www.silknuit.com\/#organization\"},\"potentialAction\":[{\"@type\":\"SearchAction\",\"target\":{\"@type\":\"EntryPoint\",\"urlTemplate\":\"https:\/\/www.silknuit.com\/?s={search_term_string}\"},\"query-input\":\"required name=search_term_string\"}],\"inLanguage\":\"en-US\"},{\"@type\":\"Organization\",\"@id\":\"https:\/\/www.silknuit.com\/#organization\",\"name\":\"Silk Nuit\",\"url\":\"https:\/\/www.silknuit.com\/\",\"logo\":{\"@type\":\"ImageObject\",\"inLanguage\":\"en-US\",\"@id\":\"https:\/\/www.silknuit.com\/#\/schema\/logo\/image\/\",\"url\":\"https:\/\/www.silknuit.com\/wp-content\/uploads\/2018\/12\/cropped-logo-silk-nuit.jpg\",\"contentUrl\":\"https:\/\/www.silknuit.com\/wp-content\/uploads\/2018\/12\/cropped-logo-silk-nuit.jpg\",\"width\":512,\"height\":512,\"caption\":\"Silk Nuit\"},\"image\":{\"@id\":\"https:\/\/www.silknuit.com\/#\/schema\/logo\/image\/\"},\"sameAs\":[\"https:\/\/www.instagram.com\/silknuit\/\"]}]}<\/script>\n<!-- \/ Yoast SEO plugin. -->","yoast_head_json":{"title":"Odorizant Black Orchid - Silk Nuit","robots":{"index":"index","follow":"follow","max-snippet":"max-snippet:-1","max-image-preview":"max-image-preview:large","max-video-preview":"max-video-preview:-1"},"canonical":"https:\/\/www.silknuit.com\/en\/product\/odorizant-black-orchid\/","og_locale":"en_US","og_type":"article","og_title":"Odorizant Black Orchid - Silk Nuit","og_description":"Descoper\u0103 aroma sofisticat\u0103 a odorizantului Black Orchid. Orhideea neagr\u0103 se \u00eemplete\u0219te cu iasomie \u0219i flori albe, completate de vanilie \u0219i lemn de santal, pentru un parfum pl\u0103cut \u0219i echilibrat. Creeaz\u0103&hellip;","og_url":"https:\/\/www.silknuit.com\/en\/product\/odorizant-black-orchid\/","og_site_name":"Silk Nuit","og_image":[{"width":2048,"height":2048,"url":"https:\/\/www.silknuit.com\/wp-content\/uploads\/2025\/02\/blank-orchid-.jpg","type":"image\/jpeg"}],"twitter_card":"summary_large_image","twitter_misc":{"Est. reading time":"1 minute"},"schema":{"@context":"https:\/\/schema.org","@graph":[{"@type":"WebPage","@id":"https:\/\/www.silknuit.com\/produs\/odorizant-black-orchid\/","url":"https:\/\/www.silknuit.com\/produs\/odorizant-black-orchid\/","name":"Odorizant Black Orchid - Silk Nuit","isPartOf":{"@id":"https:\/\/www.silknuit.com\/#website"},"primaryImageOfPage":{"@id":"https:\/\/www.silknuit.com\/produs\/odorizant-black-orchid\/#primaryimage"},"image":{"@id":"https:\/\/www.silknuit.com\/produs\/odorizant-black-orchid\/#primaryimage"},"thumbnailUrl":"https:\/\/www.silknuit.com\/wp-content\/uploads\/2025\/02\/blank-orchid-.jpg","datePublished":"2025-02-28T13:58:28+00:00","dateModified":"2025-02-28T13:58:28+00:00","breadcrumb":{"@id":"https:\/\/www.silknuit.com\/produs\/odorizant-black-orchid\/#breadcrumb"},"inLanguage":"en-US","potentialAction":[{"@type":"ReadAction","target":["https:\/\/www.silknuit.com\/produs\/odorizant-black-orchid\/"]}]},{"@type":"ImageObject","inLanguage":"en-US","@id":"https:\/\/www.silknuit.com\/produs\/odorizant-black-orchid\/#primaryimage","url":"https:\/\/www.silknuit.com\/wp-content\/uploads\/2025\/02\/blank-orchid-.jpg","contentUrl":"https:\/\/www.silknuit.com\/wp-content\/uploads\/2025\/02\/blank-orchid-.jpg","width":2048,"height":2048,"caption":"Descoper\u0103 aroma sofisticat\u0103 a odorizantului Black Orchid. Orhideea neagr\u0103 se \u00eemplete\u0219te cu iasomie \u0219i flori albe, completate de vanilie \u0219i lemn de santal, pentru un parfum pl\u0103cut \u0219i echilibrat. Creeaz\u0103 o atmosfer\u0103 elegant\u0103 \u0219i confortabil\u0103, ideal\u0103 pentru orice spa\u021biu."},{"@type":"BreadcrumbList","@id":"https:\/\/www.silknuit.com\/produs\/odorizant-black-orchid\/#breadcrumb","itemListElement":[{"@type":"ListItem","position":1,"name":"Prima pagin\u0103","item":"https:\/\/www.silknuit.com\/"},{"@type":"ListItem","position":2,"name":"Magazin","item":"https:\/\/www.silknuit.com\/magazin\/"},{"@type":"ListItem","position":3,"name":"Odorizant Black Orchid"}]},{"@type":"WebSite","@id":"https:\/\/www.silknuit.com\/#website","url":"https:\/\/www.silknuit.com\/","name":"Silk Nuit","description":"Silk Nuit","publisher":{"@id":"https:\/\/www.silknuit.com\/#organization"},"potentialAction":[{"@type":"SearchAction","target":{"@type":"EntryPoint","urlTemplate":"https:\/\/www.silknuit.com\/?s={search_term_string}"},"query-input":"required name=search_term_string"}],"inLanguage":"en-US"},{"@type":"Organization","@id":"https:\/\/www.silknuit.com\/#organization","name":"Silk Nuit","url":"https:\/\/www.silknuit.com\/","logo":{"@type":"ImageObject","inLanguage":"en-US","@id":"https:\/\/www.silknuit.com\/#\/schema\/logo\/image\/","url":"https:\/\/www.silknuit.com\/wp-content\/uploads\/2018\/12\/cropped-logo-silk-nuit.jpg","contentUrl":"https:\/\/www.silknuit.com\/wp-content\/uploads\/2018\/12\/cropped-logo-silk-nuit.jpg","width":512,"height":512,"caption":"Silk Nuit"},"image":{"@id":"https:\/\/www.silknuit.com\/#\/schema\/logo\/image\/"},"sameAs":["https:\/\/www.instagram.com\/silknuit\/"]}]}},"jetpack_sharing_enabled":true,"_links":{"self":[{"href":"https:\/\/www.silknuit.com\/en\/wp-json\/wp\/v2\/product\/16471","targetHints":{"allow":["GET"]}}],"collection":[{"href":"https:\/\/www.silknuit.com\/en\/wp-json\/wp\/v2\/product"}],"about":[{"href":"https:\/\/www.silknuit.com\/en\/wp-json\/wp\/v2\/types\/product"}],"wp:featuredmedia":[{"embeddable":true,"href":"https:\/\/www.silknuit.com\/en\/wp-json\/wp\/v2\/media\/16472"}],"wp:attachment":[{"href":"https:\/\/www.silknuit.com\/en\/wp-json\/wp\/v2\/media?parent=16471"}],"wp:term":[{"taxonomy":"product_brand","embeddable":true,"href":"https:\/\/www.silknuit.com\/en\/wp-json\/wp\/v2\/product_brand?post=16471"},{"taxonomy":"product_cat","embeddable":true,"href":"https:\/\/www.silknuit.com\/en\/wp-json\/wp\/v2\/product_cat?post=16471"},{"taxonomy":"product_tag","embeddable":true,"href":"https:\/\/www.silknuit.com\/en\/wp-json\/wp\/v2\/product_tag?post=16471"}],"curies":[{"name":"wp","href":"https:\/\/api.w.org\/{rel}","templated":true}]}}