{"id":16477,"date":"2025-04-12T19:31:30","date_gmt":"2025-04-12T19:31:30","guid":{"rendered":"https:\/\/www.silknuit.com\/?post_type=product&#038;p=16477"},"modified":"2025-04-12T19:34:04","modified_gmt":"2025-04-12T19:34:04","slug":"halat-la-boheme","status":"publish","type":"product","link":"https:\/\/www.silknuit.com\/en\/product\/halat-la-boheme\/","title":{"rendered":"Halat La Boh\u00e8me"},"content":{"rendered":"<p>50% m\u0103tase natural\u0103 50% bumbac<\/p>\n<p><img decoding=\"async\" class=\"alignnone size-full wp-image-13564\" src=\"https:\/\/www.silknuit.com\/wp-content\/uploads\/2021\/08\/care.png\" alt=\"\" width=\"140\" height=\"20\" \/><\/p>\n<p>Sp\u0103lare manual\u0103 delicat\u0103 | Uscare natural\u0103\u00a0|\u00a0Nu\u00a0se\u00a0stoarce<\/p>","protected":false},"excerpt":{"rendered":"<p>Halat de var\u0103 din m\u0103tase cu stelu\u021be. U\u0219or ca o adiere, delicat ca o atingere. Creat dintr-un amestec de m\u0103tase natural\u0103 \u0219i bumbac, La Boh\u00e8me este halatul de var\u0103 care&hellip;<\/p>","protected":false},"featured_media":16478,"template":"","meta":[],"product_brand":[],"product_cat":[107],"product_tag":[],"class_list":{"0":"post-16477","1":"product","2":"type-product","3":"status-publish","4":"has-post-thumbnail","6":"product_cat-halate","8":"first","9":"instock","10":"taxable","11":"shipping-taxable","12":"purchasable","13":"product-type-variable","14":"thumb-no-effect","15":"prod-rating-off"},"yoast_head":"<!-- This site is optimized with the Yoast SEO plugin v23.1 - https:\/\/yoast.com\/wordpress\/plugins\/seo\/ -->\n<title>Halat La Boh\u00e8me - Silk Nuit<\/title>\n<meta name=\"robots\" content=\"index, follow, max-snippet:-1, max-image-preview:large, max-video-preview:-1\" \/>\n<link rel=\"canonical\" href=\"https:\/\/www.silknuit.com\/en\/product\/halat-la-boheme\/\" \/>\n<meta property=\"og:locale\" content=\"en_US\" \/>\n<meta property=\"og:type\" content=\"article\" \/>\n<meta property=\"og:title\" content=\"Halat La Boh\u00e8me - Silk Nuit\" \/>\n<meta property=\"og:description\" content=\"Halat de var\u0103 din m\u0103tase cu stelu\u021be. U\u0219or ca o adiere, delicat ca o atingere. Creat dintr-un amestec de m\u0103tase natural\u0103 \u0219i bumbac, La Boh\u00e8me este halatul de var\u0103 care&hellip;\" \/>\n<meta property=\"og:url\" content=\"https:\/\/www.silknuit.com\/en\/product\/halat-la-boheme\/\" \/>\n<meta property=\"og:site_name\" content=\"Silk Nuit\" \/>\n<meta property=\"article:modified_time\" content=\"2025-04-12T19:34:04+00:00\" \/>\n<meta property=\"og:image\" content=\"https:\/\/www.silknuit.com\/wp-content\/uploads\/2025\/04\/WhatsApp-Image-2025-04-10-at-09.58.02_81dc26ea.jpg\" \/>\n\t<meta property=\"og:image:width\" content=\"720\" \/>\n\t<meta property=\"og:image:height\" content=\"1080\" \/>\n\t<meta property=\"og:image:type\" content=\"image\/jpeg\" \/>\n<meta name=\"twitter:card\" content=\"summary_large_image\" \/>\n<meta name=\"twitter:label1\" content=\"Est. reading time\" \/>\n\t<meta name=\"twitter:data1\" content=\"1 minute\" \/>\n<script type=\"application\/ld+json\" class=\"yoast-schema-graph\">{\"@context\":\"https:\/\/schema.org\",\"@graph\":[{\"@type\":\"WebPage\",\"@id\":\"https:\/\/www.silknuit.com\/produs\/halat-la-boheme\/\",\"url\":\"https:\/\/www.silknuit.com\/produs\/halat-la-boheme\/\",\"name\":\"Halat La Boh\u00e8me - Silk Nuit\",\"isPartOf\":{\"@id\":\"https:\/\/www.silknuit.com\/#website\"},\"primaryImageOfPage\":{\"@id\":\"https:\/\/www.silknuit.com\/produs\/halat-la-boheme\/#primaryimage\"},\"image\":{\"@id\":\"https:\/\/www.silknuit.com\/produs\/halat-la-boheme\/#primaryimage\"},\"thumbnailUrl\":\"https:\/\/www.silknuit.com\/wp-content\/uploads\/2025\/04\/WhatsApp-Image-2025-04-10-at-09.58.02_81dc26ea.jpg\",\"datePublished\":\"2025-04-12T19:31:30+00:00\",\"dateModified\":\"2025-04-12T19:34:04+00:00\",\"breadcrumb\":{\"@id\":\"https:\/\/www.silknuit.com\/produs\/halat-la-boheme\/#breadcrumb\"},\"inLanguage\":\"en-US\",\"potentialAction\":[{\"@type\":\"ReadAction\",\"target\":[\"https:\/\/www.silknuit.com\/produs\/halat-la-boheme\/\"]}]},{\"@type\":\"ImageObject\",\"inLanguage\":\"en-US\",\"@id\":\"https:\/\/www.silknuit.com\/produs\/halat-la-boheme\/#primaryimage\",\"url\":\"https:\/\/www.silknuit.com\/wp-content\/uploads\/2025\/04\/WhatsApp-Image-2025-04-10-at-09.58.02_81dc26ea.jpg\",\"contentUrl\":\"https:\/\/www.silknuit.com\/wp-content\/uploads\/2025\/04\/WhatsApp-Image-2025-04-10-at-09.58.02_81dc26ea.jpg\",\"width\":720,\"height\":1080,\"caption\":\"Halatul de var\u0103 La Boh\u00e8me din m\u0103tase natural\u0103 de la Silk Nuit adaug\u0103 un vibe boem fiec\u0103rei zile. U\u0219or \u0219i elegant, fabricat \u00een Rom\u00e2nia, ideal pentru zilele calde \u0219i serile relaxante.\"},{\"@type\":\"BreadcrumbList\",\"@id\":\"https:\/\/www.silknuit.com\/produs\/halat-la-boheme\/#breadcrumb\",\"itemListElement\":[{\"@type\":\"ListItem\",\"position\":1,\"name\":\"Prima pagin\u0103\",\"item\":\"https:\/\/www.silknuit.com\/\"},{\"@type\":\"ListItem\",\"position\":2,\"name\":\"Magazin\",\"item\":\"https:\/\/www.silknuit.com\/magazin\/\"},{\"@type\":\"ListItem\",\"position\":3,\"name\":\"Halat La Boh\u00e8me\"}]},{\"@type\":\"WebSite\",\"@id\":\"https:\/\/www.silknuit.com\/#website\",\"url\":\"https:\/\/www.silknuit.com\/\",\"name\":\"Silk Nuit\",\"description\":\"Silk Nuit\",\"publisher\":{\"@id\":\"https:\/\/www.silknuit.com\/#organization\"},\"potentialAction\":[{\"@type\":\"SearchAction\",\"target\":{\"@type\":\"EntryPoint\",\"urlTemplate\":\"https:\/\/www.silknuit.com\/?s={search_term_string}\"},\"query-input\":\"required name=search_term_string\"}],\"inLanguage\":\"en-US\"},{\"@type\":\"Organization\",\"@id\":\"https:\/\/www.silknuit.com\/#organization\",\"name\":\"Silk Nuit\",\"url\":\"https:\/\/www.silknuit.com\/\",\"logo\":{\"@type\":\"ImageObject\",\"inLanguage\":\"en-US\",\"@id\":\"https:\/\/www.silknuit.com\/#\/schema\/logo\/image\/\",\"url\":\"https:\/\/www.silknuit.com\/wp-content\/uploads\/2018\/12\/cropped-logo-silk-nuit.jpg\",\"contentUrl\":\"https:\/\/www.silknuit.com\/wp-content\/uploads\/2018\/12\/cropped-logo-silk-nuit.jpg\",\"width\":512,\"height\":512,\"caption\":\"Silk Nuit\"},\"image\":{\"@id\":\"https:\/\/www.silknuit.com\/#\/schema\/logo\/image\/\"},\"sameAs\":[\"https:\/\/www.instagram.com\/silknuit\/\"]}]}<\/script>\n<!-- \/ Yoast SEO plugin. -->","yoast_head_json":{"title":"Halat La Boh\u00e8me - Silk Nuit","robots":{"index":"index","follow":"follow","max-snippet":"max-snippet:-1","max-image-preview":"max-image-preview:large","max-video-preview":"max-video-preview:-1"},"canonical":"https:\/\/www.silknuit.com\/en\/product\/halat-la-boheme\/","og_locale":"en_US","og_type":"article","og_title":"Halat La Boh\u00e8me - Silk Nuit","og_description":"Halat de var\u0103 din m\u0103tase cu stelu\u021be. U\u0219or ca o adiere, delicat ca o atingere. Creat dintr-un amestec de m\u0103tase natural\u0103 \u0219i bumbac, La Boh\u00e8me este halatul de var\u0103 care&hellip;","og_url":"https:\/\/www.silknuit.com\/en\/product\/halat-la-boheme\/","og_site_name":"Silk Nuit","article_modified_time":"2025-04-12T19:34:04+00:00","og_image":[{"width":720,"height":1080,"url":"https:\/\/www.silknuit.com\/wp-content\/uploads\/2025\/04\/WhatsApp-Image-2025-04-10-at-09.58.02_81dc26ea.jpg","type":"image\/jpeg"}],"twitter_card":"summary_large_image","twitter_misc":{"Est. reading time":"1 minute"},"schema":{"@context":"https:\/\/schema.org","@graph":[{"@type":"WebPage","@id":"https:\/\/www.silknuit.com\/produs\/halat-la-boheme\/","url":"https:\/\/www.silknuit.com\/produs\/halat-la-boheme\/","name":"Halat La Boh\u00e8me - Silk Nuit","isPartOf":{"@id":"https:\/\/www.silknuit.com\/#website"},"primaryImageOfPage":{"@id":"https:\/\/www.silknuit.com\/produs\/halat-la-boheme\/#primaryimage"},"image":{"@id":"https:\/\/www.silknuit.com\/produs\/halat-la-boheme\/#primaryimage"},"thumbnailUrl":"https:\/\/www.silknuit.com\/wp-content\/uploads\/2025\/04\/WhatsApp-Image-2025-04-10-at-09.58.02_81dc26ea.jpg","datePublished":"2025-04-12T19:31:30+00:00","dateModified":"2025-04-12T19:34:04+00:00","breadcrumb":{"@id":"https:\/\/www.silknuit.com\/produs\/halat-la-boheme\/#breadcrumb"},"inLanguage":"en-US","potentialAction":[{"@type":"ReadAction","target":["https:\/\/www.silknuit.com\/produs\/halat-la-boheme\/"]}]},{"@type":"ImageObject","inLanguage":"en-US","@id":"https:\/\/www.silknuit.com\/produs\/halat-la-boheme\/#primaryimage","url":"https:\/\/www.silknuit.com\/wp-content\/uploads\/2025\/04\/WhatsApp-Image-2025-04-10-at-09.58.02_81dc26ea.jpg","contentUrl":"https:\/\/www.silknuit.com\/wp-content\/uploads\/2025\/04\/WhatsApp-Image-2025-04-10-at-09.58.02_81dc26ea.jpg","width":720,"height":1080,"caption":"Halatul de var\u0103 La Boh\u00e8me din m\u0103tase natural\u0103 de la Silk Nuit adaug\u0103 un vibe boem fiec\u0103rei zile. U\u0219or \u0219i elegant, fabricat \u00een Rom\u00e2nia, ideal pentru zilele calde \u0219i serile relaxante."},{"@type":"BreadcrumbList","@id":"https:\/\/www.silknuit.com\/produs\/halat-la-boheme\/#breadcrumb","itemListElement":[{"@type":"ListItem","position":1,"name":"Prima pagin\u0103","item":"https:\/\/www.silknuit.com\/"},{"@type":"ListItem","position":2,"name":"Magazin","item":"https:\/\/www.silknuit.com\/magazin\/"},{"@type":"ListItem","position":3,"name":"Halat La Boh\u00e8me"}]},{"@type":"WebSite","@id":"https:\/\/www.silknuit.com\/#website","url":"https:\/\/www.silknuit.com\/","name":"Silk Nuit","description":"Silk Nuit","publisher":{"@id":"https:\/\/www.silknuit.com\/#organization"},"potentialAction":[{"@type":"SearchAction","target":{"@type":"EntryPoint","urlTemplate":"https:\/\/www.silknuit.com\/?s={search_term_string}"},"query-input":"required name=search_term_string"}],"inLanguage":"en-US"},{"@type":"Organization","@id":"https:\/\/www.silknuit.com\/#organization","name":"Silk Nuit","url":"https:\/\/www.silknuit.com\/","logo":{"@type":"ImageObject","inLanguage":"en-US","@id":"https:\/\/www.silknuit.com\/#\/schema\/logo\/image\/","url":"https:\/\/www.silknuit.com\/wp-content\/uploads\/2018\/12\/cropped-logo-silk-nuit.jpg","contentUrl":"https:\/\/www.silknuit.com\/wp-content\/uploads\/2018\/12\/cropped-logo-silk-nuit.jpg","width":512,"height":512,"caption":"Silk Nuit"},"image":{"@id":"https:\/\/www.silknuit.com\/#\/schema\/logo\/image\/"},"sameAs":["https:\/\/www.instagram.com\/silknuit\/"]}]}},"jetpack_sharing_enabled":true,"_links":{"self":[{"href":"https:\/\/www.silknuit.com\/en\/wp-json\/wp\/v2\/product\/16477","targetHints":{"allow":["GET"]}}],"collection":[{"href":"https:\/\/www.silknuit.com\/en\/wp-json\/wp\/v2\/product"}],"about":[{"href":"https:\/\/www.silknuit.com\/en\/wp-json\/wp\/v2\/types\/product"}],"wp:featuredmedia":[{"embeddable":true,"href":"https:\/\/www.silknuit.com\/en\/wp-json\/wp\/v2\/media\/16478"}],"wp:attachment":[{"href":"https:\/\/www.silknuit.com\/en\/wp-json\/wp\/v2\/media?parent=16477"}],"wp:term":[{"taxonomy":"product_brand","embeddable":true,"href":"https:\/\/www.silknuit.com\/en\/wp-json\/wp\/v2\/product_brand?post=16477"},{"taxonomy":"product_cat","embeddable":true,"href":"https:\/\/www.silknuit.com\/en\/wp-json\/wp\/v2\/product_cat?post=16477"},{"taxonomy":"product_tag","embeddable":true,"href":"https:\/\/www.silknuit.com\/en\/wp-json\/wp\/v2\/product_tag?post=16477"}],"curies":[{"name":"wp","href":"https:\/\/api.w.org\/{rel}","templated":true}]}}