{"id":16575,"date":"2025-06-25T17:33:39","date_gmt":"2025-06-25T17:33:39","guid":{"rendered":"https:\/\/www.silknuit.com\/?post_type=product&#038;p=16575"},"modified":"2025-06-25T17:33:39","modified_gmt":"2025-06-25T17:33:39","slug":"pijama-scurta-aimee","status":"publish","type":"product","link":"https:\/\/www.silknuit.com\/en\/product\/pijama-scurta-aimee\/","title":{"rendered":"Pijama scurta Aimee"},"content":{"rendered":"<p>&nbsp;<\/p>\n<p><span> Compozitie : 100%\u00a0 vascoza<\/span><\/p>\n<p>&nbsp;<\/p>\n<p><img decoding=\"async\" class=\"alignnone size-full wp-image-13564 perfmatters-lazy entered pmloaded\" src=\"https:\/\/www.silknuit.com\/wp-content\/uploads\/2021\/08\/care.png\" alt=\"\" width=\"140\" height=\"20\" data-src=\"https:\/\/www.silknuit.com\/wp-content\/uploads\/2021\/08\/care.png\" data-ll-status=\"loaded\" \/><\/p>\n<p>\u2013 Sp\u0103lare manual\u0103, ap\u0103 rece (max. 30\u00b0C)<br \/>\n\u2013 Detergent delicat, f\u0103r\u0103 \u00een\u0103lbitori<br \/>\n\u2013 Nu stoarce\u021bi, nu usca\u021bi la ma\u0219in\u0103<br \/>\n\u2013 Uscare pe orizontal\u0103, ferit\u0103 de soare<br \/>\n\u2013 C\u0103lcare pe dos, la temperatur\u0103 joas\u0103, cu abur<\/p>","protected":false},"excerpt":{"rendered":"<p>Pijamaua scurt\u0103 Aimee este realizat\u0103 din v\u00e2scoz\u0103 premium satinat\u0103, u\u0219oar\u0103 \u0219i fin\u0103 pe piele, cu un luciu subtil care reflect\u0103 elegan\u021ba materialului. Topul are un design delicat, cu bretele sub\u021biri&hellip;<\/p>","protected":false},"featured_media":16576,"template":"","meta":[],"product_brand":[],"product_cat":[103,101],"product_tag":[],"class_list":{"0":"post-16575","1":"product","2":"type-product","3":"status-publish","4":"has-post-thumbnail","6":"product_cat-set-pijamale-scurte","7":"product_cat-sleepwear","9":"first","10":"instock","11":"taxable","12":"shipping-taxable","13":"purchasable","14":"product-type-variable","15":"thumb-has-effect","16":"prod-rating-off"},"yoast_head":"<!-- This site is optimized with the Yoast SEO plugin v23.1 - https:\/\/yoast.com\/wordpress\/plugins\/seo\/ -->\n<title>Pijama scurta Aimee - Silk Nuit<\/title>\n<meta name=\"robots\" content=\"index, follow, max-snippet:-1, max-image-preview:large, max-video-preview:-1\" \/>\n<link rel=\"canonical\" href=\"https:\/\/www.silknuit.com\/en\/product\/pijama-scurta-aimee\/\" \/>\n<meta property=\"og:locale\" content=\"en_US\" \/>\n<meta property=\"og:type\" content=\"article\" \/>\n<meta property=\"og:title\" content=\"Pijama scurta Aimee - Silk Nuit\" \/>\n<meta property=\"og:description\" content=\"Pijamaua scurt\u0103 Aimee este realizat\u0103 din v\u00e2scoz\u0103 premium satinat\u0103, u\u0219oar\u0103 \u0219i fin\u0103 pe piele, cu un luciu subtil care reflect\u0103 elegan\u021ba materialului. Topul are un design delicat, cu bretele sub\u021biri&hellip;\" \/>\n<meta property=\"og:url\" content=\"https:\/\/www.silknuit.com\/en\/product\/pijama-scurta-aimee\/\" \/>\n<meta property=\"og:site_name\" content=\"Silk Nuit\" \/>\n<meta property=\"og:image\" content=\"https:\/\/www.silknuit.com\/wp-content\/uploads\/2025\/06\/026d7d8d-a36f-4ce3-85bd-a3288a99f34d.jpg\" \/>\n\t<meta property=\"og:image:width\" content=\"1066\" \/>\n\t<meta property=\"og:image:height\" content=\"1599\" \/>\n\t<meta property=\"og:image:type\" content=\"image\/jpeg\" \/>\n<meta name=\"twitter:card\" content=\"summary_large_image\" \/>\n<meta name=\"twitter:label1\" content=\"Est. reading time\" \/>\n\t<meta name=\"twitter:data1\" content=\"1 minute\" \/>\n<script type=\"application\/ld+json\" class=\"yoast-schema-graph\">{\"@context\":\"https:\/\/schema.org\",\"@graph\":[{\"@type\":\"WebPage\",\"@id\":\"https:\/\/www.silknuit.com\/produs\/pijama-scurta-aimee\/\",\"url\":\"https:\/\/www.silknuit.com\/produs\/pijama-scurta-aimee\/\",\"name\":\"Pijama scurta Aimee - Silk Nuit\",\"isPartOf\":{\"@id\":\"https:\/\/www.silknuit.com\/#website\"},\"primaryImageOfPage\":{\"@id\":\"https:\/\/www.silknuit.com\/produs\/pijama-scurta-aimee\/#primaryimage\"},\"image\":{\"@id\":\"https:\/\/www.silknuit.com\/produs\/pijama-scurta-aimee\/#primaryimage\"},\"thumbnailUrl\":\"https:\/\/www.silknuit.com\/wp-content\/uploads\/2025\/06\/026d7d8d-a36f-4ce3-85bd-a3288a99f34d.jpg\",\"datePublished\":\"2025-06-25T17:33:39+00:00\",\"dateModified\":\"2025-06-25T17:33:39+00:00\",\"breadcrumb\":{\"@id\":\"https:\/\/www.silknuit.com\/produs\/pijama-scurta-aimee\/#breadcrumb\"},\"inLanguage\":\"en-US\",\"potentialAction\":[{\"@type\":\"ReadAction\",\"target\":[\"https:\/\/www.silknuit.com\/produs\/pijama-scurta-aimee\/\"]}]},{\"@type\":\"ImageObject\",\"inLanguage\":\"en-US\",\"@id\":\"https:\/\/www.silknuit.com\/produs\/pijama-scurta-aimee\/#primaryimage\",\"url\":\"https:\/\/www.silknuit.com\/wp-content\/uploads\/2025\/06\/026d7d8d-a36f-4ce3-85bd-a3288a99f34d.jpg\",\"contentUrl\":\"https:\/\/www.silknuit.com\/wp-content\/uploads\/2025\/06\/026d7d8d-a36f-4ce3-85bd-a3288a99f34d.jpg\",\"width\":1066,\"height\":1599},{\"@type\":\"BreadcrumbList\",\"@id\":\"https:\/\/www.silknuit.com\/produs\/pijama-scurta-aimee\/#breadcrumb\",\"itemListElement\":[{\"@type\":\"ListItem\",\"position\":1,\"name\":\"Prima pagin\u0103\",\"item\":\"https:\/\/www.silknuit.com\/\"},{\"@type\":\"ListItem\",\"position\":2,\"name\":\"Magazin\",\"item\":\"https:\/\/www.silknuit.com\/magazin\/\"},{\"@type\":\"ListItem\",\"position\":3,\"name\":\"Pijama scurta Aimee\"}]},{\"@type\":\"WebSite\",\"@id\":\"https:\/\/www.silknuit.com\/#website\",\"url\":\"https:\/\/www.silknuit.com\/\",\"name\":\"Silk Nuit\",\"description\":\"Silk Nuit\",\"publisher\":{\"@id\":\"https:\/\/www.silknuit.com\/#organization\"},\"potentialAction\":[{\"@type\":\"SearchAction\",\"target\":{\"@type\":\"EntryPoint\",\"urlTemplate\":\"https:\/\/www.silknuit.com\/?s={search_term_string}\"},\"query-input\":\"required name=search_term_string\"}],\"inLanguage\":\"en-US\"},{\"@type\":\"Organization\",\"@id\":\"https:\/\/www.silknuit.com\/#organization\",\"name\":\"Silk Nuit\",\"url\":\"https:\/\/www.silknuit.com\/\",\"logo\":{\"@type\":\"ImageObject\",\"inLanguage\":\"en-US\",\"@id\":\"https:\/\/www.silknuit.com\/#\/schema\/logo\/image\/\",\"url\":\"https:\/\/www.silknuit.com\/wp-content\/uploads\/2018\/12\/cropped-logo-silk-nuit.jpg\",\"contentUrl\":\"https:\/\/www.silknuit.com\/wp-content\/uploads\/2018\/12\/cropped-logo-silk-nuit.jpg\",\"width\":512,\"height\":512,\"caption\":\"Silk Nuit\"},\"image\":{\"@id\":\"https:\/\/www.silknuit.com\/#\/schema\/logo\/image\/\"},\"sameAs\":[\"https:\/\/www.instagram.com\/silknuit\/\"]}]}<\/script>\n<!-- \/ Yoast SEO plugin. -->","yoast_head_json":{"title":"Pijama scurta Aimee - Silk Nuit","robots":{"index":"index","follow":"follow","max-snippet":"max-snippet:-1","max-image-preview":"max-image-preview:large","max-video-preview":"max-video-preview:-1"},"canonical":"https:\/\/www.silknuit.com\/en\/product\/pijama-scurta-aimee\/","og_locale":"en_US","og_type":"article","og_title":"Pijama scurta Aimee - Silk Nuit","og_description":"Pijamaua scurt\u0103 Aimee este realizat\u0103 din v\u00e2scoz\u0103 premium satinat\u0103, u\u0219oar\u0103 \u0219i fin\u0103 pe piele, cu un luciu subtil care reflect\u0103 elegan\u021ba materialului. Topul are un design delicat, cu bretele sub\u021biri&hellip;","og_url":"https:\/\/www.silknuit.com\/en\/product\/pijama-scurta-aimee\/","og_site_name":"Silk Nuit","og_image":[{"width":1066,"height":1599,"url":"https:\/\/www.silknuit.com\/wp-content\/uploads\/2025\/06\/026d7d8d-a36f-4ce3-85bd-a3288a99f34d.jpg","type":"image\/jpeg"}],"twitter_card":"summary_large_image","twitter_misc":{"Est. reading time":"1 minute"},"schema":{"@context":"https:\/\/schema.org","@graph":[{"@type":"WebPage","@id":"https:\/\/www.silknuit.com\/produs\/pijama-scurta-aimee\/","url":"https:\/\/www.silknuit.com\/produs\/pijama-scurta-aimee\/","name":"Pijama scurta Aimee - Silk Nuit","isPartOf":{"@id":"https:\/\/www.silknuit.com\/#website"},"primaryImageOfPage":{"@id":"https:\/\/www.silknuit.com\/produs\/pijama-scurta-aimee\/#primaryimage"},"image":{"@id":"https:\/\/www.silknuit.com\/produs\/pijama-scurta-aimee\/#primaryimage"},"thumbnailUrl":"https:\/\/www.silknuit.com\/wp-content\/uploads\/2025\/06\/026d7d8d-a36f-4ce3-85bd-a3288a99f34d.jpg","datePublished":"2025-06-25T17:33:39+00:00","dateModified":"2025-06-25T17:33:39+00:00","breadcrumb":{"@id":"https:\/\/www.silknuit.com\/produs\/pijama-scurta-aimee\/#breadcrumb"},"inLanguage":"en-US","potentialAction":[{"@type":"ReadAction","target":["https:\/\/www.silknuit.com\/produs\/pijama-scurta-aimee\/"]}]},{"@type":"ImageObject","inLanguage":"en-US","@id":"https:\/\/www.silknuit.com\/produs\/pijama-scurta-aimee\/#primaryimage","url":"https:\/\/www.silknuit.com\/wp-content\/uploads\/2025\/06\/026d7d8d-a36f-4ce3-85bd-a3288a99f34d.jpg","contentUrl":"https:\/\/www.silknuit.com\/wp-content\/uploads\/2025\/06\/026d7d8d-a36f-4ce3-85bd-a3288a99f34d.jpg","width":1066,"height":1599},{"@type":"BreadcrumbList","@id":"https:\/\/www.silknuit.com\/produs\/pijama-scurta-aimee\/#breadcrumb","itemListElement":[{"@type":"ListItem","position":1,"name":"Prima pagin\u0103","item":"https:\/\/www.silknuit.com\/"},{"@type":"ListItem","position":2,"name":"Magazin","item":"https:\/\/www.silknuit.com\/magazin\/"},{"@type":"ListItem","position":3,"name":"Pijama scurta Aimee"}]},{"@type":"WebSite","@id":"https:\/\/www.silknuit.com\/#website","url":"https:\/\/www.silknuit.com\/","name":"Silk Nuit","description":"Silk Nuit","publisher":{"@id":"https:\/\/www.silknuit.com\/#organization"},"potentialAction":[{"@type":"SearchAction","target":{"@type":"EntryPoint","urlTemplate":"https:\/\/www.silknuit.com\/?s={search_term_string}"},"query-input":"required name=search_term_string"}],"inLanguage":"en-US"},{"@type":"Organization","@id":"https:\/\/www.silknuit.com\/#organization","name":"Silk Nuit","url":"https:\/\/www.silknuit.com\/","logo":{"@type":"ImageObject","inLanguage":"en-US","@id":"https:\/\/www.silknuit.com\/#\/schema\/logo\/image\/","url":"https:\/\/www.silknuit.com\/wp-content\/uploads\/2018\/12\/cropped-logo-silk-nuit.jpg","contentUrl":"https:\/\/www.silknuit.com\/wp-content\/uploads\/2018\/12\/cropped-logo-silk-nuit.jpg","width":512,"height":512,"caption":"Silk Nuit"},"image":{"@id":"https:\/\/www.silknuit.com\/#\/schema\/logo\/image\/"},"sameAs":["https:\/\/www.instagram.com\/silknuit\/"]}]}},"_links":{"self":[{"href":"https:\/\/www.silknuit.com\/en\/wp-json\/wp\/v2\/product\/16575","targetHints":{"allow":["GET"]}}],"collection":[{"href":"https:\/\/www.silknuit.com\/en\/wp-json\/wp\/v2\/product"}],"about":[{"href":"https:\/\/www.silknuit.com\/en\/wp-json\/wp\/v2\/types\/product"}],"wp:featuredmedia":[{"embeddable":true,"href":"https:\/\/www.silknuit.com\/en\/wp-json\/wp\/v2\/media\/16576"}],"wp:attachment":[{"href":"https:\/\/www.silknuit.com\/en\/wp-json\/wp\/v2\/media?parent=16575"}],"wp:term":[{"taxonomy":"product_brand","embeddable":true,"href":"https:\/\/www.silknuit.com\/en\/wp-json\/wp\/v2\/product_brand?post=16575"},{"taxonomy":"product_cat","embeddable":true,"href":"https:\/\/www.silknuit.com\/en\/wp-json\/wp\/v2\/product_cat?post=16575"},{"taxonomy":"product_tag","embeddable":true,"href":"https:\/\/www.silknuit.com\/en\/wp-json\/wp\/v2\/product_tag?post=16575"}],"curies":[{"name":"wp","href":"https:\/\/api.w.org\/{rel}","templated":true}]}}