{"id":16630,"date":"2025-12-03T17:35:17","date_gmt":"2025-12-03T17:35:17","guid":{"rendered":"https:\/\/www.silknuit.com\/?post_type=product&#038;p=16630"},"modified":"2026-02-05T16:40:22","modified_gmt":"2026-02-05T16:40:22","slug":"silk-nuit-wellbeing-difuzor-lumanare-si-odorizant-aroma-premium-vegan-cruelty-free","status":"publish","type":"product","link":"https:\/\/www.silknuit.com\/en\/product\/silk-nuit-wellbeing-difuzor-lumanare-si-odorizant-aroma-premium-vegan-cruelty-free\/","title":{"rendered":"Set cadou Silk Nuit Wellbeing"},"content":{"rendered":"<p>Fiecare pies\u0103 este realizat\u0103 cu aten\u021bie la detalii, folosind uleiuri parfumate vegane, cruelty-free \u0219i lipsite de parabeni, pentru o experien\u021b\u0103 curat\u0103, sigur\u0103 \u0219i rafinat\u0103. Mirosurile sunt profunde, armonioase \u0219i persistente \u2014 perfecte pentru seri lini\u0219tite, medita\u021bie, relaxare sau pur \u0219i simplu pentru a transforma orice spa\u021biu \u00eentr-un refugiu personal.<\/p>\n<p>Produsele sunt create cu grij\u0103 \u00een Rom\u00e2nia, \u00een loturi mici, pentru a asigura calitate premium \u0219i prospe\u021bime la fiecare comand\u0103.<\/p>","protected":false},"excerpt":{"rendered":"<p>Un ritual complet pentru armonie \u0219i rafinament. Setul Silk Nuit Wellbeing este cadoul ideal pentru tine sau pentru cineva drag \u2014 o invita\u021bie la lini\u0219te, echilibru \u0219i r\u0103sf\u0103\u021b senzorial. Creat&hellip;<\/p>","protected":false},"featured_media":16762,"template":"","meta":[],"product_brand":[],"product_cat":[158,162],"product_tag":[],"class_list":{"0":"post-16630","1":"product","2":"type-product","3":"status-publish","4":"has-post-thumbnail","6":"product_cat-gifts","7":"product_cat-wellbeing","9":"first","10":"instock","11":"taxable","12":"shipping-taxable","13":"purchasable","14":"product-type-variable","15":"thumb-has-effect","16":"prod-rating-off"},"yoast_head":"<!-- This site is optimized with the Yoast SEO plugin v23.1 - https:\/\/yoast.com\/wordpress\/plugins\/seo\/ -->\n<title>Set cadou Silk Nuit Wellbeing - Silk Nuit<\/title>\n<meta name=\"description\" content=\"Setul Silk Nuit Wellbeing include difuzor, lum\u00e2nare parfumat\u0103 \u0219i odorizant, create cu uleiuri vegane, cruelty-free \u0219i f\u0103r\u0103 parabeni. Fabricat \u00een Rom\u00e2nia. Cadoul perfect pentru relaxare \u0219i parfumarea casei.\" \/>\n<meta name=\"robots\" content=\"index, follow, max-snippet:-1, max-image-preview:large, max-video-preview:-1\" \/>\n<link rel=\"canonical\" href=\"https:\/\/www.silknuit.com\/en\/product\/silk-nuit-wellbeing-difuzor-lumanare-si-odorizant-aroma-premium-vegan-cruelty-free\/\" \/>\n<meta property=\"og:locale\" content=\"en_US\" \/>\n<meta property=\"og:type\" content=\"article\" \/>\n<meta property=\"og:title\" content=\"Set cadou Silk Nuit Wellbeing - Silk Nuit\" \/>\n<meta property=\"og:description\" content=\"Setul Silk Nuit Wellbeing include difuzor, lum\u00e2nare parfumat\u0103 \u0219i odorizant, create cu uleiuri vegane, cruelty-free \u0219i f\u0103r\u0103 parabeni. Fabricat \u00een Rom\u00e2nia. Cadoul perfect pentru relaxare \u0219i parfumarea casei.\" \/>\n<meta property=\"og:url\" content=\"https:\/\/www.silknuit.com\/en\/product\/silk-nuit-wellbeing-difuzor-lumanare-si-odorizant-aroma-premium-vegan-cruelty-free\/\" \/>\n<meta property=\"og:site_name\" content=\"Silk Nuit\" \/>\n<meta property=\"article:modified_time\" content=\"2026-02-05T16:40:22+00:00\" \/>\n<meta property=\"og:image\" content=\"https:\/\/www.silknuit.com\/wp-content\/uploads\/2025\/12\/WhatsApp-Image-2026-02-05-at-16.15.15.jpeg\" \/>\n\t<meta property=\"og:image:width\" content=\"1600\" \/>\n\t<meta property=\"og:image:height\" content=\"1600\" \/>\n\t<meta property=\"og:image:type\" content=\"image\/jpeg\" \/>\n<meta name=\"twitter:card\" content=\"summary_large_image\" \/>\n<meta name=\"twitter:label1\" content=\"Est. reading time\" \/>\n\t<meta name=\"twitter:data1\" content=\"1 minute\" \/>\n<script type=\"application\/ld+json\" class=\"yoast-schema-graph\">{\"@context\":\"https:\/\/schema.org\",\"@graph\":[{\"@type\":\"WebPage\",\"@id\":\"https:\/\/www.silknuit.com\/produs\/silk-nuit-wellbeing-difuzor-lumanare-si-odorizant-aroma-premium-vegan-cruelty-free\/\",\"url\":\"https:\/\/www.silknuit.com\/produs\/silk-nuit-wellbeing-difuzor-lumanare-si-odorizant-aroma-premium-vegan-cruelty-free\/\",\"name\":\"Set cadou Silk Nuit Wellbeing - Silk Nuit\",\"isPartOf\":{\"@id\":\"https:\/\/www.silknuit.com\/#website\"},\"primaryImageOfPage\":{\"@id\":\"https:\/\/www.silknuit.com\/produs\/silk-nuit-wellbeing-difuzor-lumanare-si-odorizant-aroma-premium-vegan-cruelty-free\/#primaryimage\"},\"image\":{\"@id\":\"https:\/\/www.silknuit.com\/produs\/silk-nuit-wellbeing-difuzor-lumanare-si-odorizant-aroma-premium-vegan-cruelty-free\/#primaryimage\"},\"thumbnailUrl\":\"https:\/\/www.silknuit.com\/wp-content\/uploads\/2025\/12\/WhatsApp-Image-2026-02-05-at-16.15.15.jpeg\",\"datePublished\":\"2025-12-03T17:35:17+00:00\",\"dateModified\":\"2026-02-05T16:40:22+00:00\",\"description\":\"Setul Silk Nuit Wellbeing include difuzor, lum\u00e2nare parfumat\u0103 \u0219i odorizant, create cu uleiuri vegane, cruelty-free \u0219i f\u0103r\u0103 parabeni. Fabricat \u00een Rom\u00e2nia. Cadoul perfect pentru relaxare \u0219i parfumarea casei.\",\"breadcrumb\":{\"@id\":\"https:\/\/www.silknuit.com\/produs\/silk-nuit-wellbeing-difuzor-lumanare-si-odorizant-aroma-premium-vegan-cruelty-free\/#breadcrumb\"},\"inLanguage\":\"en-US\",\"potentialAction\":[{\"@type\":\"ReadAction\",\"target\":[\"https:\/\/www.silknuit.com\/produs\/silk-nuit-wellbeing-difuzor-lumanare-si-odorizant-aroma-premium-vegan-cruelty-free\/\"]}]},{\"@type\":\"ImageObject\",\"inLanguage\":\"en-US\",\"@id\":\"https:\/\/www.silknuit.com\/produs\/silk-nuit-wellbeing-difuzor-lumanare-si-odorizant-aroma-premium-vegan-cruelty-free\/#primaryimage\",\"url\":\"https:\/\/www.silknuit.com\/wp-content\/uploads\/2025\/12\/WhatsApp-Image-2026-02-05-at-16.15.15.jpeg\",\"contentUrl\":\"https:\/\/www.silknuit.com\/wp-content\/uploads\/2025\/12\/WhatsApp-Image-2026-02-05-at-16.15.15.jpeg\",\"width\":1600,\"height\":1600},{\"@type\":\"BreadcrumbList\",\"@id\":\"https:\/\/www.silknuit.com\/produs\/silk-nuit-wellbeing-difuzor-lumanare-si-odorizant-aroma-premium-vegan-cruelty-free\/#breadcrumb\",\"itemListElement\":[{\"@type\":\"ListItem\",\"position\":1,\"name\":\"Prima pagin\u0103\",\"item\":\"https:\/\/www.silknuit.com\/\"},{\"@type\":\"ListItem\",\"position\":2,\"name\":\"Magazin\",\"item\":\"https:\/\/www.silknuit.com\/magazin\/\"},{\"@type\":\"ListItem\",\"position\":3,\"name\":\"Set cadou Silk Nuit Wellbeing\"}]},{\"@type\":\"WebSite\",\"@id\":\"https:\/\/www.silknuit.com\/#website\",\"url\":\"https:\/\/www.silknuit.com\/\",\"name\":\"Silk Nuit\",\"description\":\"Silk Nuit\",\"publisher\":{\"@id\":\"https:\/\/www.silknuit.com\/#organization\"},\"potentialAction\":[{\"@type\":\"SearchAction\",\"target\":{\"@type\":\"EntryPoint\",\"urlTemplate\":\"https:\/\/www.silknuit.com\/?s={search_term_string}\"},\"query-input\":\"required name=search_term_string\"}],\"inLanguage\":\"en-US\"},{\"@type\":\"Organization\",\"@id\":\"https:\/\/www.silknuit.com\/#organization\",\"name\":\"Silk Nuit\",\"url\":\"https:\/\/www.silknuit.com\/\",\"logo\":{\"@type\":\"ImageObject\",\"inLanguage\":\"en-US\",\"@id\":\"https:\/\/www.silknuit.com\/#\/schema\/logo\/image\/\",\"url\":\"https:\/\/www.silknuit.com\/wp-content\/uploads\/2018\/12\/cropped-logo-silk-nuit.jpg\",\"contentUrl\":\"https:\/\/www.silknuit.com\/wp-content\/uploads\/2018\/12\/cropped-logo-silk-nuit.jpg\",\"width\":512,\"height\":512,\"caption\":\"Silk Nuit\"},\"image\":{\"@id\":\"https:\/\/www.silknuit.com\/#\/schema\/logo\/image\/\"},\"sameAs\":[\"https:\/\/www.instagram.com\/silknuit\/\"]}]}<\/script>\n<!-- \/ Yoast SEO plugin. -->","yoast_head_json":{"title":"Set cadou Silk Nuit Wellbeing - Silk Nuit","description":"Setul Silk Nuit Wellbeing include difuzor, lum\u00e2nare parfumat\u0103 \u0219i odorizant, create cu uleiuri vegane, cruelty-free \u0219i f\u0103r\u0103 parabeni. Fabricat \u00een Rom\u00e2nia. Cadoul perfect pentru relaxare \u0219i parfumarea casei.","robots":{"index":"index","follow":"follow","max-snippet":"max-snippet:-1","max-image-preview":"max-image-preview:large","max-video-preview":"max-video-preview:-1"},"canonical":"https:\/\/www.silknuit.com\/en\/product\/silk-nuit-wellbeing-difuzor-lumanare-si-odorizant-aroma-premium-vegan-cruelty-free\/","og_locale":"en_US","og_type":"article","og_title":"Set cadou Silk Nuit Wellbeing - Silk Nuit","og_description":"Setul Silk Nuit Wellbeing include difuzor, lum\u00e2nare parfumat\u0103 \u0219i odorizant, create cu uleiuri vegane, cruelty-free \u0219i f\u0103r\u0103 parabeni. Fabricat \u00een Rom\u00e2nia. Cadoul perfect pentru relaxare \u0219i parfumarea casei.","og_url":"https:\/\/www.silknuit.com\/en\/product\/silk-nuit-wellbeing-difuzor-lumanare-si-odorizant-aroma-premium-vegan-cruelty-free\/","og_site_name":"Silk Nuit","article_modified_time":"2026-02-05T16:40:22+00:00","og_image":[{"width":1600,"height":1600,"url":"https:\/\/www.silknuit.com\/wp-content\/uploads\/2025\/12\/WhatsApp-Image-2026-02-05-at-16.15.15.jpeg","type":"image\/jpeg"}],"twitter_card":"summary_large_image","twitter_misc":{"Est. reading time":"1 minute"},"schema":{"@context":"https:\/\/schema.org","@graph":[{"@type":"WebPage","@id":"https:\/\/www.silknuit.com\/produs\/silk-nuit-wellbeing-difuzor-lumanare-si-odorizant-aroma-premium-vegan-cruelty-free\/","url":"https:\/\/www.silknuit.com\/produs\/silk-nuit-wellbeing-difuzor-lumanare-si-odorizant-aroma-premium-vegan-cruelty-free\/","name":"Set cadou Silk Nuit Wellbeing - Silk Nuit","isPartOf":{"@id":"https:\/\/www.silknuit.com\/#website"},"primaryImageOfPage":{"@id":"https:\/\/www.silknuit.com\/produs\/silk-nuit-wellbeing-difuzor-lumanare-si-odorizant-aroma-premium-vegan-cruelty-free\/#primaryimage"},"image":{"@id":"https:\/\/www.silknuit.com\/produs\/silk-nuit-wellbeing-difuzor-lumanare-si-odorizant-aroma-premium-vegan-cruelty-free\/#primaryimage"},"thumbnailUrl":"https:\/\/www.silknuit.com\/wp-content\/uploads\/2025\/12\/WhatsApp-Image-2026-02-05-at-16.15.15.jpeg","datePublished":"2025-12-03T17:35:17+00:00","dateModified":"2026-02-05T16:40:22+00:00","description":"Setul Silk Nuit Wellbeing include difuzor, lum\u00e2nare parfumat\u0103 \u0219i odorizant, create cu uleiuri vegane, cruelty-free \u0219i f\u0103r\u0103 parabeni. Fabricat \u00een Rom\u00e2nia. Cadoul perfect pentru relaxare \u0219i parfumarea casei.","breadcrumb":{"@id":"https:\/\/www.silknuit.com\/produs\/silk-nuit-wellbeing-difuzor-lumanare-si-odorizant-aroma-premium-vegan-cruelty-free\/#breadcrumb"},"inLanguage":"en-US","potentialAction":[{"@type":"ReadAction","target":["https:\/\/www.silknuit.com\/produs\/silk-nuit-wellbeing-difuzor-lumanare-si-odorizant-aroma-premium-vegan-cruelty-free\/"]}]},{"@type":"ImageObject","inLanguage":"en-US","@id":"https:\/\/www.silknuit.com\/produs\/silk-nuit-wellbeing-difuzor-lumanare-si-odorizant-aroma-premium-vegan-cruelty-free\/#primaryimage","url":"https:\/\/www.silknuit.com\/wp-content\/uploads\/2025\/12\/WhatsApp-Image-2026-02-05-at-16.15.15.jpeg","contentUrl":"https:\/\/www.silknuit.com\/wp-content\/uploads\/2025\/12\/WhatsApp-Image-2026-02-05-at-16.15.15.jpeg","width":1600,"height":1600},{"@type":"BreadcrumbList","@id":"https:\/\/www.silknuit.com\/produs\/silk-nuit-wellbeing-difuzor-lumanare-si-odorizant-aroma-premium-vegan-cruelty-free\/#breadcrumb","itemListElement":[{"@type":"ListItem","position":1,"name":"Prima pagin\u0103","item":"https:\/\/www.silknuit.com\/"},{"@type":"ListItem","position":2,"name":"Magazin","item":"https:\/\/www.silknuit.com\/magazin\/"},{"@type":"ListItem","position":3,"name":"Set cadou Silk Nuit Wellbeing"}]},{"@type":"WebSite","@id":"https:\/\/www.silknuit.com\/#website","url":"https:\/\/www.silknuit.com\/","name":"Silk Nuit","description":"Silk Nuit","publisher":{"@id":"https:\/\/www.silknuit.com\/#organization"},"potentialAction":[{"@type":"SearchAction","target":{"@type":"EntryPoint","urlTemplate":"https:\/\/www.silknuit.com\/?s={search_term_string}"},"query-input":"required name=search_term_string"}],"inLanguage":"en-US"},{"@type":"Organization","@id":"https:\/\/www.silknuit.com\/#organization","name":"Silk Nuit","url":"https:\/\/www.silknuit.com\/","logo":{"@type":"ImageObject","inLanguage":"en-US","@id":"https:\/\/www.silknuit.com\/#\/schema\/logo\/image\/","url":"https:\/\/www.silknuit.com\/wp-content\/uploads\/2018\/12\/cropped-logo-silk-nuit.jpg","contentUrl":"https:\/\/www.silknuit.com\/wp-content\/uploads\/2018\/12\/cropped-logo-silk-nuit.jpg","width":512,"height":512,"caption":"Silk Nuit"},"image":{"@id":"https:\/\/www.silknuit.com\/#\/schema\/logo\/image\/"},"sameAs":["https:\/\/www.instagram.com\/silknuit\/"]}]}},"_links":{"self":[{"href":"https:\/\/www.silknuit.com\/en\/wp-json\/wp\/v2\/product\/16630","targetHints":{"allow":["GET"]}}],"collection":[{"href":"https:\/\/www.silknuit.com\/en\/wp-json\/wp\/v2\/product"}],"about":[{"href":"https:\/\/www.silknuit.com\/en\/wp-json\/wp\/v2\/types\/product"}],"wp:featuredmedia":[{"embeddable":true,"href":"https:\/\/www.silknuit.com\/en\/wp-json\/wp\/v2\/media\/16762"}],"wp:attachment":[{"href":"https:\/\/www.silknuit.com\/en\/wp-json\/wp\/v2\/media?parent=16630"}],"wp:term":[{"taxonomy":"product_brand","embeddable":true,"href":"https:\/\/www.silknuit.com\/en\/wp-json\/wp\/v2\/product_brand?post=16630"},{"taxonomy":"product_cat","embeddable":true,"href":"https:\/\/www.silknuit.com\/en\/wp-json\/wp\/v2\/product_cat?post=16630"},{"taxonomy":"product_tag","embeddable":true,"href":"https:\/\/www.silknuit.com\/en\/wp-json\/wp\/v2\/product_tag?post=16630"}],"curies":[{"name":"wp","href":"https:\/\/api.w.org\/{rel}","templated":true}]}}