{"id":16643,"date":"2025-12-04T12:38:52","date_gmt":"2025-12-04T12:38:52","guid":{"rendered":"https:\/\/www.silknuit.com\/?post_type=product&#038;p=16643"},"modified":"2026-02-05T16:38:43","modified_gmt":"2026-02-05T16:38:43","slug":"odorizant-palo-santo","status":"publish","type":"product","link":"https:\/\/www.silknuit.com\/en\/product\/odorizant-palo-santo\/","title":{"rendered":"Odorizant Palo Santo"},"content":{"rendered":"<p>Odorizantele Silk Nuit sunt fabricate manual din cear\u0103 de soia 100%, o cear\u0103 ecologic\u0103 \u0219i non-toxic\u0103. Parfumurile vegane, f\u0103r\u0103 parabeni, sunt special create pentru acest tip de cear\u0103 \u0219i respect\u0103 toate standardele IFRA. Deoarece sunt turnate manual, pot prezenta mici imperfec\u021biuni.<\/p>\n<p>Mirosurile sunt profunde, armonioase \u0219i persistente \u2014 perfecte pentru seri lini\u0219tite, medita\u021bie, relaxare sau pur \u0219i simplu pentru a transforma orice spa\u021biu \u00eentr-un refugiu personal.<\/p>\n<p>Produsele sunt create cu grij\u0103 \u00een Rom\u00e2nia, \u00een loturi mici, pentru a asigura calitate premium \u0219i prospe\u021bime la fiecare comand\u0103.<\/p>\n<p>Aceste odorizante sunt ideale pentru camere sau dulapuri, oferind un parfum unic \u0219i pl\u0103cut.<\/p>\n<p><strong>Instruc\u021biuni:<\/strong>\u00a0A se p\u0103stra la o temperatur\u0103 sub 22-23\u00b0C pentru a men\u021bine calitatea produsului.<\/p>\n<p><strong>Compozi\u021bie:<\/strong>\u00a0100% cear\u0103 de soia, 6% ulei parfumat.<\/p>\n<p>&nbsp;<\/p>","protected":false},"excerpt":{"rendered":"<p>Noir Silence \u2013 Palo Santo Purificare. Lini\u0219te. Resetare interioar\u0103. Noir Silence aduce \u00een cas\u0103 energia curat\u0103 a lemnului de Palo Santo \u2013 o arom\u0103 sacr\u0103, cald\u0103 \u0219i calmant\u0103. Setul este&hellip;<\/p>","protected":false},"featured_media":16766,"template":"","meta":[],"product_brand":[],"product_cat":[158,162],"product_tag":[],"class_list":{"0":"post-16643","1":"product","2":"type-product","3":"status-publish","4":"has-post-thumbnail","6":"product_cat-gifts","7":"product_cat-wellbeing","9":"first","10":"instock","11":"taxable","12":"shipping-taxable","13":"purchasable","14":"product-type-simple","15":"thumb-has-effect","16":"prod-rating-off"},"yoast_head":"<!-- This site is optimized with the Yoast SEO plugin v23.1 - https:\/\/yoast.com\/wordpress\/plugins\/seo\/ -->\n<title>Odorizant Palo Santo - Silk Nuit<\/title>\n<meta name=\"description\" content=\"Descoper\u0103 odorizantele Silk Nuit Wellbeing, create \u00een Rom\u00e2nia, cu arome premium vegane, cruelty-free \u0219i f\u0103r\u0103 parabeni. Alege Lavand\u0103, Vanilie, Peony, Black Orchid, Oud, Cuban Tobacco \u0219i multe altele. Transform\u0103-\u021bi casa \u00eentr-un spa\u021biu de relaxare.\" \/>\n<meta name=\"robots\" content=\"index, follow, max-snippet:-1, max-image-preview:large, max-video-preview:-1\" \/>\n<link rel=\"canonical\" href=\"https:\/\/www.silknuit.com\/en\/product\/odorizant-palo-santo\/\" \/>\n<meta property=\"og:locale\" content=\"en_US\" \/>\n<meta property=\"og:type\" content=\"article\" \/>\n<meta property=\"og:title\" content=\"Odorizant Palo Santo - Silk Nuit\" \/>\n<meta property=\"og:description\" content=\"Descoper\u0103 odorizantele Silk Nuit Wellbeing, create \u00een Rom\u00e2nia, cu arome premium vegane, cruelty-free \u0219i f\u0103r\u0103 parabeni. Alege Lavand\u0103, Vanilie, Peony, Black Orchid, Oud, Cuban Tobacco \u0219i multe altele. Transform\u0103-\u021bi casa \u00eentr-un spa\u021biu de relaxare.\" \/>\n<meta property=\"og:url\" content=\"https:\/\/www.silknuit.com\/en\/product\/odorizant-palo-santo\/\" \/>\n<meta property=\"og:site_name\" content=\"Silk Nuit\" \/>\n<meta property=\"article:modified_time\" content=\"2026-02-05T16:38:43+00:00\" \/>\n<meta property=\"og:image\" content=\"https:\/\/www.silknuit.com\/wp-content\/uploads\/2025\/12\/WhatsApp-Image-2026-02-05-at-16.15.13.jpeg\" \/>\n\t<meta property=\"og:image:width\" content=\"1600\" \/>\n\t<meta property=\"og:image:height\" content=\"1600\" \/>\n\t<meta property=\"og:image:type\" content=\"image\/jpeg\" \/>\n<meta name=\"twitter:card\" content=\"summary_large_image\" \/>\n<meta name=\"twitter:label1\" content=\"Est. reading time\" \/>\n\t<meta name=\"twitter:data1\" content=\"1 minute\" \/>\n<script type=\"application\/ld+json\" class=\"yoast-schema-graph\">{\"@context\":\"https:\/\/schema.org\",\"@graph\":[{\"@type\":\"WebPage\",\"@id\":\"https:\/\/www.silknuit.com\/produs\/odorizant-palo-santo\/\",\"url\":\"https:\/\/www.silknuit.com\/produs\/odorizant-palo-santo\/\",\"name\":\"Odorizant Palo Santo - Silk Nuit\",\"isPartOf\":{\"@id\":\"https:\/\/www.silknuit.com\/#website\"},\"primaryImageOfPage\":{\"@id\":\"https:\/\/www.silknuit.com\/produs\/odorizant-palo-santo\/#primaryimage\"},\"image\":{\"@id\":\"https:\/\/www.silknuit.com\/produs\/odorizant-palo-santo\/#primaryimage\"},\"thumbnailUrl\":\"https:\/\/www.silknuit.com\/wp-content\/uploads\/2025\/12\/WhatsApp-Image-2026-02-05-at-16.15.13.jpeg\",\"datePublished\":\"2025-12-04T12:38:52+00:00\",\"dateModified\":\"2026-02-05T16:38:43+00:00\",\"description\":\"Descoper\u0103 odorizantele Silk Nuit Wellbeing, create \u00een Rom\u00e2nia, cu arome premium vegane, cruelty-free \u0219i f\u0103r\u0103 parabeni. Alege Lavand\u0103, Vanilie, Peony, Black Orchid, Oud, Cuban Tobacco \u0219i multe altele. Transform\u0103-\u021bi casa \u00eentr-un spa\u021biu de relaxare.\",\"breadcrumb\":{\"@id\":\"https:\/\/www.silknuit.com\/produs\/odorizant-palo-santo\/#breadcrumb\"},\"inLanguage\":\"en-US\",\"potentialAction\":[{\"@type\":\"ReadAction\",\"target\":[\"https:\/\/www.silknuit.com\/produs\/odorizant-palo-santo\/\"]}]},{\"@type\":\"ImageObject\",\"inLanguage\":\"en-US\",\"@id\":\"https:\/\/www.silknuit.com\/produs\/odorizant-palo-santo\/#primaryimage\",\"url\":\"https:\/\/www.silknuit.com\/wp-content\/uploads\/2025\/12\/WhatsApp-Image-2026-02-05-at-16.15.13.jpeg\",\"contentUrl\":\"https:\/\/www.silknuit.com\/wp-content\/uploads\/2025\/12\/WhatsApp-Image-2026-02-05-at-16.15.13.jpeg\",\"width\":1600,\"height\":1600},{\"@type\":\"BreadcrumbList\",\"@id\":\"https:\/\/www.silknuit.com\/produs\/odorizant-palo-santo\/#breadcrumb\",\"itemListElement\":[{\"@type\":\"ListItem\",\"position\":1,\"name\":\"Prima pagin\u0103\",\"item\":\"https:\/\/www.silknuit.com\/\"},{\"@type\":\"ListItem\",\"position\":2,\"name\":\"Magazin\",\"item\":\"https:\/\/www.silknuit.com\/magazin\/\"},{\"@type\":\"ListItem\",\"position\":3,\"name\":\"Odorizant Palo Santo\"}]},{\"@type\":\"WebSite\",\"@id\":\"https:\/\/www.silknuit.com\/#website\",\"url\":\"https:\/\/www.silknuit.com\/\",\"name\":\"Silk Nuit\",\"description\":\"Silk Nuit\",\"publisher\":{\"@id\":\"https:\/\/www.silknuit.com\/#organization\"},\"potentialAction\":[{\"@type\":\"SearchAction\",\"target\":{\"@type\":\"EntryPoint\",\"urlTemplate\":\"https:\/\/www.silknuit.com\/?s={search_term_string}\"},\"query-input\":\"required name=search_term_string\"}],\"inLanguage\":\"en-US\"},{\"@type\":\"Organization\",\"@id\":\"https:\/\/www.silknuit.com\/#organization\",\"name\":\"Silk Nuit\",\"url\":\"https:\/\/www.silknuit.com\/\",\"logo\":{\"@type\":\"ImageObject\",\"inLanguage\":\"en-US\",\"@id\":\"https:\/\/www.silknuit.com\/#\/schema\/logo\/image\/\",\"url\":\"https:\/\/www.silknuit.com\/wp-content\/uploads\/2018\/12\/cropped-logo-silk-nuit.jpg\",\"contentUrl\":\"https:\/\/www.silknuit.com\/wp-content\/uploads\/2018\/12\/cropped-logo-silk-nuit.jpg\",\"width\":512,\"height\":512,\"caption\":\"Silk Nuit\"},\"image\":{\"@id\":\"https:\/\/www.silknuit.com\/#\/schema\/logo\/image\/\"},\"sameAs\":[\"https:\/\/www.instagram.com\/silknuit\/\"]}]}<\/script>\n<!-- \/ Yoast SEO plugin. -->","yoast_head_json":{"title":"Odorizant Palo Santo - Silk Nuit","description":"Descoper\u0103 odorizantele Silk Nuit Wellbeing, create \u00een Rom\u00e2nia, cu arome premium vegane, cruelty-free \u0219i f\u0103r\u0103 parabeni. Alege Lavand\u0103, Vanilie, Peony, Black Orchid, Oud, Cuban Tobacco \u0219i multe altele. Transform\u0103-\u021bi casa \u00eentr-un spa\u021biu de relaxare.","robots":{"index":"index","follow":"follow","max-snippet":"max-snippet:-1","max-image-preview":"max-image-preview:large","max-video-preview":"max-video-preview:-1"},"canonical":"https:\/\/www.silknuit.com\/en\/product\/odorizant-palo-santo\/","og_locale":"en_US","og_type":"article","og_title":"Odorizant Palo Santo - Silk Nuit","og_description":"Descoper\u0103 odorizantele Silk Nuit Wellbeing, create \u00een Rom\u00e2nia, cu arome premium vegane, cruelty-free \u0219i f\u0103r\u0103 parabeni. Alege Lavand\u0103, Vanilie, Peony, Black Orchid, Oud, Cuban Tobacco \u0219i multe altele. Transform\u0103-\u021bi casa \u00eentr-un spa\u021biu de relaxare.","og_url":"https:\/\/www.silknuit.com\/en\/product\/odorizant-palo-santo\/","og_site_name":"Silk Nuit","article_modified_time":"2026-02-05T16:38:43+00:00","og_image":[{"width":1600,"height":1600,"url":"https:\/\/www.silknuit.com\/wp-content\/uploads\/2025\/12\/WhatsApp-Image-2026-02-05-at-16.15.13.jpeg","type":"image\/jpeg"}],"twitter_card":"summary_large_image","twitter_misc":{"Est. reading time":"1 minute"},"schema":{"@context":"https:\/\/schema.org","@graph":[{"@type":"WebPage","@id":"https:\/\/www.silknuit.com\/produs\/odorizant-palo-santo\/","url":"https:\/\/www.silknuit.com\/produs\/odorizant-palo-santo\/","name":"Odorizant Palo Santo - Silk Nuit","isPartOf":{"@id":"https:\/\/www.silknuit.com\/#website"},"primaryImageOfPage":{"@id":"https:\/\/www.silknuit.com\/produs\/odorizant-palo-santo\/#primaryimage"},"image":{"@id":"https:\/\/www.silknuit.com\/produs\/odorizant-palo-santo\/#primaryimage"},"thumbnailUrl":"https:\/\/www.silknuit.com\/wp-content\/uploads\/2025\/12\/WhatsApp-Image-2026-02-05-at-16.15.13.jpeg","datePublished":"2025-12-04T12:38:52+00:00","dateModified":"2026-02-05T16:38:43+00:00","description":"Descoper\u0103 odorizantele Silk Nuit Wellbeing, create \u00een Rom\u00e2nia, cu arome premium vegane, cruelty-free \u0219i f\u0103r\u0103 parabeni. Alege Lavand\u0103, Vanilie, Peony, Black Orchid, Oud, Cuban Tobacco \u0219i multe altele. Transform\u0103-\u021bi casa \u00eentr-un spa\u021biu de relaxare.","breadcrumb":{"@id":"https:\/\/www.silknuit.com\/produs\/odorizant-palo-santo\/#breadcrumb"},"inLanguage":"en-US","potentialAction":[{"@type":"ReadAction","target":["https:\/\/www.silknuit.com\/produs\/odorizant-palo-santo\/"]}]},{"@type":"ImageObject","inLanguage":"en-US","@id":"https:\/\/www.silknuit.com\/produs\/odorizant-palo-santo\/#primaryimage","url":"https:\/\/www.silknuit.com\/wp-content\/uploads\/2025\/12\/WhatsApp-Image-2026-02-05-at-16.15.13.jpeg","contentUrl":"https:\/\/www.silknuit.com\/wp-content\/uploads\/2025\/12\/WhatsApp-Image-2026-02-05-at-16.15.13.jpeg","width":1600,"height":1600},{"@type":"BreadcrumbList","@id":"https:\/\/www.silknuit.com\/produs\/odorizant-palo-santo\/#breadcrumb","itemListElement":[{"@type":"ListItem","position":1,"name":"Prima pagin\u0103","item":"https:\/\/www.silknuit.com\/"},{"@type":"ListItem","position":2,"name":"Magazin","item":"https:\/\/www.silknuit.com\/magazin\/"},{"@type":"ListItem","position":3,"name":"Odorizant Palo Santo"}]},{"@type":"WebSite","@id":"https:\/\/www.silknuit.com\/#website","url":"https:\/\/www.silknuit.com\/","name":"Silk Nuit","description":"Silk Nuit","publisher":{"@id":"https:\/\/www.silknuit.com\/#organization"},"potentialAction":[{"@type":"SearchAction","target":{"@type":"EntryPoint","urlTemplate":"https:\/\/www.silknuit.com\/?s={search_term_string}"},"query-input":"required name=search_term_string"}],"inLanguage":"en-US"},{"@type":"Organization","@id":"https:\/\/www.silknuit.com\/#organization","name":"Silk Nuit","url":"https:\/\/www.silknuit.com\/","logo":{"@type":"ImageObject","inLanguage":"en-US","@id":"https:\/\/www.silknuit.com\/#\/schema\/logo\/image\/","url":"https:\/\/www.silknuit.com\/wp-content\/uploads\/2018\/12\/cropped-logo-silk-nuit.jpg","contentUrl":"https:\/\/www.silknuit.com\/wp-content\/uploads\/2018\/12\/cropped-logo-silk-nuit.jpg","width":512,"height":512,"caption":"Silk Nuit"},"image":{"@id":"https:\/\/www.silknuit.com\/#\/schema\/logo\/image\/"},"sameAs":["https:\/\/www.instagram.com\/silknuit\/"]}]}},"jetpack_sharing_enabled":true,"_links":{"self":[{"href":"https:\/\/www.silknuit.com\/en\/wp-json\/wp\/v2\/product\/16643","targetHints":{"allow":["GET"]}}],"collection":[{"href":"https:\/\/www.silknuit.com\/en\/wp-json\/wp\/v2\/product"}],"about":[{"href":"https:\/\/www.silknuit.com\/en\/wp-json\/wp\/v2\/types\/product"}],"wp:featuredmedia":[{"embeddable":true,"href":"https:\/\/www.silknuit.com\/en\/wp-json\/wp\/v2\/media\/16766"}],"wp:attachment":[{"href":"https:\/\/www.silknuit.com\/en\/wp-json\/wp\/v2\/media?parent=16643"}],"wp:term":[{"taxonomy":"product_brand","embeddable":true,"href":"https:\/\/www.silknuit.com\/en\/wp-json\/wp\/v2\/product_brand?post=16643"},{"taxonomy":"product_cat","embeddable":true,"href":"https:\/\/www.silknuit.com\/en\/wp-json\/wp\/v2\/product_cat?post=16643"},{"taxonomy":"product_tag","embeddable":true,"href":"https:\/\/www.silknuit.com\/en\/wp-json\/wp\/v2\/product_tag?post=16643"}],"curies":[{"name":"wp","href":"https:\/\/api.w.org\/{rel}","templated":true}]}}