{"id":16650,"date":"2025-12-04T14:23:59","date_gmt":"2025-12-04T14:23:59","guid":{"rendered":"https:\/\/www.silknuit.com\/?post_type=product&#038;p=16650"},"modified":"2026-02-05T16:37:51","modified_gmt":"2026-02-05T16:37:51","slug":"lumanare-silk-nuit","status":"publish","type":"product","link":"https:\/\/www.silknuit.com\/en\/product\/lumanare-silk-nuit\/","title":{"rendered":"Lumanare Silk Nuit"},"content":{"rendered":"<p>Lumanare Silk Nuit 180 g<\/p>\n<p>100% Cear\u00e3 de Soia<\/p>\n<p>Fitil din Bumbac<\/p>\n<p>Timp ardere: 50h<\/p>\n<p>Pahar de sticl\u00e3<\/p>\n<p>Lum\u00e2n\u0103rile sunt f\u0103cute din cear\u0103 de soia 100%, cear\u0103 ecologic\u0103 si non-toxic\u0103. Pentru aceste lum\u00e2n\u0103ri folosim fitil din bumbac \u0219i parfumuri special create pentru acest tip de cear\u0103. Parfumurile pe care le folosim sunt vegane, nu con\u021bin parabeni \u0219i sunt in conformitate cu standardele IFRA.<\/p>\n<p>Lum\u00e2n\u0103rile pot prezenta mici imperfec\u021biuni deoarece sunt turnate manual.<\/p>\n<p>Lum\u00e2n\u0103rile din cear\u0103 de soia ard \u00eencet, produc mai pu\u021bin fum si \u00ee\u021bi permit s\u0103 te bucuri de parfumul lum\u00e2n\u0103rii pentru mai mult timp. Deoarece ceara de soia arde curat, mirosurile sunt mai puternice \u0219i mai pure. Ceara de soia nu elibereaz\u0103 toxine \u00een aer. Este produs\u0103 din boabe de soia, o resurs\u0103 regenerabila, ceea ce o face si ecologic\u0103.<\/p>\n<p>O lum\u00e2nare poate parfuma o \u00eenc\u0103pere de p\u00e2n\u0103 la 12-15 mp. Pentru \u00eenc\u0103peri mai mari se recomand\u0103 mai multe lum\u00e2n\u0103ri.<\/p>\n<p>Recomand\u0103m arderea lum\u00e2n\u0103rii pentru cel pu\u021bin 2 ore, astfel \u00eenc\u00e2t se evit\u0103 crearea unui tunel \u00een jurul fitilului.<\/p>","protected":false},"excerpt":{"rendered":"<p>Descoper\u0103 elegan\u021ba senzorial\u0103 Silk Nuit \u00eentr-o lum\u00e2nare care dezv\u0103luie mai multe arome, strat cu strat. Creat\u0103 pentru momentele \u00een care vrei s\u0103 sim\u021bi c\u0103 timpul \u00eencetine\u0219te, aceast\u0103 lum\u00e2nare este o&hellip;<\/p>","protected":false},"featured_media":16761,"template":"","meta":[],"product_brand":[],"product_cat":[15,158,162],"product_tag":[],"class_list":{"0":"post-16650","1":"product","2":"type-product","3":"status-publish","4":"has-post-thumbnail","6":"product_cat-uncategorized","7":"product_cat-gifts","8":"product_cat-wellbeing","10":"first","11":"instock","12":"taxable","13":"shipping-taxable","14":"purchasable","15":"product-type-variable","16":"thumb-has-effect","17":"prod-rating-off"},"yoast_head":"<!-- This site is optimized with the Yoast SEO plugin v23.1 - https:\/\/yoast.com\/wordpress\/plugins\/seo\/ -->\n<title>Lumanare Silk Nuit - Silk Nuit<\/title>\n<meta name=\"description\" content=\"Lum\u00e2narea parfumat\u0103 Silk Nuit, cu arome multiple \u0219i design minimalist negru, ofer\u0103 o ardere curat\u0103 \u0219i o atmosfer\u0103 luxoas\u0103 \u00een orice \u00eenc\u0103pere.\" \/>\n<meta name=\"robots\" content=\"index, follow, max-snippet:-1, max-image-preview:large, max-video-preview:-1\" \/>\n<link rel=\"canonical\" href=\"https:\/\/www.silknuit.com\/en\/product\/lumanare-silk-nuit\/\" \/>\n<meta property=\"og:locale\" content=\"en_US\" \/>\n<meta property=\"og:type\" content=\"article\" \/>\n<meta property=\"og:title\" content=\"Lumanare Silk Nuit - Silk Nuit\" \/>\n<meta property=\"og:description\" content=\"Lum\u00e2narea parfumat\u0103 Silk Nuit, cu arome multiple \u0219i design minimalist negru, ofer\u0103 o ardere curat\u0103 \u0219i o atmosfer\u0103 luxoas\u0103 \u00een orice \u00eenc\u0103pere.\" \/>\n<meta property=\"og:url\" content=\"https:\/\/www.silknuit.com\/en\/product\/lumanare-silk-nuit\/\" \/>\n<meta property=\"og:site_name\" content=\"Silk Nuit\" \/>\n<meta property=\"article:modified_time\" content=\"2026-02-05T16:37:51+00:00\" \/>\n<meta property=\"og:image\" content=\"https:\/\/www.silknuit.com\/wp-content\/uploads\/2025\/12\/WhatsApp-Image-2026-02-05-at-16.15.14.jpeg\" \/>\n\t<meta property=\"og:image:width\" content=\"1600\" \/>\n\t<meta property=\"og:image:height\" content=\"1600\" \/>\n\t<meta property=\"og:image:type\" content=\"image\/jpeg\" \/>\n<meta name=\"twitter:card\" content=\"summary_large_image\" \/>\n<meta name=\"twitter:label1\" content=\"Est. reading time\" \/>\n\t<meta name=\"twitter:data1\" content=\"2 minutes\" \/>\n<script type=\"application\/ld+json\" class=\"yoast-schema-graph\">{\"@context\":\"https:\/\/schema.org\",\"@graph\":[{\"@type\":\"WebPage\",\"@id\":\"https:\/\/www.silknuit.com\/produs\/lumanare-silk-nuit\/\",\"url\":\"https:\/\/www.silknuit.com\/produs\/lumanare-silk-nuit\/\",\"name\":\"Lumanare Silk Nuit - Silk Nuit\",\"isPartOf\":{\"@id\":\"https:\/\/www.silknuit.com\/#website\"},\"primaryImageOfPage\":{\"@id\":\"https:\/\/www.silknuit.com\/produs\/lumanare-silk-nuit\/#primaryimage\"},\"image\":{\"@id\":\"https:\/\/www.silknuit.com\/produs\/lumanare-silk-nuit\/#primaryimage\"},\"thumbnailUrl\":\"https:\/\/www.silknuit.com\/wp-content\/uploads\/2025\/12\/WhatsApp-Image-2026-02-05-at-16.15.14.jpeg\",\"datePublished\":\"2025-12-04T14:23:59+00:00\",\"dateModified\":\"2026-02-05T16:37:51+00:00\",\"description\":\"Lum\u00e2narea parfumat\u0103 Silk Nuit, cu arome multiple \u0219i design minimalist negru, ofer\u0103 o ardere curat\u0103 \u0219i o atmosfer\u0103 luxoas\u0103 \u00een orice \u00eenc\u0103pere.\",\"breadcrumb\":{\"@id\":\"https:\/\/www.silknuit.com\/produs\/lumanare-silk-nuit\/#breadcrumb\"},\"inLanguage\":\"en-US\",\"potentialAction\":[{\"@type\":\"ReadAction\",\"target\":[\"https:\/\/www.silknuit.com\/produs\/lumanare-silk-nuit\/\"]}]},{\"@type\":\"ImageObject\",\"inLanguage\":\"en-US\",\"@id\":\"https:\/\/www.silknuit.com\/produs\/lumanare-silk-nuit\/#primaryimage\",\"url\":\"https:\/\/www.silknuit.com\/wp-content\/uploads\/2025\/12\/WhatsApp-Image-2026-02-05-at-16.15.14.jpeg\",\"contentUrl\":\"https:\/\/www.silknuit.com\/wp-content\/uploads\/2025\/12\/WhatsApp-Image-2026-02-05-at-16.15.14.jpeg\",\"width\":1600,\"height\":1600},{\"@type\":\"BreadcrumbList\",\"@id\":\"https:\/\/www.silknuit.com\/produs\/lumanare-silk-nuit\/#breadcrumb\",\"itemListElement\":[{\"@type\":\"ListItem\",\"position\":1,\"name\":\"Prima pagin\u0103\",\"item\":\"https:\/\/www.silknuit.com\/\"},{\"@type\":\"ListItem\",\"position\":2,\"name\":\"Magazin\",\"item\":\"https:\/\/www.silknuit.com\/magazin\/\"},{\"@type\":\"ListItem\",\"position\":3,\"name\":\"Lumanare Silk Nuit\"}]},{\"@type\":\"WebSite\",\"@id\":\"https:\/\/www.silknuit.com\/#website\",\"url\":\"https:\/\/www.silknuit.com\/\",\"name\":\"Silk Nuit\",\"description\":\"Silk Nuit\",\"publisher\":{\"@id\":\"https:\/\/www.silknuit.com\/#organization\"},\"potentialAction\":[{\"@type\":\"SearchAction\",\"target\":{\"@type\":\"EntryPoint\",\"urlTemplate\":\"https:\/\/www.silknuit.com\/?s={search_term_string}\"},\"query-input\":\"required name=search_term_string\"}],\"inLanguage\":\"en-US\"},{\"@type\":\"Organization\",\"@id\":\"https:\/\/www.silknuit.com\/#organization\",\"name\":\"Silk Nuit\",\"url\":\"https:\/\/www.silknuit.com\/\",\"logo\":{\"@type\":\"ImageObject\",\"inLanguage\":\"en-US\",\"@id\":\"https:\/\/www.silknuit.com\/#\/schema\/logo\/image\/\",\"url\":\"https:\/\/www.silknuit.com\/wp-content\/uploads\/2018\/12\/cropped-logo-silk-nuit.jpg\",\"contentUrl\":\"https:\/\/www.silknuit.com\/wp-content\/uploads\/2018\/12\/cropped-logo-silk-nuit.jpg\",\"width\":512,\"height\":512,\"caption\":\"Silk Nuit\"},\"image\":{\"@id\":\"https:\/\/www.silknuit.com\/#\/schema\/logo\/image\/\"},\"sameAs\":[\"https:\/\/www.instagram.com\/silknuit\/\"]}]}<\/script>\n<!-- \/ Yoast SEO plugin. -->","yoast_head_json":{"title":"Lumanare Silk Nuit - Silk Nuit","description":"Lum\u00e2narea parfumat\u0103 Silk Nuit, cu arome multiple \u0219i design minimalist negru, ofer\u0103 o ardere curat\u0103 \u0219i o atmosfer\u0103 luxoas\u0103 \u00een orice \u00eenc\u0103pere.","robots":{"index":"index","follow":"follow","max-snippet":"max-snippet:-1","max-image-preview":"max-image-preview:large","max-video-preview":"max-video-preview:-1"},"canonical":"https:\/\/www.silknuit.com\/en\/product\/lumanare-silk-nuit\/","og_locale":"en_US","og_type":"article","og_title":"Lumanare Silk Nuit - Silk Nuit","og_description":"Lum\u00e2narea parfumat\u0103 Silk Nuit, cu arome multiple \u0219i design minimalist negru, ofer\u0103 o ardere curat\u0103 \u0219i o atmosfer\u0103 luxoas\u0103 \u00een orice \u00eenc\u0103pere.","og_url":"https:\/\/www.silknuit.com\/en\/product\/lumanare-silk-nuit\/","og_site_name":"Silk Nuit","article_modified_time":"2026-02-05T16:37:51+00:00","og_image":[{"width":1600,"height":1600,"url":"https:\/\/www.silknuit.com\/wp-content\/uploads\/2025\/12\/WhatsApp-Image-2026-02-05-at-16.15.14.jpeg","type":"image\/jpeg"}],"twitter_card":"summary_large_image","twitter_misc":{"Est. reading time":"2 minutes"},"schema":{"@context":"https:\/\/schema.org","@graph":[{"@type":"WebPage","@id":"https:\/\/www.silknuit.com\/produs\/lumanare-silk-nuit\/","url":"https:\/\/www.silknuit.com\/produs\/lumanare-silk-nuit\/","name":"Lumanare Silk Nuit - Silk Nuit","isPartOf":{"@id":"https:\/\/www.silknuit.com\/#website"},"primaryImageOfPage":{"@id":"https:\/\/www.silknuit.com\/produs\/lumanare-silk-nuit\/#primaryimage"},"image":{"@id":"https:\/\/www.silknuit.com\/produs\/lumanare-silk-nuit\/#primaryimage"},"thumbnailUrl":"https:\/\/www.silknuit.com\/wp-content\/uploads\/2025\/12\/WhatsApp-Image-2026-02-05-at-16.15.14.jpeg","datePublished":"2025-12-04T14:23:59+00:00","dateModified":"2026-02-05T16:37:51+00:00","description":"Lum\u00e2narea parfumat\u0103 Silk Nuit, cu arome multiple \u0219i design minimalist negru, ofer\u0103 o ardere curat\u0103 \u0219i o atmosfer\u0103 luxoas\u0103 \u00een orice \u00eenc\u0103pere.","breadcrumb":{"@id":"https:\/\/www.silknuit.com\/produs\/lumanare-silk-nuit\/#breadcrumb"},"inLanguage":"en-US","potentialAction":[{"@type":"ReadAction","target":["https:\/\/www.silknuit.com\/produs\/lumanare-silk-nuit\/"]}]},{"@type":"ImageObject","inLanguage":"en-US","@id":"https:\/\/www.silknuit.com\/produs\/lumanare-silk-nuit\/#primaryimage","url":"https:\/\/www.silknuit.com\/wp-content\/uploads\/2025\/12\/WhatsApp-Image-2026-02-05-at-16.15.14.jpeg","contentUrl":"https:\/\/www.silknuit.com\/wp-content\/uploads\/2025\/12\/WhatsApp-Image-2026-02-05-at-16.15.14.jpeg","width":1600,"height":1600},{"@type":"BreadcrumbList","@id":"https:\/\/www.silknuit.com\/produs\/lumanare-silk-nuit\/#breadcrumb","itemListElement":[{"@type":"ListItem","position":1,"name":"Prima pagin\u0103","item":"https:\/\/www.silknuit.com\/"},{"@type":"ListItem","position":2,"name":"Magazin","item":"https:\/\/www.silknuit.com\/magazin\/"},{"@type":"ListItem","position":3,"name":"Lumanare Silk Nuit"}]},{"@type":"WebSite","@id":"https:\/\/www.silknuit.com\/#website","url":"https:\/\/www.silknuit.com\/","name":"Silk Nuit","description":"Silk Nuit","publisher":{"@id":"https:\/\/www.silknuit.com\/#organization"},"potentialAction":[{"@type":"SearchAction","target":{"@type":"EntryPoint","urlTemplate":"https:\/\/www.silknuit.com\/?s={search_term_string}"},"query-input":"required name=search_term_string"}],"inLanguage":"en-US"},{"@type":"Organization","@id":"https:\/\/www.silknuit.com\/#organization","name":"Silk Nuit","url":"https:\/\/www.silknuit.com\/","logo":{"@type":"ImageObject","inLanguage":"en-US","@id":"https:\/\/www.silknuit.com\/#\/schema\/logo\/image\/","url":"https:\/\/www.silknuit.com\/wp-content\/uploads\/2018\/12\/cropped-logo-silk-nuit.jpg","contentUrl":"https:\/\/www.silknuit.com\/wp-content\/uploads\/2018\/12\/cropped-logo-silk-nuit.jpg","width":512,"height":512,"caption":"Silk Nuit"},"image":{"@id":"https:\/\/www.silknuit.com\/#\/schema\/logo\/image\/"},"sameAs":["https:\/\/www.instagram.com\/silknuit\/"]}]}},"jetpack_sharing_enabled":true,"_links":{"self":[{"href":"https:\/\/www.silknuit.com\/en\/wp-json\/wp\/v2\/product\/16650","targetHints":{"allow":["GET"]}}],"collection":[{"href":"https:\/\/www.silknuit.com\/en\/wp-json\/wp\/v2\/product"}],"about":[{"href":"https:\/\/www.silknuit.com\/en\/wp-json\/wp\/v2\/types\/product"}],"wp:featuredmedia":[{"embeddable":true,"href":"https:\/\/www.silknuit.com\/en\/wp-json\/wp\/v2\/media\/16761"}],"wp:attachment":[{"href":"https:\/\/www.silknuit.com\/en\/wp-json\/wp\/v2\/media?parent=16650"}],"wp:term":[{"taxonomy":"product_brand","embeddable":true,"href":"https:\/\/www.silknuit.com\/en\/wp-json\/wp\/v2\/product_brand?post=16650"},{"taxonomy":"product_cat","embeddable":true,"href":"https:\/\/www.silknuit.com\/en\/wp-json\/wp\/v2\/product_cat?post=16650"},{"taxonomy":"product_tag","embeddable":true,"href":"https:\/\/www.silknuit.com\/en\/wp-json\/wp\/v2\/product_tag?post=16650"}],"curies":[{"name":"wp","href":"https:\/\/api.w.org\/{rel}","templated":true}]}}