{"id":16660,"date":"2025-12-05T07:50:50","date_gmt":"2025-12-05T07:50:50","guid":{"rendered":"https:\/\/www.silknuit.com\/?post_type=product&#038;p=16660"},"modified":"2026-02-05T16:34:32","modified_gmt":"2026-02-05T16:34:32","slug":"diffuser-silk-nuit","status":"publish","type":"product","link":"https:\/\/www.silknuit.com\/en\/product\/diffuser-silk-nuit\/","title":{"rendered":"Diffuser Silk Nuit"},"content":{"rendered":"<p>Diffuser Silk Nuit<\/p>\n<p>Pahar de sticla<\/p>\n<p>Durata parfumare: aproximativ 8 saptamani.<\/p>\n<p>Componenta: baza eco-friendly, parfum, 7 betisoare din fibre si recipient sticla.<\/p>\n<p>Greutate neta: 120 ml.<\/p>\n<p>Greutate bruta: 350 gr.<\/p>\n<p>Diffuserul vine la pachet cu 7 be\u021bi\u0219oare din fibre. Se \u00eendep\u0103rteaz\u0103 dopul de plastic din interiorul capacului, se \u00eenfileteaz\u0103 la loc capacul dupa care se introduc be\u021bi\u0219oarele \u00een recipient.<\/p>\n<p>Acord\u0103 un timp de 48 h pentru ca be\u021bi\u0219oarele s\u0103 se \u00eembibe cu parfum. Pentru a men\u021bine intensitatea parfumului este indicat sa rotesti be\u021bi\u0219oarele la c\u00e2teva zile, deasupra chiuvetei. Se cur\u0103\u021b\u0103 bine recipientul dac\u0103 se scurge parfum pe el, deoarece poate deteriora suprafe\u021bele.<\/p>","protected":false},"excerpt":{"rendered":"<p>Transform\u0103 atmosfera casei tale cu Diffuserul parfumat Silk Nuit, creat pentru femeile care iubesc rafinamentul discret \u0219i aromele care r\u0103m\u00e2n prezente f\u0103r\u0103 a fi cople\u0219itoare. Inspirat din estetica minimalist\u0103 a&hellip;<\/p>","protected":false},"featured_media":16763,"template":"","meta":[],"product_brand":[],"product_cat":[15,158,162],"product_tag":[217,180,206,211,201,191,200,182],"class_list":{"0":"post-16660","1":"product","2":"type-product","3":"status-publish","4":"has-post-thumbnail","6":"product_cat-uncategorized","7":"product_cat-gifts","8":"product_cat-wellbeing","9":"product_tag-8-martie","10":"product_tag-aromaterapie","11":"product_tag-cadou-aromaterapie","12":"product_tag-cadou-corporate","13":"product_tag-cadou-de-lux","14":"product_tag-cadou-premium-pentru-ea","15":"product_tag-cadou-relaxare","16":"product_tag-silk-nuit-wellbeing","18":"first","19":"instock","20":"taxable","21":"shipping-taxable","22":"purchasable","23":"product-type-variable","24":"thumb-has-effect","25":"prod-rating-off"},"yoast_head":"<!-- This site is optimized with the Yoast SEO plugin v23.1 - https:\/\/yoast.com\/wordpress\/plugins\/seo\/ -->\n<title>Diffuser Silk Nuit - Silk Nuit<\/title>\n<meta name=\"description\" content=\"Diffuserul parfumat Silk Nuit, cu be\u021bi\u0219oare premium \u0219i design negru minimalist, ofer\u0103 o arom\u0103 constant\u0103 \u0219i luxoas\u0103 timp de p\u00e2n\u0103 la 12 s\u0103pt\u0103m\u00e2ni.\" \/>\n<meta name=\"robots\" content=\"index, follow, max-snippet:-1, max-image-preview:large, max-video-preview:-1\" \/>\n<link rel=\"canonical\" href=\"https:\/\/www.silknuit.com\/en\/product\/diffuser-silk-nuit\/\" \/>\n<meta property=\"og:locale\" content=\"en_US\" \/>\n<meta property=\"og:type\" content=\"article\" \/>\n<meta property=\"og:title\" content=\"Diffuser Silk Nuit - Silk Nuit\" \/>\n<meta property=\"og:description\" content=\"Diffuserul parfumat Silk Nuit, cu be\u021bi\u0219oare premium \u0219i design negru minimalist, ofer\u0103 o arom\u0103 constant\u0103 \u0219i luxoas\u0103 timp de p\u00e2n\u0103 la 12 s\u0103pt\u0103m\u00e2ni.\" \/>\n<meta property=\"og:url\" content=\"https:\/\/www.silknuit.com\/en\/product\/diffuser-silk-nuit\/\" \/>\n<meta property=\"og:site_name\" content=\"Silk Nuit\" \/>\n<meta property=\"article:modified_time\" content=\"2026-02-05T16:34:32+00:00\" \/>\n<meta property=\"og:image\" content=\"https:\/\/www.silknuit.com\/wp-content\/uploads\/2025\/12\/WhatsApp-Image-2026-02-05-at-16.19.46.jpeg\" \/>\n\t<meta property=\"og:image:width\" content=\"1600\" \/>\n\t<meta property=\"og:image:height\" content=\"1600\" \/>\n\t<meta property=\"og:image:type\" content=\"image\/jpeg\" \/>\n<meta name=\"twitter:card\" content=\"summary_large_image\" \/>\n<meta name=\"twitter:label1\" content=\"Est. reading time\" \/>\n\t<meta name=\"twitter:data1\" content=\"1 minute\" \/>\n<script type=\"application\/ld+json\" class=\"yoast-schema-graph\">{\"@context\":\"https:\/\/schema.org\",\"@graph\":[{\"@type\":\"WebPage\",\"@id\":\"https:\/\/www.silknuit.com\/produs\/diffuser-silk-nuit\/\",\"url\":\"https:\/\/www.silknuit.com\/produs\/diffuser-silk-nuit\/\",\"name\":\"Diffuser Silk Nuit - Silk Nuit\",\"isPartOf\":{\"@id\":\"https:\/\/www.silknuit.com\/#website\"},\"primaryImageOfPage\":{\"@id\":\"https:\/\/www.silknuit.com\/produs\/diffuser-silk-nuit\/#primaryimage\"},\"image\":{\"@id\":\"https:\/\/www.silknuit.com\/produs\/diffuser-silk-nuit\/#primaryimage\"},\"thumbnailUrl\":\"https:\/\/www.silknuit.com\/wp-content\/uploads\/2025\/12\/WhatsApp-Image-2026-02-05-at-16.19.46.jpeg\",\"datePublished\":\"2025-12-05T07:50:50+00:00\",\"dateModified\":\"2026-02-05T16:34:32+00:00\",\"description\":\"Diffuserul parfumat Silk Nuit, cu be\u021bi\u0219oare premium \u0219i design negru minimalist, ofer\u0103 o arom\u0103 constant\u0103 \u0219i luxoas\u0103 timp de p\u00e2n\u0103 la 12 s\u0103pt\u0103m\u00e2ni.\",\"breadcrumb\":{\"@id\":\"https:\/\/www.silknuit.com\/produs\/diffuser-silk-nuit\/#breadcrumb\"},\"inLanguage\":\"en-US\",\"potentialAction\":[{\"@type\":\"ReadAction\",\"target\":[\"https:\/\/www.silknuit.com\/produs\/diffuser-silk-nuit\/\"]}]},{\"@type\":\"ImageObject\",\"inLanguage\":\"en-US\",\"@id\":\"https:\/\/www.silknuit.com\/produs\/diffuser-silk-nuit\/#primaryimage\",\"url\":\"https:\/\/www.silknuit.com\/wp-content\/uploads\/2025\/12\/WhatsApp-Image-2026-02-05-at-16.19.46.jpeg\",\"contentUrl\":\"https:\/\/www.silknuit.com\/wp-content\/uploads\/2025\/12\/WhatsApp-Image-2026-02-05-at-16.19.46.jpeg\",\"width\":1600,\"height\":1600},{\"@type\":\"BreadcrumbList\",\"@id\":\"https:\/\/www.silknuit.com\/produs\/diffuser-silk-nuit\/#breadcrumb\",\"itemListElement\":[{\"@type\":\"ListItem\",\"position\":1,\"name\":\"Prima pagin\u0103\",\"item\":\"https:\/\/www.silknuit.com\/\"},{\"@type\":\"ListItem\",\"position\":2,\"name\":\"Magazin\",\"item\":\"https:\/\/www.silknuit.com\/magazin\/\"},{\"@type\":\"ListItem\",\"position\":3,\"name\":\"Diffuser Silk Nuit\"}]},{\"@type\":\"WebSite\",\"@id\":\"https:\/\/www.silknuit.com\/#website\",\"url\":\"https:\/\/www.silknuit.com\/\",\"name\":\"Silk Nuit\",\"description\":\"Silk Nuit\",\"publisher\":{\"@id\":\"https:\/\/www.silknuit.com\/#organization\"},\"potentialAction\":[{\"@type\":\"SearchAction\",\"target\":{\"@type\":\"EntryPoint\",\"urlTemplate\":\"https:\/\/www.silknuit.com\/?s={search_term_string}\"},\"query-input\":\"required name=search_term_string\"}],\"inLanguage\":\"en-US\"},{\"@type\":\"Organization\",\"@id\":\"https:\/\/www.silknuit.com\/#organization\",\"name\":\"Silk Nuit\",\"url\":\"https:\/\/www.silknuit.com\/\",\"logo\":{\"@type\":\"ImageObject\",\"inLanguage\":\"en-US\",\"@id\":\"https:\/\/www.silknuit.com\/#\/schema\/logo\/image\/\",\"url\":\"https:\/\/www.silknuit.com\/wp-content\/uploads\/2018\/12\/cropped-logo-silk-nuit.jpg\",\"contentUrl\":\"https:\/\/www.silknuit.com\/wp-content\/uploads\/2018\/12\/cropped-logo-silk-nuit.jpg\",\"width\":512,\"height\":512,\"caption\":\"Silk Nuit\"},\"image\":{\"@id\":\"https:\/\/www.silknuit.com\/#\/schema\/logo\/image\/\"},\"sameAs\":[\"https:\/\/www.instagram.com\/silknuit\/\"]}]}<\/script>\n<!-- \/ Yoast SEO plugin. -->","yoast_head_json":{"title":"Diffuser Silk Nuit - Silk Nuit","description":"Diffuserul parfumat Silk Nuit, cu be\u021bi\u0219oare premium \u0219i design negru minimalist, ofer\u0103 o arom\u0103 constant\u0103 \u0219i luxoas\u0103 timp de p\u00e2n\u0103 la 12 s\u0103pt\u0103m\u00e2ni.","robots":{"index":"index","follow":"follow","max-snippet":"max-snippet:-1","max-image-preview":"max-image-preview:large","max-video-preview":"max-video-preview:-1"},"canonical":"https:\/\/www.silknuit.com\/en\/product\/diffuser-silk-nuit\/","og_locale":"en_US","og_type":"article","og_title":"Diffuser Silk Nuit - Silk Nuit","og_description":"Diffuserul parfumat Silk Nuit, cu be\u021bi\u0219oare premium \u0219i design negru minimalist, ofer\u0103 o arom\u0103 constant\u0103 \u0219i luxoas\u0103 timp de p\u00e2n\u0103 la 12 s\u0103pt\u0103m\u00e2ni.","og_url":"https:\/\/www.silknuit.com\/en\/product\/diffuser-silk-nuit\/","og_site_name":"Silk Nuit","article_modified_time":"2026-02-05T16:34:32+00:00","og_image":[{"width":1600,"height":1600,"url":"https:\/\/www.silknuit.com\/wp-content\/uploads\/2025\/12\/WhatsApp-Image-2026-02-05-at-16.19.46.jpeg","type":"image\/jpeg"}],"twitter_card":"summary_large_image","twitter_misc":{"Est. reading time":"1 minute"},"schema":{"@context":"https:\/\/schema.org","@graph":[{"@type":"WebPage","@id":"https:\/\/www.silknuit.com\/produs\/diffuser-silk-nuit\/","url":"https:\/\/www.silknuit.com\/produs\/diffuser-silk-nuit\/","name":"Diffuser Silk Nuit - Silk Nuit","isPartOf":{"@id":"https:\/\/www.silknuit.com\/#website"},"primaryImageOfPage":{"@id":"https:\/\/www.silknuit.com\/produs\/diffuser-silk-nuit\/#primaryimage"},"image":{"@id":"https:\/\/www.silknuit.com\/produs\/diffuser-silk-nuit\/#primaryimage"},"thumbnailUrl":"https:\/\/www.silknuit.com\/wp-content\/uploads\/2025\/12\/WhatsApp-Image-2026-02-05-at-16.19.46.jpeg","datePublished":"2025-12-05T07:50:50+00:00","dateModified":"2026-02-05T16:34:32+00:00","description":"Diffuserul parfumat Silk Nuit, cu be\u021bi\u0219oare premium \u0219i design negru minimalist, ofer\u0103 o arom\u0103 constant\u0103 \u0219i luxoas\u0103 timp de p\u00e2n\u0103 la 12 s\u0103pt\u0103m\u00e2ni.","breadcrumb":{"@id":"https:\/\/www.silknuit.com\/produs\/diffuser-silk-nuit\/#breadcrumb"},"inLanguage":"en-US","potentialAction":[{"@type":"ReadAction","target":["https:\/\/www.silknuit.com\/produs\/diffuser-silk-nuit\/"]}]},{"@type":"ImageObject","inLanguage":"en-US","@id":"https:\/\/www.silknuit.com\/produs\/diffuser-silk-nuit\/#primaryimage","url":"https:\/\/www.silknuit.com\/wp-content\/uploads\/2025\/12\/WhatsApp-Image-2026-02-05-at-16.19.46.jpeg","contentUrl":"https:\/\/www.silknuit.com\/wp-content\/uploads\/2025\/12\/WhatsApp-Image-2026-02-05-at-16.19.46.jpeg","width":1600,"height":1600},{"@type":"BreadcrumbList","@id":"https:\/\/www.silknuit.com\/produs\/diffuser-silk-nuit\/#breadcrumb","itemListElement":[{"@type":"ListItem","position":1,"name":"Prima pagin\u0103","item":"https:\/\/www.silknuit.com\/"},{"@type":"ListItem","position":2,"name":"Magazin","item":"https:\/\/www.silknuit.com\/magazin\/"},{"@type":"ListItem","position":3,"name":"Diffuser Silk Nuit"}]},{"@type":"WebSite","@id":"https:\/\/www.silknuit.com\/#website","url":"https:\/\/www.silknuit.com\/","name":"Silk Nuit","description":"Silk Nuit","publisher":{"@id":"https:\/\/www.silknuit.com\/#organization"},"potentialAction":[{"@type":"SearchAction","target":{"@type":"EntryPoint","urlTemplate":"https:\/\/www.silknuit.com\/?s={search_term_string}"},"query-input":"required name=search_term_string"}],"inLanguage":"en-US"},{"@type":"Organization","@id":"https:\/\/www.silknuit.com\/#organization","name":"Silk Nuit","url":"https:\/\/www.silknuit.com\/","logo":{"@type":"ImageObject","inLanguage":"en-US","@id":"https:\/\/www.silknuit.com\/#\/schema\/logo\/image\/","url":"https:\/\/www.silknuit.com\/wp-content\/uploads\/2018\/12\/cropped-logo-silk-nuit.jpg","contentUrl":"https:\/\/www.silknuit.com\/wp-content\/uploads\/2018\/12\/cropped-logo-silk-nuit.jpg","width":512,"height":512,"caption":"Silk Nuit"},"image":{"@id":"https:\/\/www.silknuit.com\/#\/schema\/logo\/image\/"},"sameAs":["https:\/\/www.instagram.com\/silknuit\/"]}]}},"jetpack_sharing_enabled":true,"_links":{"self":[{"href":"https:\/\/www.silknuit.com\/en\/wp-json\/wp\/v2\/product\/16660","targetHints":{"allow":["GET"]}}],"collection":[{"href":"https:\/\/www.silknuit.com\/en\/wp-json\/wp\/v2\/product"}],"about":[{"href":"https:\/\/www.silknuit.com\/en\/wp-json\/wp\/v2\/types\/product"}],"wp:featuredmedia":[{"embeddable":true,"href":"https:\/\/www.silknuit.com\/en\/wp-json\/wp\/v2\/media\/16763"}],"wp:attachment":[{"href":"https:\/\/www.silknuit.com\/en\/wp-json\/wp\/v2\/media?parent=16660"}],"wp:term":[{"taxonomy":"product_brand","embeddable":true,"href":"https:\/\/www.silknuit.com\/en\/wp-json\/wp\/v2\/product_brand?post=16660"},{"taxonomy":"product_cat","embeddable":true,"href":"https:\/\/www.silknuit.com\/en\/wp-json\/wp\/v2\/product_cat?post=16660"},{"taxonomy":"product_tag","embeddable":true,"href":"https:\/\/www.silknuit.com\/en\/wp-json\/wp\/v2\/product_tag?post=16660"}],"curies":[{"name":"wp","href":"https:\/\/api.w.org\/{rel}","templated":true}]}}