{"id":16747,"date":"2026-02-04T18:58:08","date_gmt":"2026-02-04T18:58:08","guid":{"rendered":"https:\/\/www.silknuit.com\/?post_type=product&#038;p=16747"},"modified":"2026-02-10T20:18:19","modified_gmt":"2026-02-10T20:18:19","slug":"pijama-lunga-flower-blossom","status":"publish","type":"product","link":"https:\/\/www.silknuit.com\/en\/product\/pijama-lunga-flower-blossom\/","title":{"rendered":"Pijama lunga Flower Blossom"},"content":{"rendered":"<p>Compozi\u021bie: 100% Vascoza<br \/>\n\u00cengrijire vascoza:<br \/>\n\u2013 Sp\u0103lare la ma\u0219in\u0103, max. 30C, cu culori similare ,program delicate<br \/>\n\u2013 Detergent delicat, f\u0103r\u0103 \u00een\u0103lbitori<br \/>\n\u2013 Evita\u021bi stoarcerea<br \/>\n\u2013 Uscare natural\u0103, ferit\u0103 de soare direct<br \/>\n\u2013 C\u0103lcare pe dos, la temperatur\u0103 medie<\/p>\n<p>&nbsp;<\/p>","protected":false},"excerpt":{"rendered":"<p>Pijama lung\u0103 Flower Blossom, realizat\u0103 din 100% v\u00e2scoz\u0103, este compus\u0103 din pantaloni lungi \u0219i bluz\u0103 cu buzunare. Are o croial\u0103 lejer\u0103, cu c\u0103dere u\u0219oar\u0103, iar materialul delicat \u0219i pl\u0103cut la&hellip;<\/p>","protected":false},"featured_media":16776,"template":"","meta":[],"product_brand":[],"product_cat":[101],"product_tag":[217,191,200,203,192,210],"class_list":{"0":"post-16747","1":"product","2":"type-product","3":"status-publish","4":"has-post-thumbnail","6":"product_cat-sleepwear","7":"product_tag-8-martie","8":"product_tag-cadou-premium-pentru-ea","9":"product_tag-cadou-relaxare","10":"product_tag-pijama-cadou","11":"product_tag-pijama-lunga-femei","12":"product_tag-pijama-vascoza","14":"first","15":"instock","16":"taxable","17":"shipping-taxable","18":"purchasable","19":"product-type-variable","20":"has-default-attributes","21":"thumb-has-effect","22":"prod-rating-off"},"yoast_head":"<!-- This site is optimized with the Yoast SEO plugin v23.1 - https:\/\/yoast.com\/wordpress\/plugins\/seo\/ -->\n<title>Pijama lunga Flower Blossom - Silk Nuit<\/title>\n<meta name=\"description\" content=\"Pijamaua lunga Flower Blossom un cadou superb de 8 Martie\" \/>\n<meta name=\"robots\" content=\"index, follow, max-snippet:-1, max-image-preview:large, max-video-preview:-1\" \/>\n<link rel=\"canonical\" href=\"https:\/\/www.silknuit.com\/en\/product\/pijama-lunga-flower-blossom\/\" \/>\n<meta property=\"og:locale\" content=\"en_US\" \/>\n<meta property=\"og:type\" content=\"article\" \/>\n<meta property=\"og:title\" content=\"Pijama lunga Flower Blossom - Silk Nuit\" \/>\n<meta property=\"og:description\" content=\"Pijamaua lunga Flower Blossom un cadou superb de 8 Martie\" \/>\n<meta property=\"og:url\" content=\"https:\/\/www.silknuit.com\/en\/product\/pijama-lunga-flower-blossom\/\" \/>\n<meta property=\"og:site_name\" content=\"Silk Nuit\" \/>\n<meta property=\"article:modified_time\" content=\"2026-02-10T20:18:19+00:00\" \/>\n<meta property=\"og:image\" content=\"https:\/\/www.silknuit.com\/wp-content\/uploads\/2026\/02\/prima-copy-scaled.jpg\" \/>\n\t<meta property=\"og:image:width\" content=\"2560\" \/>\n\t<meta property=\"og:image:height\" content=\"2560\" \/>\n\t<meta property=\"og:image:type\" content=\"image\/jpeg\" \/>\n<meta name=\"twitter:card\" content=\"summary_large_image\" \/>\n<meta name=\"twitter:label1\" content=\"Est. reading time\" \/>\n\t<meta name=\"twitter:data1\" content=\"1 minute\" \/>\n<script type=\"application\/ld+json\" class=\"yoast-schema-graph\">{\"@context\":\"https:\/\/schema.org\",\"@graph\":[{\"@type\":\"WebPage\",\"@id\":\"https:\/\/www.silknuit.com\/produs\/pijama-lunga-flower-blossom\/\",\"url\":\"https:\/\/www.silknuit.com\/produs\/pijama-lunga-flower-blossom\/\",\"name\":\"Pijama lunga Flower Blossom - Silk Nuit\",\"isPartOf\":{\"@id\":\"https:\/\/www.silknuit.com\/#website\"},\"primaryImageOfPage\":{\"@id\":\"https:\/\/www.silknuit.com\/produs\/pijama-lunga-flower-blossom\/#primaryimage\"},\"image\":{\"@id\":\"https:\/\/www.silknuit.com\/produs\/pijama-lunga-flower-blossom\/#primaryimage\"},\"thumbnailUrl\":\"https:\/\/www.silknuit.com\/wp-content\/uploads\/2026\/02\/prima-copy-scaled.jpg\",\"datePublished\":\"2026-02-04T18:58:08+00:00\",\"dateModified\":\"2026-02-10T20:18:19+00:00\",\"description\":\"Pijamaua lunga Flower Blossom un cadou superb de 8 Martie\",\"breadcrumb\":{\"@id\":\"https:\/\/www.silknuit.com\/produs\/pijama-lunga-flower-blossom\/#breadcrumb\"},\"inLanguage\":\"en-US\",\"potentialAction\":[{\"@type\":\"ReadAction\",\"target\":[\"https:\/\/www.silknuit.com\/produs\/pijama-lunga-flower-blossom\/\"]}]},{\"@type\":\"ImageObject\",\"inLanguage\":\"en-US\",\"@id\":\"https:\/\/www.silknuit.com\/produs\/pijama-lunga-flower-blossom\/#primaryimage\",\"url\":\"https:\/\/www.silknuit.com\/wp-content\/uploads\/2026\/02\/prima-copy-scaled.jpg\",\"contentUrl\":\"https:\/\/www.silknuit.com\/wp-content\/uploads\/2026\/02\/prima-copy-scaled.jpg\",\"width\":2560,\"height\":2560},{\"@type\":\"BreadcrumbList\",\"@id\":\"https:\/\/www.silknuit.com\/produs\/pijama-lunga-flower-blossom\/#breadcrumb\",\"itemListElement\":[{\"@type\":\"ListItem\",\"position\":1,\"name\":\"Prima pagin\u0103\",\"item\":\"https:\/\/www.silknuit.com\/\"},{\"@type\":\"ListItem\",\"position\":2,\"name\":\"Magazin\",\"item\":\"https:\/\/www.silknuit.com\/magazin\/\"},{\"@type\":\"ListItem\",\"position\":3,\"name\":\"Pijama lunga Flower Blossom\"}]},{\"@type\":\"WebSite\",\"@id\":\"https:\/\/www.silknuit.com\/#website\",\"url\":\"https:\/\/www.silknuit.com\/\",\"name\":\"Silk Nuit\",\"description\":\"Silk Nuit\",\"publisher\":{\"@id\":\"https:\/\/www.silknuit.com\/#organization\"},\"potentialAction\":[{\"@type\":\"SearchAction\",\"target\":{\"@type\":\"EntryPoint\",\"urlTemplate\":\"https:\/\/www.silknuit.com\/?s={search_term_string}\"},\"query-input\":\"required name=search_term_string\"}],\"inLanguage\":\"en-US\"},{\"@type\":\"Organization\",\"@id\":\"https:\/\/www.silknuit.com\/#organization\",\"name\":\"Silk Nuit\",\"url\":\"https:\/\/www.silknuit.com\/\",\"logo\":{\"@type\":\"ImageObject\",\"inLanguage\":\"en-US\",\"@id\":\"https:\/\/www.silknuit.com\/#\/schema\/logo\/image\/\",\"url\":\"https:\/\/www.silknuit.com\/wp-content\/uploads\/2018\/12\/cropped-logo-silk-nuit.jpg\",\"contentUrl\":\"https:\/\/www.silknuit.com\/wp-content\/uploads\/2018\/12\/cropped-logo-silk-nuit.jpg\",\"width\":512,\"height\":512,\"caption\":\"Silk Nuit\"},\"image\":{\"@id\":\"https:\/\/www.silknuit.com\/#\/schema\/logo\/image\/\"},\"sameAs\":[\"https:\/\/www.instagram.com\/silknuit\/\"]}]}<\/script>\n<!-- \/ Yoast SEO plugin. -->","yoast_head_json":{"title":"Pijama lunga Flower Blossom - Silk Nuit","description":"Pijamaua lunga Flower Blossom un cadou superb de 8 Martie","robots":{"index":"index","follow":"follow","max-snippet":"max-snippet:-1","max-image-preview":"max-image-preview:large","max-video-preview":"max-video-preview:-1"},"canonical":"https:\/\/www.silknuit.com\/en\/product\/pijama-lunga-flower-blossom\/","og_locale":"en_US","og_type":"article","og_title":"Pijama lunga Flower Blossom - Silk Nuit","og_description":"Pijamaua lunga Flower Blossom un cadou superb de 8 Martie","og_url":"https:\/\/www.silknuit.com\/en\/product\/pijama-lunga-flower-blossom\/","og_site_name":"Silk Nuit","article_modified_time":"2026-02-10T20:18:19+00:00","og_image":[{"url":"https:\/\/www.silknuit.com\/wp-content\/uploads\/2026\/02\/prima-copy-scaled.jpg","width":2560,"height":2560,"type":"image\/jpeg"}],"twitter_card":"summary_large_image","twitter_misc":{"Est. reading time":"1 minute"},"schema":{"@context":"https:\/\/schema.org","@graph":[{"@type":"WebPage","@id":"https:\/\/www.silknuit.com\/produs\/pijama-lunga-flower-blossom\/","url":"https:\/\/www.silknuit.com\/produs\/pijama-lunga-flower-blossom\/","name":"Pijama lunga Flower Blossom - Silk Nuit","isPartOf":{"@id":"https:\/\/www.silknuit.com\/#website"},"primaryImageOfPage":{"@id":"https:\/\/www.silknuit.com\/produs\/pijama-lunga-flower-blossom\/#primaryimage"},"image":{"@id":"https:\/\/www.silknuit.com\/produs\/pijama-lunga-flower-blossom\/#primaryimage"},"thumbnailUrl":"https:\/\/www.silknuit.com\/wp-content\/uploads\/2026\/02\/prima-copy-scaled.jpg","datePublished":"2026-02-04T18:58:08+00:00","dateModified":"2026-02-10T20:18:19+00:00","description":"Pijamaua lunga Flower Blossom un cadou superb de 8 Martie","breadcrumb":{"@id":"https:\/\/www.silknuit.com\/produs\/pijama-lunga-flower-blossom\/#breadcrumb"},"inLanguage":"en-US","potentialAction":[{"@type":"ReadAction","target":["https:\/\/www.silknuit.com\/produs\/pijama-lunga-flower-blossom\/"]}]},{"@type":"ImageObject","inLanguage":"en-US","@id":"https:\/\/www.silknuit.com\/produs\/pijama-lunga-flower-blossom\/#primaryimage","url":"https:\/\/www.silknuit.com\/wp-content\/uploads\/2026\/02\/prima-copy-scaled.jpg","contentUrl":"https:\/\/www.silknuit.com\/wp-content\/uploads\/2026\/02\/prima-copy-scaled.jpg","width":2560,"height":2560},{"@type":"BreadcrumbList","@id":"https:\/\/www.silknuit.com\/produs\/pijama-lunga-flower-blossom\/#breadcrumb","itemListElement":[{"@type":"ListItem","position":1,"name":"Prima pagin\u0103","item":"https:\/\/www.silknuit.com\/"},{"@type":"ListItem","position":2,"name":"Magazin","item":"https:\/\/www.silknuit.com\/magazin\/"},{"@type":"ListItem","position":3,"name":"Pijama lunga Flower Blossom"}]},{"@type":"WebSite","@id":"https:\/\/www.silknuit.com\/#website","url":"https:\/\/www.silknuit.com\/","name":"Silk Nuit","description":"Silk Nuit","publisher":{"@id":"https:\/\/www.silknuit.com\/#organization"},"potentialAction":[{"@type":"SearchAction","target":{"@type":"EntryPoint","urlTemplate":"https:\/\/www.silknuit.com\/?s={search_term_string}"},"query-input":"required name=search_term_string"}],"inLanguage":"en-US"},{"@type":"Organization","@id":"https:\/\/www.silknuit.com\/#organization","name":"Silk Nuit","url":"https:\/\/www.silknuit.com\/","logo":{"@type":"ImageObject","inLanguage":"en-US","@id":"https:\/\/www.silknuit.com\/#\/schema\/logo\/image\/","url":"https:\/\/www.silknuit.com\/wp-content\/uploads\/2018\/12\/cropped-logo-silk-nuit.jpg","contentUrl":"https:\/\/www.silknuit.com\/wp-content\/uploads\/2018\/12\/cropped-logo-silk-nuit.jpg","width":512,"height":512,"caption":"Silk Nuit"},"image":{"@id":"https:\/\/www.silknuit.com\/#\/schema\/logo\/image\/"},"sameAs":["https:\/\/www.instagram.com\/silknuit\/"]}]}},"jetpack_sharing_enabled":true,"_links":{"self":[{"href":"https:\/\/www.silknuit.com\/en\/wp-json\/wp\/v2\/product\/16747","targetHints":{"allow":["GET"]}}],"collection":[{"href":"https:\/\/www.silknuit.com\/en\/wp-json\/wp\/v2\/product"}],"about":[{"href":"https:\/\/www.silknuit.com\/en\/wp-json\/wp\/v2\/types\/product"}],"wp:featuredmedia":[{"embeddable":true,"href":"https:\/\/www.silknuit.com\/en\/wp-json\/wp\/v2\/media\/16776"}],"wp:attachment":[{"href":"https:\/\/www.silknuit.com\/en\/wp-json\/wp\/v2\/media?parent=16747"}],"wp:term":[{"taxonomy":"product_brand","embeddable":true,"href":"https:\/\/www.silknuit.com\/en\/wp-json\/wp\/v2\/product_brand?post=16747"},{"taxonomy":"product_cat","embeddable":true,"href":"https:\/\/www.silknuit.com\/en\/wp-json\/wp\/v2\/product_cat?post=16747"},{"taxonomy":"product_tag","embeddable":true,"href":"https:\/\/www.silknuit.com\/en\/wp-json\/wp\/v2\/product_tag?post=16747"}],"curies":[{"name":"wp","href":"https:\/\/api.w.org\/{rel}","templated":true}]}}