{"id":16806,"date":"2026-04-22T09:05:54","date_gmt":"2026-04-22T09:05:54","guid":{"rendered":"https:\/\/www.silknuit.com\/?post_type=product&#038;p=16806"},"modified":"2026-04-22T09:08:43","modified_gmt":"2026-04-22T09:08:43","slug":"rochie-etoile-noire","status":"publish","type":"product","link":"https:\/\/www.silknuit.com\/en\/product\/rochie-etoile-noire\/","title":{"rendered":"Rochie \u00c9toile Noire"},"content":{"rendered":"<p data-start=\"1604\" data-end=\"1619\"><strong data-start=\"1604\" data-end=\"1619\">Compozi\u021bie:<\/strong><\/p>\n<ul data-start=\"1620\" data-end=\"1768\">\n<li data-start=\"1620\" data-end=\"1651\">100% m\u0103tase natural\u0103 satinat\u0103<\/li>\n<li data-start=\"1652\" data-end=\"1705\">partea superioar\u0103: 100% organza din m\u0103tase natural\u0103<\/li>\n<li data-start=\"1706\" data-end=\"1768\">fund\u0103 decorativ\u0103: catifea<\/li>\n<\/ul>\n<p data-start=\"1795\" data-end=\"1821\"><strong data-start=\"1795\" data-end=\"1821\">\u00cengrijire recomandat\u0103:<\/strong><\/p>\n<ul data-start=\"1822\" data-end=\"2015\">\n<li data-start=\"1822\" data-end=\"1853\">cur\u0103\u021bare chimic\u0103 profesional\u0103<\/li>\n<\/ul>","protected":false},"excerpt":{"rendered":"<p>Rochie midi premium din 100% m\u0103tase natural\u0103 satinat\u0103, cu partea superioar\u0103 din organza din m\u0103tase natural\u0103. O pies\u0103 statement feminin\u0103, elegant\u0103 \u0219i atemporal\u0103, creat\u0103 pentru evenimente speciale \u0219i momente memorabile.&hellip;<\/p>","protected":false},"featured_media":16803,"template":"","meta":[],"product_brand":[],"product_cat":[119],"product_tag":[201,191,223,224,219,225,220],"class_list":{"0":"post-16806","1":"product","2":"type-product","3":"status-publish","4":"has-post-thumbnail","6":"product_cat-rochii","7":"product_tag-cadou-de-lux","8":"product_tag-cadou-premium-pentru-ea","9":"product_tag-little-black-dress","10":"product_tag-matase-naturala","11":"product_tag-organza-de-matase","12":"product_tag-rochie-clasica","13":"product_tag-rochie-matase-naturala","15":"first","16":"onbackorder","17":"taxable","18":"shipping-taxable","19":"purchasable","20":"product-type-variable","21":"thumb-has-effect","22":"prod-rating-off"},"yoast_head":"<!-- This site is optimized with the Yoast SEO plugin v23.1 - https:\/\/yoast.com\/wordpress\/plugins\/seo\/ -->\n<title>Rochie \u00c9toile Noire - Silk Nuit<\/title>\n<meta name=\"robots\" content=\"index, follow, max-snippet:-1, max-image-preview:large, max-video-preview:-1\" \/>\n<link rel=\"canonical\" href=\"https:\/\/www.silknuit.com\/en\/product\/rochie-etoile-noire\/\" \/>\n<meta property=\"og:locale\" content=\"en_US\" \/>\n<meta property=\"og:type\" content=\"article\" \/>\n<meta property=\"og:title\" content=\"Rochie \u00c9toile Noire - Silk Nuit\" \/>\n<meta property=\"og:description\" content=\"Rochie midi premium din 100% m\u0103tase natural\u0103 satinat\u0103, cu partea superioar\u0103 din organza din m\u0103tase natural\u0103. O pies\u0103 statement feminin\u0103, elegant\u0103 \u0219i atemporal\u0103, creat\u0103 pentru evenimente speciale \u0219i momente memorabile.&hellip;\" \/>\n<meta property=\"og:url\" content=\"https:\/\/www.silknuit.com\/en\/product\/rochie-etoile-noire\/\" \/>\n<meta property=\"og:site_name\" content=\"Silk Nuit\" \/>\n<meta property=\"article:modified_time\" content=\"2026-04-22T09:08:43+00:00\" \/>\n<meta property=\"og:image\" content=\"https:\/\/www.silknuit.com\/wp-content\/uploads\/2026\/04\/First-Models-163-scaled-1.jpg\" \/>\n\t<meta property=\"og:image:width\" content=\"1707\" \/>\n\t<meta property=\"og:image:height\" content=\"2560\" \/>\n\t<meta property=\"og:image:type\" content=\"image\/jpeg\" \/>\n<meta name=\"twitter:card\" content=\"summary_large_image\" \/>\n<meta name=\"twitter:label1\" content=\"Est. reading time\" \/>\n\t<meta name=\"twitter:data1\" content=\"1 minute\" \/>\n<script type=\"application\/ld+json\" class=\"yoast-schema-graph\">{\"@context\":\"https:\/\/schema.org\",\"@graph\":[{\"@type\":\"WebPage\",\"@id\":\"https:\/\/www.silknuit.com\/produs\/rochie-etoile-noire\/\",\"url\":\"https:\/\/www.silknuit.com\/produs\/rochie-etoile-noire\/\",\"name\":\"Rochie \u00c9toile Noire - Silk Nuit\",\"isPartOf\":{\"@id\":\"https:\/\/www.silknuit.com\/#website\"},\"primaryImageOfPage\":{\"@id\":\"https:\/\/www.silknuit.com\/produs\/rochie-etoile-noire\/#primaryimage\"},\"image\":{\"@id\":\"https:\/\/www.silknuit.com\/produs\/rochie-etoile-noire\/#primaryimage\"},\"thumbnailUrl\":\"https:\/\/www.silknuit.com\/wp-content\/uploads\/2026\/04\/First-Models-163-scaled-1.jpg\",\"datePublished\":\"2026-04-22T09:05:54+00:00\",\"dateModified\":\"2026-04-22T09:08:43+00:00\",\"breadcrumb\":{\"@id\":\"https:\/\/www.silknuit.com\/produs\/rochie-etoile-noire\/#breadcrumb\"},\"inLanguage\":\"en-US\",\"potentialAction\":[{\"@type\":\"ReadAction\",\"target\":[\"https:\/\/www.silknuit.com\/produs\/rochie-etoile-noire\/\"]}]},{\"@type\":\"ImageObject\",\"inLanguage\":\"en-US\",\"@id\":\"https:\/\/www.silknuit.com\/produs\/rochie-etoile-noire\/#primaryimage\",\"url\":\"https:\/\/www.silknuit.com\/wp-content\/uploads\/2026\/04\/First-Models-163-scaled-1.jpg\",\"contentUrl\":\"https:\/\/www.silknuit.com\/wp-content\/uploads\/2026\/04\/First-Models-163-scaled-1.jpg\",\"width\":1707,\"height\":2560},{\"@type\":\"BreadcrumbList\",\"@id\":\"https:\/\/www.silknuit.com\/produs\/rochie-etoile-noire\/#breadcrumb\",\"itemListElement\":[{\"@type\":\"ListItem\",\"position\":1,\"name\":\"Prima pagin\u0103\",\"item\":\"https:\/\/www.silknuit.com\/\"},{\"@type\":\"ListItem\",\"position\":2,\"name\":\"Magazin\",\"item\":\"https:\/\/www.silknuit.com\/magazin\/\"},{\"@type\":\"ListItem\",\"position\":3,\"name\":\"Rochie \u00c9toile Noire\"}]},{\"@type\":\"WebSite\",\"@id\":\"https:\/\/www.silknuit.com\/#website\",\"url\":\"https:\/\/www.silknuit.com\/\",\"name\":\"Silk Nuit\",\"description\":\"Silk Nuit\",\"publisher\":{\"@id\":\"https:\/\/www.silknuit.com\/#organization\"},\"potentialAction\":[{\"@type\":\"SearchAction\",\"target\":{\"@type\":\"EntryPoint\",\"urlTemplate\":\"https:\/\/www.silknuit.com\/?s={search_term_string}\"},\"query-input\":\"required name=search_term_string\"}],\"inLanguage\":\"en-US\"},{\"@type\":\"Organization\",\"@id\":\"https:\/\/www.silknuit.com\/#organization\",\"name\":\"Silk Nuit\",\"url\":\"https:\/\/www.silknuit.com\/\",\"logo\":{\"@type\":\"ImageObject\",\"inLanguage\":\"en-US\",\"@id\":\"https:\/\/www.silknuit.com\/#\/schema\/logo\/image\/\",\"url\":\"https:\/\/www.silknuit.com\/wp-content\/uploads\/2018\/12\/cropped-logo-silk-nuit.jpg\",\"contentUrl\":\"https:\/\/www.silknuit.com\/wp-content\/uploads\/2018\/12\/cropped-logo-silk-nuit.jpg\",\"width\":512,\"height\":512,\"caption\":\"Silk Nuit\"},\"image\":{\"@id\":\"https:\/\/www.silknuit.com\/#\/schema\/logo\/image\/\"},\"sameAs\":[\"https:\/\/www.instagram.com\/silknuit\/\"]}]}<\/script>\n<!-- \/ Yoast SEO plugin. -->","yoast_head_json":{"title":"Rochie \u00c9toile Noire - Silk Nuit","robots":{"index":"index","follow":"follow","max-snippet":"max-snippet:-1","max-image-preview":"max-image-preview:large","max-video-preview":"max-video-preview:-1"},"canonical":"https:\/\/www.silknuit.com\/en\/product\/rochie-etoile-noire\/","og_locale":"en_US","og_type":"article","og_title":"Rochie \u00c9toile Noire - Silk Nuit","og_description":"Rochie midi premium din 100% m\u0103tase natural\u0103 satinat\u0103, cu partea superioar\u0103 din organza din m\u0103tase natural\u0103. O pies\u0103 statement feminin\u0103, elegant\u0103 \u0219i atemporal\u0103, creat\u0103 pentru evenimente speciale \u0219i momente memorabile.&hellip;","og_url":"https:\/\/www.silknuit.com\/en\/product\/rochie-etoile-noire\/","og_site_name":"Silk Nuit","article_modified_time":"2026-04-22T09:08:43+00:00","og_image":[{"url":"https:\/\/www.silknuit.com\/wp-content\/uploads\/2026\/04\/First-Models-163-scaled-1.jpg","width":1707,"height":2560,"type":"image\/jpeg"}],"twitter_card":"summary_large_image","twitter_misc":{"Est. reading time":"1 minute"},"schema":{"@context":"https:\/\/schema.org","@graph":[{"@type":"WebPage","@id":"https:\/\/www.silknuit.com\/produs\/rochie-etoile-noire\/","url":"https:\/\/www.silknuit.com\/produs\/rochie-etoile-noire\/","name":"Rochie \u00c9toile Noire - Silk Nuit","isPartOf":{"@id":"https:\/\/www.silknuit.com\/#website"},"primaryImageOfPage":{"@id":"https:\/\/www.silknuit.com\/produs\/rochie-etoile-noire\/#primaryimage"},"image":{"@id":"https:\/\/www.silknuit.com\/produs\/rochie-etoile-noire\/#primaryimage"},"thumbnailUrl":"https:\/\/www.silknuit.com\/wp-content\/uploads\/2026\/04\/First-Models-163-scaled-1.jpg","datePublished":"2026-04-22T09:05:54+00:00","dateModified":"2026-04-22T09:08:43+00:00","breadcrumb":{"@id":"https:\/\/www.silknuit.com\/produs\/rochie-etoile-noire\/#breadcrumb"},"inLanguage":"en-US","potentialAction":[{"@type":"ReadAction","target":["https:\/\/www.silknuit.com\/produs\/rochie-etoile-noire\/"]}]},{"@type":"ImageObject","inLanguage":"en-US","@id":"https:\/\/www.silknuit.com\/produs\/rochie-etoile-noire\/#primaryimage","url":"https:\/\/www.silknuit.com\/wp-content\/uploads\/2026\/04\/First-Models-163-scaled-1.jpg","contentUrl":"https:\/\/www.silknuit.com\/wp-content\/uploads\/2026\/04\/First-Models-163-scaled-1.jpg","width":1707,"height":2560},{"@type":"BreadcrumbList","@id":"https:\/\/www.silknuit.com\/produs\/rochie-etoile-noire\/#breadcrumb","itemListElement":[{"@type":"ListItem","position":1,"name":"Prima pagin\u0103","item":"https:\/\/www.silknuit.com\/"},{"@type":"ListItem","position":2,"name":"Magazin","item":"https:\/\/www.silknuit.com\/magazin\/"},{"@type":"ListItem","position":3,"name":"Rochie \u00c9toile Noire"}]},{"@type":"WebSite","@id":"https:\/\/www.silknuit.com\/#website","url":"https:\/\/www.silknuit.com\/","name":"Silk Nuit","description":"Silk Nuit","publisher":{"@id":"https:\/\/www.silknuit.com\/#organization"},"potentialAction":[{"@type":"SearchAction","target":{"@type":"EntryPoint","urlTemplate":"https:\/\/www.silknuit.com\/?s={search_term_string}"},"query-input":"required name=search_term_string"}],"inLanguage":"en-US"},{"@type":"Organization","@id":"https:\/\/www.silknuit.com\/#organization","name":"Silk Nuit","url":"https:\/\/www.silknuit.com\/","logo":{"@type":"ImageObject","inLanguage":"en-US","@id":"https:\/\/www.silknuit.com\/#\/schema\/logo\/image\/","url":"https:\/\/www.silknuit.com\/wp-content\/uploads\/2018\/12\/cropped-logo-silk-nuit.jpg","contentUrl":"https:\/\/www.silknuit.com\/wp-content\/uploads\/2018\/12\/cropped-logo-silk-nuit.jpg","width":512,"height":512,"caption":"Silk Nuit"},"image":{"@id":"https:\/\/www.silknuit.com\/#\/schema\/logo\/image\/"},"sameAs":["https:\/\/www.instagram.com\/silknuit\/"]}]}},"_links":{"self":[{"href":"https:\/\/www.silknuit.com\/en\/wp-json\/wp\/v2\/product\/16806","targetHints":{"allow":["GET"]}}],"collection":[{"href":"https:\/\/www.silknuit.com\/en\/wp-json\/wp\/v2\/product"}],"about":[{"href":"https:\/\/www.silknuit.com\/en\/wp-json\/wp\/v2\/types\/product"}],"wp:featuredmedia":[{"embeddable":true,"href":"https:\/\/www.silknuit.com\/en\/wp-json\/wp\/v2\/media\/16803"}],"wp:attachment":[{"href":"https:\/\/www.silknuit.com\/en\/wp-json\/wp\/v2\/media?parent=16806"}],"wp:term":[{"taxonomy":"product_brand","embeddable":true,"href":"https:\/\/www.silknuit.com\/en\/wp-json\/wp\/v2\/product_brand?post=16806"},{"taxonomy":"product_cat","embeddable":true,"href":"https:\/\/www.silknuit.com\/en\/wp-json\/wp\/v2\/product_cat?post=16806"},{"taxonomy":"product_tag","embeddable":true,"href":"https:\/\/www.silknuit.com\/en\/wp-json\/wp\/v2\/product_tag?post=16806"}],"curies":[{"name":"wp","href":"https:\/\/api.w.org\/{rel}","templated":true}]}}