{"id":16811,"date":"2026-04-22T09:21:35","date_gmt":"2026-04-22T09:21:35","guid":{"rendered":"https:\/\/www.silknuit.com\/?post_type=product&#038;p=16811"},"modified":"2026-04-22T09:21:36","modified_gmt":"2026-04-22T09:21:36","slug":"cutie-cadou-silk-nuit-ritual-de-somn-wellbeing","status":"publish","type":"product","link":"https:\/\/www.silknuit.com\/en\/product\/cutie-cadou-silk-nuit-ritual-de-somn-wellbeing\/","title":{"rendered":"Cutie cadou Silk Nuit &#8211; Ritual de somn &#038; wellbeing"},"content":{"rendered":"<p>Setul include:<br \/>\n\u2022 1 masc\u0103 de ochi din 100% matase naturala<br \/>\n\u2022 1\u00a0 fa\u021b\u0103 de pern\u0103 din 100% \u00a0matase naturala cu dimensiunile : 70 cm x 70 cm<br \/>\n\u2022 1 scrunchie mediu\u00a0 din 100% matase naturala<br \/>\n\u2022 1 elastic sub\u021bire din 100%\u00a0 matase naturala<br \/>\n\u2022 1 cutie premium cadou<\/p>\n<p>\u2e3b<\/p>\n<p>Beneficiile matasii naturale<\/p>\n<p>\u2022 hipoalergenica si delicata cu pielea fetei<br \/>\n\u2022 reduce frecarea asupra parului<br \/>\n\u2022 ajuta la prevenirea electrizarii<br \/>\n\u2022 senzatie racoroasa si confortabila<br \/>\n\u2022 material premium ,respirabil<br \/>\n\u2022 ideala pentru ritualul de seara<\/p>\n<p>\u2e3b<\/p>\n<p>Mod de intretinere:<\/p>\n<p>\u2013 Sp\u0103lare manual\u0103, ap\u0103 rece (max. 30\u00b0C)<br \/>\n\u2013 Detergent delicat, f\u0103r\u0103 \u00een\u0103lbitori<br \/>\n\u2013 Nu stoarce\u021bi, nu usca\u021bi la ma\u0219in\u0103<br \/>\n\u2013 Uscare pe orizontal\u0103, ferit\u0103 de soare<br \/>\n\u2013 C\u0103lcare pe dos, la temperatur\u0103 joas\u0103, cu abur<\/p>\n<p>&nbsp;<\/p>","protected":false},"excerpt":{"rendered":"<p>Transform\u0103 fiecare sear\u0103 \u00eentr-un moment de r\u0103sf\u0103\u021b cu cutia cadou Silk Nuit, un set elegant dedicat somnului odihnitor \u0219i ritualului de wellbeing. G\u00e2ndit\u0103 ca o experien\u021b\u0103 complet\u0103, cutia include accesorii&hellip;<\/p>","protected":false},"featured_media":16816,"template":"","meta":[],"product_brand":[],"product_cat":[111,158,162],"product_tag":[226,227,228,183,186,229,230,231,232,233],"class_list":{"0":"post-16811","1":"product","2":"type-product","3":"status-publish","4":"has-post-thumbnail","6":"product_cat-accessories","7":"product_cat-gifts","8":"product_cat-wellbeing","9":"product_tag-bridal","10":"product_tag-bridesmaid-gift-box","11":"product_tag-cadouri-corporate","12":"product_tag-cadouri-pentru-ea","13":"product_tag-cutie-cadou","14":"product_tag-fata-de-perna-matase-naturala","15":"product_tag-masca-ochi-matase-naturala","16":"product_tag-ritual-de-somn","17":"product_tag-scrunchie-matase-naturala","18":"product_tag-self-care-box","20":"first","21":"instock","22":"taxable","23":"shipping-taxable","24":"purchasable","25":"product-type-variable","26":"thumb-has-effect","27":"prod-rating-off"},"yoast_head":"<!-- This site is optimized with the Yoast SEO plugin v23.1 - https:\/\/yoast.com\/wordpress\/plugins\/seo\/ -->\n<title>Cutie cadou Silk Nuit - Ritual de somn &amp; wellbeing - Silk Nuit<\/title>\n<meta name=\"robots\" content=\"index, follow, max-snippet:-1, max-image-preview:large, max-video-preview:-1\" \/>\n<link rel=\"canonical\" href=\"https:\/\/www.silknuit.com\/en\/product\/cutie-cadou-silk-nuit-ritual-de-somn-wellbeing\/\" \/>\n<meta property=\"og:locale\" content=\"en_US\" \/>\n<meta property=\"og:type\" content=\"article\" \/>\n<meta property=\"og:title\" content=\"Cutie cadou Silk Nuit - Ritual de somn &amp; wellbeing - Silk Nuit\" \/>\n<meta property=\"og:description\" content=\"Transform\u0103 fiecare sear\u0103 \u00eentr-un moment de r\u0103sf\u0103\u021b cu cutia cadou Silk Nuit, un set elegant dedicat somnului odihnitor \u0219i ritualului de wellbeing. G\u00e2ndit\u0103 ca o experien\u021b\u0103 complet\u0103, cutia include accesorii&hellip;\" \/>\n<meta property=\"og:url\" content=\"https:\/\/www.silknuit.com\/en\/product\/cutie-cadou-silk-nuit-ritual-de-somn-wellbeing\/\" \/>\n<meta property=\"og:site_name\" content=\"Silk Nuit\" \/>\n<meta property=\"article:modified_time\" content=\"2026-04-22T09:21:36+00:00\" \/>\n<meta property=\"og:image\" content=\"https:\/\/www.silknuit.com\/wp-content\/uploads\/2026\/04\/BEIGE-final-1-scaled-1.jpg\" \/>\n\t<meta property=\"og:image:width\" content=\"2560\" \/>\n\t<meta property=\"og:image:height\" content=\"2560\" \/>\n\t<meta property=\"og:image:type\" content=\"image\/jpeg\" \/>\n<meta name=\"twitter:card\" content=\"summary_large_image\" \/>\n<meta name=\"twitter:label1\" content=\"Est. reading time\" \/>\n\t<meta name=\"twitter:data1\" content=\"1 minute\" \/>\n<script type=\"application\/ld+json\" class=\"yoast-schema-graph\">{\"@context\":\"https:\/\/schema.org\",\"@graph\":[{\"@type\":\"WebPage\",\"@id\":\"https:\/\/www.silknuit.com\/produs\/cutie-cadou-silk-nuit-ritual-de-somn-wellbeing\/\",\"url\":\"https:\/\/www.silknuit.com\/produs\/cutie-cadou-silk-nuit-ritual-de-somn-wellbeing\/\",\"name\":\"Cutie cadou Silk Nuit - Ritual de somn & wellbeing - Silk Nuit\",\"isPartOf\":{\"@id\":\"https:\/\/www.silknuit.com\/#website\"},\"primaryImageOfPage\":{\"@id\":\"https:\/\/www.silknuit.com\/produs\/cutie-cadou-silk-nuit-ritual-de-somn-wellbeing\/#primaryimage\"},\"image\":{\"@id\":\"https:\/\/www.silknuit.com\/produs\/cutie-cadou-silk-nuit-ritual-de-somn-wellbeing\/#primaryimage\"},\"thumbnailUrl\":\"https:\/\/www.silknuit.com\/wp-content\/uploads\/2026\/04\/BEIGE-final-1-scaled-1.jpg\",\"datePublished\":\"2026-04-22T09:21:35+00:00\",\"dateModified\":\"2026-04-22T09:21:36+00:00\",\"breadcrumb\":{\"@id\":\"https:\/\/www.silknuit.com\/produs\/cutie-cadou-silk-nuit-ritual-de-somn-wellbeing\/#breadcrumb\"},\"inLanguage\":\"en-US\",\"potentialAction\":[{\"@type\":\"ReadAction\",\"target\":[\"https:\/\/www.silknuit.com\/produs\/cutie-cadou-silk-nuit-ritual-de-somn-wellbeing\/\"]}]},{\"@type\":\"ImageObject\",\"inLanguage\":\"en-US\",\"@id\":\"https:\/\/www.silknuit.com\/produs\/cutie-cadou-silk-nuit-ritual-de-somn-wellbeing\/#primaryimage\",\"url\":\"https:\/\/www.silknuit.com\/wp-content\/uploads\/2026\/04\/BEIGE-final-1-scaled-1.jpg\",\"contentUrl\":\"https:\/\/www.silknuit.com\/wp-content\/uploads\/2026\/04\/BEIGE-final-1-scaled-1.jpg\",\"width\":2560,\"height\":2560},{\"@type\":\"BreadcrumbList\",\"@id\":\"https:\/\/www.silknuit.com\/produs\/cutie-cadou-silk-nuit-ritual-de-somn-wellbeing\/#breadcrumb\",\"itemListElement\":[{\"@type\":\"ListItem\",\"position\":1,\"name\":\"Prima pagin\u0103\",\"item\":\"https:\/\/www.silknuit.com\/\"},{\"@type\":\"ListItem\",\"position\":2,\"name\":\"Magazin\",\"item\":\"https:\/\/www.silknuit.com\/magazin\/\"},{\"@type\":\"ListItem\",\"position\":3,\"name\":\"Cutie cadou Silk Nuit &#8211; Ritual de somn &#038; wellbeing\"}]},{\"@type\":\"WebSite\",\"@id\":\"https:\/\/www.silknuit.com\/#website\",\"url\":\"https:\/\/www.silknuit.com\/\",\"name\":\"Silk Nuit\",\"description\":\"Silk Nuit\",\"publisher\":{\"@id\":\"https:\/\/www.silknuit.com\/#organization\"},\"potentialAction\":[{\"@type\":\"SearchAction\",\"target\":{\"@type\":\"EntryPoint\",\"urlTemplate\":\"https:\/\/www.silknuit.com\/?s={search_term_string}\"},\"query-input\":\"required name=search_term_string\"}],\"inLanguage\":\"en-US\"},{\"@type\":\"Organization\",\"@id\":\"https:\/\/www.silknuit.com\/#organization\",\"name\":\"Silk Nuit\",\"url\":\"https:\/\/www.silknuit.com\/\",\"logo\":{\"@type\":\"ImageObject\",\"inLanguage\":\"en-US\",\"@id\":\"https:\/\/www.silknuit.com\/#\/schema\/logo\/image\/\",\"url\":\"https:\/\/www.silknuit.com\/wp-content\/uploads\/2018\/12\/cropped-logo-silk-nuit.jpg\",\"contentUrl\":\"https:\/\/www.silknuit.com\/wp-content\/uploads\/2018\/12\/cropped-logo-silk-nuit.jpg\",\"width\":512,\"height\":512,\"caption\":\"Silk Nuit\"},\"image\":{\"@id\":\"https:\/\/www.silknuit.com\/#\/schema\/logo\/image\/\"},\"sameAs\":[\"https:\/\/www.instagram.com\/silknuit\/\"]}]}<\/script>\n<!-- \/ Yoast SEO plugin. -->","yoast_head_json":{"title":"Cutie cadou Silk Nuit - Ritual de somn & wellbeing - Silk Nuit","robots":{"index":"index","follow":"follow","max-snippet":"max-snippet:-1","max-image-preview":"max-image-preview:large","max-video-preview":"max-video-preview:-1"},"canonical":"https:\/\/www.silknuit.com\/en\/product\/cutie-cadou-silk-nuit-ritual-de-somn-wellbeing\/","og_locale":"en_US","og_type":"article","og_title":"Cutie cadou Silk Nuit - Ritual de somn & wellbeing - Silk Nuit","og_description":"Transform\u0103 fiecare sear\u0103 \u00eentr-un moment de r\u0103sf\u0103\u021b cu cutia cadou Silk Nuit, un set elegant dedicat somnului odihnitor \u0219i ritualului de wellbeing. G\u00e2ndit\u0103 ca o experien\u021b\u0103 complet\u0103, cutia include accesorii&hellip;","og_url":"https:\/\/www.silknuit.com\/en\/product\/cutie-cadou-silk-nuit-ritual-de-somn-wellbeing\/","og_site_name":"Silk Nuit","article_modified_time":"2026-04-22T09:21:36+00:00","og_image":[{"url":"https:\/\/www.silknuit.com\/wp-content\/uploads\/2026\/04\/BEIGE-final-1-scaled-1.jpg","width":2560,"height":2560,"type":"image\/jpeg"}],"twitter_card":"summary_large_image","twitter_misc":{"Est. reading time":"1 minute"},"schema":{"@context":"https:\/\/schema.org","@graph":[{"@type":"WebPage","@id":"https:\/\/www.silknuit.com\/produs\/cutie-cadou-silk-nuit-ritual-de-somn-wellbeing\/","url":"https:\/\/www.silknuit.com\/produs\/cutie-cadou-silk-nuit-ritual-de-somn-wellbeing\/","name":"Cutie cadou Silk Nuit - Ritual de somn & wellbeing - Silk Nuit","isPartOf":{"@id":"https:\/\/www.silknuit.com\/#website"},"primaryImageOfPage":{"@id":"https:\/\/www.silknuit.com\/produs\/cutie-cadou-silk-nuit-ritual-de-somn-wellbeing\/#primaryimage"},"image":{"@id":"https:\/\/www.silknuit.com\/produs\/cutie-cadou-silk-nuit-ritual-de-somn-wellbeing\/#primaryimage"},"thumbnailUrl":"https:\/\/www.silknuit.com\/wp-content\/uploads\/2026\/04\/BEIGE-final-1-scaled-1.jpg","datePublished":"2026-04-22T09:21:35+00:00","dateModified":"2026-04-22T09:21:36+00:00","breadcrumb":{"@id":"https:\/\/www.silknuit.com\/produs\/cutie-cadou-silk-nuit-ritual-de-somn-wellbeing\/#breadcrumb"},"inLanguage":"en-US","potentialAction":[{"@type":"ReadAction","target":["https:\/\/www.silknuit.com\/produs\/cutie-cadou-silk-nuit-ritual-de-somn-wellbeing\/"]}]},{"@type":"ImageObject","inLanguage":"en-US","@id":"https:\/\/www.silknuit.com\/produs\/cutie-cadou-silk-nuit-ritual-de-somn-wellbeing\/#primaryimage","url":"https:\/\/www.silknuit.com\/wp-content\/uploads\/2026\/04\/BEIGE-final-1-scaled-1.jpg","contentUrl":"https:\/\/www.silknuit.com\/wp-content\/uploads\/2026\/04\/BEIGE-final-1-scaled-1.jpg","width":2560,"height":2560},{"@type":"BreadcrumbList","@id":"https:\/\/www.silknuit.com\/produs\/cutie-cadou-silk-nuit-ritual-de-somn-wellbeing\/#breadcrumb","itemListElement":[{"@type":"ListItem","position":1,"name":"Prima pagin\u0103","item":"https:\/\/www.silknuit.com\/"},{"@type":"ListItem","position":2,"name":"Magazin","item":"https:\/\/www.silknuit.com\/magazin\/"},{"@type":"ListItem","position":3,"name":"Cutie cadou Silk Nuit &#8211; Ritual de somn &#038; wellbeing"}]},{"@type":"WebSite","@id":"https:\/\/www.silknuit.com\/#website","url":"https:\/\/www.silknuit.com\/","name":"Silk Nuit","description":"Silk Nuit","publisher":{"@id":"https:\/\/www.silknuit.com\/#organization"},"potentialAction":[{"@type":"SearchAction","target":{"@type":"EntryPoint","urlTemplate":"https:\/\/www.silknuit.com\/?s={search_term_string}"},"query-input":"required name=search_term_string"}],"inLanguage":"en-US"},{"@type":"Organization","@id":"https:\/\/www.silknuit.com\/#organization","name":"Silk Nuit","url":"https:\/\/www.silknuit.com\/","logo":{"@type":"ImageObject","inLanguage":"en-US","@id":"https:\/\/www.silknuit.com\/#\/schema\/logo\/image\/","url":"https:\/\/www.silknuit.com\/wp-content\/uploads\/2018\/12\/cropped-logo-silk-nuit.jpg","contentUrl":"https:\/\/www.silknuit.com\/wp-content\/uploads\/2018\/12\/cropped-logo-silk-nuit.jpg","width":512,"height":512,"caption":"Silk Nuit"},"image":{"@id":"https:\/\/www.silknuit.com\/#\/schema\/logo\/image\/"},"sameAs":["https:\/\/www.instagram.com\/silknuit\/"]}]}},"_links":{"self":[{"href":"https:\/\/www.silknuit.com\/en\/wp-json\/wp\/v2\/product\/16811","targetHints":{"allow":["GET"]}}],"collection":[{"href":"https:\/\/www.silknuit.com\/en\/wp-json\/wp\/v2\/product"}],"about":[{"href":"https:\/\/www.silknuit.com\/en\/wp-json\/wp\/v2\/types\/product"}],"wp:featuredmedia":[{"embeddable":true,"href":"https:\/\/www.silknuit.com\/en\/wp-json\/wp\/v2\/media\/16816"}],"wp:attachment":[{"href":"https:\/\/www.silknuit.com\/en\/wp-json\/wp\/v2\/media?parent=16811"}],"wp:term":[{"taxonomy":"product_brand","embeddable":true,"href":"https:\/\/www.silknuit.com\/en\/wp-json\/wp\/v2\/product_brand?post=16811"},{"taxonomy":"product_cat","embeddable":true,"href":"https:\/\/www.silknuit.com\/en\/wp-json\/wp\/v2\/product_cat?post=16811"},{"taxonomy":"product_tag","embeddable":true,"href":"https:\/\/www.silknuit.com\/en\/wp-json\/wp\/v2\/product_tag?post=16811"}],"curies":[{"name":"wp","href":"https:\/\/api.w.org\/{rel}","templated":true}]}}